{"id":5656429,"date":"2021-01-28T00:43:47","date_gmt":"2021-01-27T23:43:47","guid":{"rendered":"https:\/\/temax.pl\/index.php\/other-products\/"},"modified":"2021-01-28T10:08:03","modified_gmt":"2021-01-28T09:08:03","slug":"other-products","status":"publish","type":"page","link":"https:\/\/temax.pl\/index.php\/other-products\/?lang=en","title":{"rendered":"Other products"},"content":{"rendered":"[vc_row full_width=&#8221;stretch_row&#8221; use_through_lines=&#8221;1&#8243; css=&#8221;.vc_custom_1507633330521{background-color: #f5fafd !important;}&#8221;][vc_column][vc_empty_space height=&#8221;160px&#8221; el_class=&#8221;norebro-phone-space&#8221;][\/vc_column][\/vc_row][vc_row full_width=&#8221;stretch_row&#8221; use_through_lines=&#8221;1&#8243; css=&#8221;.vc_custom_1607691536708{background-color: #f5fafd !important;}&#8221; side_background_title=&#8221;\/pozosta\u0142e produkty&#8221; side_background_title_color=&#8221;#ebeff4&#8243; side_background_title_typo=&#8221;font_size~80||letter_spacing~-1||weight~600&#8243; el_class=&#8221;nor-top-layer&#8221;][vc_column el_class=&#8221;nrb-recent-projects&#8221;]<div class=\"norebro-heading-sc heading text-left\"\n\tid=\"norebro-custom-69e00d7c88518\" \n\t \n\t>\n\t\n\t\t\t<p class=\"subtitle\">\n\t\t\t\t\t<\/p>\n\t\n\t\n\t<h3 class=\"title subtitle-top\">\n\t\tOther products\t<\/h3>\n\n\t\n\t\t\n<\/div><div data-norebro-portfolio-grid=\"true\"\n\tid=\"norebro-custom-69e00d7c8a5e5\"\n\tclass=\"norebro-recent-projects-sc\"\n\t\t>\n\n\t\t\t\t\t<div class=\"portfolio-sorting text-left\" data-filter=\"portfolio\">\n\t\t\t<ul class=\"unstyled\">\n\t\t\t\t<li>\n\t\t\t\t\t<a class=\"active\" href=\"#all\" data-isotope-filter=\"*\">\n\t\t\t\t\t\t<span class=\"name\">All<\/span>\n\t\t\t\t\t\t<span class=\"num\"><\/span>\n\t\t\t\t\t<\/a>\n\t\t\t\t<\/li>\n\t\t\t\t\t\t\t\t\t<li>\n\t\t\t\t\t\t<a href=\"#pozostale\" data-isotope-filter=\".norebro-filter-project-e1416db10a1b32c4116342c808460008\">\n\t\t\t\t\t\t\t<span class=\"name\">Pozosta\u0142e<\/span>\n\t\t\t\t\t\t\t<span class=\"num\"><\/span>\n\t\t\t\t\t\t<\/a>\n\t\t\t\t\t<\/li>\n\t\t\t\t\t\t\t<\/ul>\n\t\t<\/div>\n\t\t\t\n\t\n\t<div class=\"vc_row  with-sorting\" data-isotope-grid=\"true\" data-lazy-container=\"projects\">\n\n\t\t\n\t\t\t\t<div class=\"portfolio-item-wrap masonry-block grid-item vc_col-lg-4 norebro-project-item norebro-filter-project-e1416db10a1b32c4116342c808460008\" data-lazy-item=\"\" data-lazy-scope=\"projects\"><div data-aos-once=\"true\" data-aos=\"fade-up\" data-aos-delay=\"0\">\n<div class=\"portfolio-item grid-1\" data-portfolio-popup=\"norebro-popup-69e00d7c902c6\">\n\t<a href=\"https:\/\/temax.pl\/index.php\/project\/pedzel-magnetyczny\/\">\n\t\t<div class=\"image-wrap\"\n\t\t>\n\t\t\t\t\t\t\t<img src=\"https:\/\/temax.pl\/wp-content\/uploads\/2020\/12\/pedzel-magnetyczny-768x512.jpg\" alt=\"P\u0119dzel magnetyczny\">\n\t\t\t\t\t<\/div>\n\t\t<div class=\"description overlay\">\n\t\t\t<div class=\"content-center\">\n\t\t\t\t<div class=\"wrap text-center\">\n\n\t\t\t\t\t\t\t\t\t\t\t\t\t\t\t\t\t\t\t\t\t\t\t\t\t\t\t\t\t<span class=\"category\">Pozosta\u0142e<\/span>\n\t\t\t\t\t\t\t\t\t\t\t\t\t\t\t\t\t\t\t\t\t\n\t\t\t\t\t<h4 class=\"title\">P\u0119dzel magnetyczny<\/h4>\n\t\t\t\t\t\t\t\t\t\t<div class=\"more brand-color\">\n\t\t\t\t\t\t<span class=\"ion-ios-plus-empty\"><\/span>\n\t\t\t\t\t<\/div>\n\t\t\t\t\t\t\t\t\t<\/div>\n\t\t\t<\/div>\n\t\t<\/div>\n\t<\/a>\n<\/div>\n\n<\/div>\t\t\t<div class=\"clear\"><\/div>\n\t\t<\/div>\n\t\t\t<div class=\"portfolio-item-wrap masonry-block grid-item vc_col-lg-4 norebro-project-item norebro-filter-project-e1416db10a1b32c4116342c808460008\" data-lazy-item=\"\" data-lazy-scope=\"projects\"><div data-aos-once=\"true\" data-aos=\"fade-up\" data-aos-delay=\"100\">\n<div class=\"portfolio-item grid-1\" data-portfolio-popup=\"norebro-popup-69e00d7c9346c\">\n\t<a href=\"https:\/\/temax.pl\/index.php\/project\/haczyk-poster-line\/\">\n\t\t<div class=\"image-wrap\"\n\t\t>\n\t\t\t\t\t\t\t<img src=\"https:\/\/temax.pl\/wp-content\/uploads\/2020\/12\/haczyk-poster-line-768x512.jpg\" alt=\"Haczyk poster line\">\n\t\t\t\t\t<\/div>\n\t\t<div class=\"description overlay\">\n\t\t\t<div class=\"content-center\">\n\t\t\t\t<div class=\"wrap text-center\">\n\n\t\t\t\t\t\t\t\t\t\t\t\t\t\t\t\t\t\t\t\t\t\t\t\t\t\t\t\t\t<span class=\"category\">Pozosta\u0142e<\/span>\n\t\t\t\t\t\t\t\t\t\t\t\t\t\t\t\t\t\t\t\t\t\n\t\t\t\t\t<h4 class=\"title\">Haczyk poster line<\/h4>\n\t\t\t\t\t\t\t\t\t\t<div class=\"more brand-color\">\n\t\t\t\t\t\t<span class=\"ion-ios-plus-empty\"><\/span>\n\t\t\t\t\t<\/div>\n\t\t\t\t\t\t\t\t\t<\/div>\n\t\t\t<\/div>\n\t\t<\/div>\n\t<\/a>\n<\/div>\n\n<\/div>\t\t\t<div class=\"clear\"><\/div>\n\t\t<\/div>\n\t\t<\/div>\n\n\t\n<\/div>\n[\/vc_column][\/vc_row][vc_row full_width=&#8221;stretch_row&#8221; use_through_lines=&#8221;1&#8243;][vc_column][vc_empty_space height=&#8221;250px&#8221; el_class=&#8221;norebro-phone-space&#8221;][\/vc_column][\/vc_row]\n","protected":false},"excerpt":{"rendered":"<p>[vc_row full_width=&#8221;stretch_row&#8221; use_through_lines=&#8221;1&#8243; css=&#8221;.vc_custom_1507633330521{background-color: #f5fafd !important;}&#8221;][vc_column][vc_empty_space height=&#8221;160px&#8221; el_class=&#8221;norebro-phone-space&#8221;][\/vc_column][\/vc_row][vc_row full_width=&#8221;stretch_row&#8221; use_through_lines=&#8221;1&#8243; css=&#8221;.vc_custom_1607691536708{background-color: #f5fafd !important;}&#8221; side_background_title=&#8221;\/pozosta\u0142e&#8230;<\/p>\n","protected":false},"author":1,"featured_media":0,"parent":0,"menu_order":0,"comment_status":"closed","ping_status":"closed","template":"","meta":[],"yoast_head":"<!-- This site is optimized with the Yoast SEO plugin v19.3 - https:\/\/yoast.com\/wordpress\/plugins\/seo\/ -->\n<title>Other products - Temax<\/title>\n<meta name=\"robots\" content=\"index, follow, max-snippet:-1, max-image-preview:large, max-video-preview:-1\" \/>\n<link rel=\"canonical\" href=\"https:\/\/temax.pl\/index.php\/other-products\/\" \/>\n<meta property=\"og:locale\" content=\"pl_PL\" \/>\n<meta property=\"og:type\" content=\"article\" \/>\n<meta property=\"og:title\" content=\"Other products - Temax\" \/>\n<meta property=\"og:description\" content=\"[vc_row full_width=&#8221;stretch_row&#8221; use_through_lines=&#8221;1&#8243; css=&#8221;.vc_custom_1507633330521{background-color: #f5fafd !important;}&#8221;][vc_column][vc_empty_space height=&#8221;160px&#8221; el_class=&#8221;norebro-phone-space&#8221;][\/vc_column][\/vc_row][vc_row full_width=&#8221;stretch_row&#8221; use_through_lines=&#8221;1&#8243; css=&#8221;.vc_custom_1607691536708{background-color: #f5fafd !important;}&#8221; side_background_title=&#8221;\/pozosta\u0142e...\" \/>\n<meta property=\"og:url\" content=\"https:\/\/temax.pl\/index.php\/other-products\/?lang=en\" \/>\n<meta property=\"og:site_name\" content=\"Temax\" \/>\n<meta property=\"article:modified_time\" content=\"2021-01-28T09:08:03+00:00\" \/>\n<meta name=\"twitter:card\" content=\"summary_large_image\" \/>\n<meta name=\"twitter:label1\" content=\"Szacowany czas czytania\" \/>\n\t<meta name=\"twitter:data1\" content=\"1 minuta\" \/>\n<script type=\"application\/ld+json\" class=\"yoast-schema-graph\">{\"@context\":\"https:\/\/schema.org\",\"@graph\":[{\"@type\":\"WebSite\",\"@id\":\"https:\/\/temax.pl\/#website\",\"url\":\"https:\/\/temax.pl\/\",\"name\":\"Temax\",\"description\":\"Produkujemy mi\u0119dzy innymi rury o \u015brednicach od 1 do 80 mm, listwy cenowe, listwy plakatowe, profile, cz\u0119\u015bci samochodowe, artyku\u0142y reklamowe oraz artyku\u0142y gospodarstwa domowego.\",\"potentialAction\":[{\"@type\":\"SearchAction\",\"target\":{\"@type\":\"EntryPoint\",\"urlTemplate\":\"https:\/\/temax.pl\/?s={search_term_string}\"},\"query-input\":\"required name=search_term_string\"}],\"inLanguage\":\"pl-PL\"},{\"@type\":\"WebPage\",\"@id\":\"https:\/\/temax.pl\/index.php\/other-products\/?lang=en\",\"url\":\"https:\/\/temax.pl\/index.php\/other-products\/?lang=en\",\"name\":\"Other products - Temax\",\"isPartOf\":{\"@id\":\"https:\/\/temax.pl\/#website\"},\"datePublished\":\"2021-01-27T23:43:47+00:00\",\"dateModified\":\"2021-01-28T09:08:03+00:00\",\"breadcrumb\":{\"@id\":\"https:\/\/temax.pl\/index.php\/other-products\/?lang=en#breadcrumb\"},\"inLanguage\":\"pl-PL\",\"potentialAction\":[{\"@type\":\"ReadAction\",\"target\":[\"https:\/\/temax.pl\/index.php\/other-products\/?lang=en\"]}]},{\"@type\":\"BreadcrumbList\",\"@id\":\"https:\/\/temax.pl\/index.php\/other-products\/?lang=en#breadcrumb\",\"itemListElement\":[{\"@type\":\"ListItem\",\"position\":1,\"name\":\"Strona g\u0142\u00f3wna\",\"item\":\"https:\/\/temax.pl\/\"},{\"@type\":\"ListItem\",\"position\":2,\"name\":\"Other products\"}]}]}<\/script>\n<!-- \/ Yoast SEO plugin. -->","yoast_head_json":{"title":"Other products - Temax","robots":{"index":"index","follow":"follow","max-snippet":"max-snippet:-1","max-image-preview":"max-image-preview:large","max-video-preview":"max-video-preview:-1"},"canonical":"https:\/\/temax.pl\/index.php\/other-products\/","og_locale":"pl_PL","og_type":"article","og_title":"Other products - Temax","og_description":"[vc_row full_width=&#8221;stretch_row&#8221; use_through_lines=&#8221;1&#8243; css=&#8221;.vc_custom_1507633330521{background-color: #f5fafd !important;}&#8221;][vc_column][vc_empty_space height=&#8221;160px&#8221; el_class=&#8221;norebro-phone-space&#8221;][\/vc_column][\/vc_row][vc_row full_width=&#8221;stretch_row&#8221; use_through_lines=&#8221;1&#8243; css=&#8221;.vc_custom_1607691536708{background-color: #f5fafd !important;}&#8221; side_background_title=&#8221;\/pozosta\u0142e...","og_url":"https:\/\/temax.pl\/index.php\/other-products\/?lang=en","og_site_name":"Temax","article_modified_time":"2021-01-28T09:08:03+00:00","twitter_card":"summary_large_image","twitter_misc":{"Szacowany czas czytania":"1 minuta"},"schema":{"@context":"https:\/\/schema.org","@graph":[{"@type":"WebSite","@id":"https:\/\/temax.pl\/#website","url":"https:\/\/temax.pl\/","name":"Temax","description":"Produkujemy mi\u0119dzy innymi rury o \u015brednicach od 1 do 80 mm, listwy cenowe, listwy plakatowe, profile, cz\u0119\u015bci samochodowe, artyku\u0142y reklamowe oraz artyku\u0142y gospodarstwa domowego.","potentialAction":[{"@type":"SearchAction","target":{"@type":"EntryPoint","urlTemplate":"https:\/\/temax.pl\/?s={search_term_string}"},"query-input":"required name=search_term_string"}],"inLanguage":"pl-PL"},{"@type":"WebPage","@id":"https:\/\/temax.pl\/index.php\/other-products\/?lang=en","url":"https:\/\/temax.pl\/index.php\/other-products\/?lang=en","name":"Other products - Temax","isPartOf":{"@id":"https:\/\/temax.pl\/#website"},"datePublished":"2021-01-27T23:43:47+00:00","dateModified":"2021-01-28T09:08:03+00:00","breadcrumb":{"@id":"https:\/\/temax.pl\/index.php\/other-products\/?lang=en#breadcrumb"},"inLanguage":"pl-PL","potentialAction":[{"@type":"ReadAction","target":["https:\/\/temax.pl\/index.php\/other-products\/?lang=en"]}]},{"@type":"BreadcrumbList","@id":"https:\/\/temax.pl\/index.php\/other-products\/?lang=en#breadcrumb","itemListElement":[{"@type":"ListItem","position":1,"name":"Strona g\u0142\u00f3wna","item":"https:\/\/temax.pl\/"},{"@type":"ListItem","position":2,"name":"Other products"}]}]}},"_links":{"self":[{"href":"https:\/\/temax.pl\/index.php\/wp-json\/wp\/v2\/pages\/5656429"}],"collection":[{"href":"https:\/\/temax.pl\/index.php\/wp-json\/wp\/v2\/pages"}],"about":[{"href":"https:\/\/temax.pl\/index.php\/wp-json\/wp\/v2\/types\/page"}],"author":[{"embeddable":true,"href":"https:\/\/temax.pl\/index.php\/wp-json\/wp\/v2\/users\/1"}],"replies":[{"embeddable":true,"href":"https:\/\/temax.pl\/index.php\/wp-json\/wp\/v2\/comments?post=5656429"}],"version-history":[{"count":3,"href":"https:\/\/temax.pl\/index.php\/wp-json\/wp\/v2\/pages\/5656429\/revisions"}],"predecessor-version":[{"id":5656465,"href":"https:\/\/temax.pl\/index.php\/wp-json\/wp\/v2\/pages\/5656429\/revisions\/5656465"}],"wp:attachment":[{"href":"https:\/\/temax.pl\/index.php\/wp-json\/wp\/v2\/media?parent=5656429"}],"curies":[{"name":"wp","href":"https:\/\/api.w.org\/{rel}","templated":true}]}}