{"id":5656427,"date":"2021-01-28T00:43:28","date_gmt":"2021-01-27T23:43:28","guid":{"rendered":"https:\/\/temax.pl\/index.php\/about-us\/"},"modified":"2021-01-28T10:47:29","modified_gmt":"2021-01-28T09:47:29","slug":"about-us","status":"publish","type":"page","link":"https:\/\/temax.pl\/index.php\/about-us\/?lang=en","title":{"rendered":"About Us"},"content":{"rendered":"[vc_row full_width=&#8221;stretch_row&#8221; use_through_lines=&#8221;1&#8243; css=&#8221;.vc_custom_1507300316975{background-color: #ffffff !important;}&#8221; side_background_title_typo=&#8221;weight~inherit&#8221;][vc_column][vc_empty_space height=&#8221;80px&#8221; el_class=&#8221;norebro-phone-space&#8221;][\/vc_column][\/vc_row][vc_row full_width=&#8221;stretch_row&#8221; content_placement=&#8221;middle&#8221; use_through_lines=&#8221;1&#8243; css=&#8221;.vc_custom_1507300322140{background-color: #ffffff !important;}&#8221;][vc_column width=&#8221;5\/12&#8243; css=&#8221;.vc_custom_1507531684001{padding-top: 55px !important;padding-right: 60px !important;padding-bottom: 55px !important;padding-left: 60px !important;background-color: #eaf2f9 !important;}&#8221; el_class=&#8221;creative-info nor-top-layer&#8221;]<div class=\"norebro-heading-sc heading text-left\"\n\tid=\"norebro-custom-69e00d7aa156b\" \n\t \n\t>\n\t\n\t\t\t<p class=\"subtitle\">\n\t\t\tTemax\t\t<\/p>\n\t\n\t\n\t<h3 class=\"title subtitle-top\">\n\t\tAbout Temax\t<\/h3>\n\n\t\n\t\t\n<\/div>[vc_empty_space height=&#8221;15px&#8221;][vc_column_text]<strong>TEMAX<\/strong> has been operating in in Poland since 1991. We specialise in the manufacturing of plastic products by injection and extrusion.<\/p>\n<p><strong>Our products include:<\/strong><\/p>\n<ul>\n<li>tubes 1 to 40 mm in diameter<\/li>\n<li>stick holders for balloons, flags and pinwheels<\/li>\n<li>poster hangers<\/li>\n<li>profiles made to order<\/li>\n<li>promotional equipment (cash trays, balloon holders, pinwheel kits, flag poles)<\/li>\n<li>household goods (kitchen measuring tools, dumpling maker presses)<\/li>\n<li>poster hanger hooks<\/li>\n<li>posterline hanger hooks<\/li>\n<\/ul>\n<p>We provide end-to-end service experience from design through to finished products.<\/p>\n<p>Thank you for visiting our website. The website will help you discover more about the products of TEMAX.[\/vc_column_text][vc_empty_space height=&#8221;35px&#8221;]<div class=\"norebro-button-sc btn-wrap text-left\" \n\tid=\"norebro-custom-69e00d7aa1842\"\n\t \n\t>\n\n\t<a href=\"\/contact\/?lang=en\" \n\t\tclass=\"btn  btn-outline\">\n\n\t\t\t\t\t<span class=\"icon ion-android-arrow-forward\"><\/span>\n\t\t\n\t\t<span class=\"text\">\n\t\t\tContact\t\t<\/span>\n\n\t\t\n\t\t\t<\/a>\n\n<\/div>[\/vc_column][vc_column width=&#8221;3\/12&#8243; el_class=&#8221;creative-decoration&#8221;][vc_single_image image=&#8221;5656237&#8243; img_size=&#8221;full&#8221;][\/vc_column][vc_column width=&#8221;4\/12&#8243;][vc_single_image image=&#8221;5656236&#8243; img_size=&#8221;full&#8221;][\/vc_column][\/vc_row][vc_row full_width=&#8221;stretch_row&#8221; use_through_lines=&#8221;1&#8243; css=&#8221;.vc_custom_1507300472924{background-color: #ffffff !important;}&#8221;][vc_column][vc_empty_space height=&#8221;90px&#8221; el_class=&#8221;norebro-phone-space&#8221;][\/vc_column][\/vc_row]\n","protected":false},"excerpt":{"rendered":"<p>[vc_row full_width=&#8221;stretch_row&#8221; use_through_lines=&#8221;1&#8243; css=&#8221;.vc_custom_1507300316975{background-color: #ffffff !important;}&#8221; side_background_title_typo=&#8221;weight~inherit&#8221;][vc_column][vc_empty_space height=&#8221;80px&#8221; el_class=&#8221;norebro-phone-space&#8221;][\/vc_column][\/vc_row][vc_row full_width=&#8221;stretch_row&#8221; content_placement=&#8221;middle&#8221; use_through_lines=&#8221;1&#8243; css=&#8221;.vc_custom_1507300322140{background-color: #ffffff&#8230;<\/p>\n","protected":false},"author":1,"featured_media":0,"parent":0,"menu_order":0,"comment_status":"closed","ping_status":"closed","template":"","meta":[],"yoast_head":"<!-- This site is optimized with the Yoast SEO plugin v19.3 - https:\/\/yoast.com\/wordpress\/plugins\/seo\/ -->\n<title>About Us - Temax<\/title>\n<meta name=\"robots\" content=\"index, follow, max-snippet:-1, max-image-preview:large, max-video-preview:-1\" \/>\n<link rel=\"canonical\" href=\"https:\/\/temax.pl\/index.php\/about-us\/\" \/>\n<meta property=\"og:locale\" content=\"pl_PL\" \/>\n<meta property=\"og:type\" content=\"article\" \/>\n<meta property=\"og:title\" content=\"About Us - Temax\" \/>\n<meta property=\"og:description\" content=\"[vc_row full_width=&#8221;stretch_row&#8221; use_through_lines=&#8221;1&#8243; css=&#8221;.vc_custom_1507300316975{background-color: #ffffff !important;}&#8221; side_background_title_typo=&#8221;weight~inherit&#8221;][vc_column][vc_empty_space height=&#8221;80px&#8221; el_class=&#8221;norebro-phone-space&#8221;][\/vc_column][\/vc_row][vc_row full_width=&#8221;stretch_row&#8221; content_placement=&#8221;middle&#8221; use_through_lines=&#8221;1&#8243; css=&#8221;.vc_custom_1507300322140{background-color: #ffffff...\" \/>\n<meta property=\"og:url\" content=\"https:\/\/temax.pl\/index.php\/about-us\/?lang=en\" \/>\n<meta property=\"og:site_name\" content=\"Temax\" \/>\n<meta property=\"article:modified_time\" content=\"2021-01-28T09:47:29+00:00\" \/>\n<meta name=\"twitter:card\" content=\"summary_large_image\" \/>\n<meta name=\"twitter:label1\" content=\"Szacowany czas czytania\" \/>\n\t<meta name=\"twitter:data1\" content=\"2 minuty\" \/>\n<script type=\"application\/ld+json\" class=\"yoast-schema-graph\">{\"@context\":\"https:\/\/schema.org\",\"@graph\":[{\"@type\":\"WebSite\",\"@id\":\"https:\/\/temax.pl\/#website\",\"url\":\"https:\/\/temax.pl\/\",\"name\":\"Temax\",\"description\":\"Produkujemy mi\u0119dzy innymi rury o \u015brednicach od 1 do 80 mm, listwy cenowe, listwy plakatowe, profile, cz\u0119\u015bci samochodowe, artyku\u0142y reklamowe oraz artyku\u0142y gospodarstwa domowego.\",\"potentialAction\":[{\"@type\":\"SearchAction\",\"target\":{\"@type\":\"EntryPoint\",\"urlTemplate\":\"https:\/\/temax.pl\/?s={search_term_string}\"},\"query-input\":\"required name=search_term_string\"}],\"inLanguage\":\"pl-PL\"},{\"@type\":\"WebPage\",\"@id\":\"https:\/\/temax.pl\/index.php\/about-us\/?lang=en\",\"url\":\"https:\/\/temax.pl\/index.php\/about-us\/?lang=en\",\"name\":\"About Us - Temax\",\"isPartOf\":{\"@id\":\"https:\/\/temax.pl\/#website\"},\"datePublished\":\"2021-01-27T23:43:28+00:00\",\"dateModified\":\"2021-01-28T09:47:29+00:00\",\"breadcrumb\":{\"@id\":\"https:\/\/temax.pl\/index.php\/about-us\/?lang=en#breadcrumb\"},\"inLanguage\":\"pl-PL\",\"potentialAction\":[{\"@type\":\"ReadAction\",\"target\":[\"https:\/\/temax.pl\/index.php\/about-us\/?lang=en\"]}]},{\"@type\":\"BreadcrumbList\",\"@id\":\"https:\/\/temax.pl\/index.php\/about-us\/?lang=en#breadcrumb\",\"itemListElement\":[{\"@type\":\"ListItem\",\"position\":1,\"name\":\"Strona g\u0142\u00f3wna\",\"item\":\"https:\/\/temax.pl\/\"},{\"@type\":\"ListItem\",\"position\":2,\"name\":\"About Us\"}]}]}<\/script>\n<!-- \/ Yoast SEO plugin. -->","yoast_head_json":{"title":"About Us - Temax","robots":{"index":"index","follow":"follow","max-snippet":"max-snippet:-1","max-image-preview":"max-image-preview:large","max-video-preview":"max-video-preview:-1"},"canonical":"https:\/\/temax.pl\/index.php\/about-us\/","og_locale":"pl_PL","og_type":"article","og_title":"About Us - Temax","og_description":"[vc_row full_width=&#8221;stretch_row&#8221; use_through_lines=&#8221;1&#8243; css=&#8221;.vc_custom_1507300316975{background-color: #ffffff !important;}&#8221; side_background_title_typo=&#8221;weight~inherit&#8221;][vc_column][vc_empty_space height=&#8221;80px&#8221; el_class=&#8221;norebro-phone-space&#8221;][\/vc_column][\/vc_row][vc_row full_width=&#8221;stretch_row&#8221; content_placement=&#8221;middle&#8221; use_through_lines=&#8221;1&#8243; css=&#8221;.vc_custom_1507300322140{background-color: #ffffff...","og_url":"https:\/\/temax.pl\/index.php\/about-us\/?lang=en","og_site_name":"Temax","article_modified_time":"2021-01-28T09:47:29+00:00","twitter_card":"summary_large_image","twitter_misc":{"Szacowany czas czytania":"2 minuty"},"schema":{"@context":"https:\/\/schema.org","@graph":[{"@type":"WebSite","@id":"https:\/\/temax.pl\/#website","url":"https:\/\/temax.pl\/","name":"Temax","description":"Produkujemy mi\u0119dzy innymi rury o \u015brednicach od 1 do 80 mm, listwy cenowe, listwy plakatowe, profile, cz\u0119\u015bci samochodowe, artyku\u0142y reklamowe oraz artyku\u0142y gospodarstwa domowego.","potentialAction":[{"@type":"SearchAction","target":{"@type":"EntryPoint","urlTemplate":"https:\/\/temax.pl\/?s={search_term_string}"},"query-input":"required name=search_term_string"}],"inLanguage":"pl-PL"},{"@type":"WebPage","@id":"https:\/\/temax.pl\/index.php\/about-us\/?lang=en","url":"https:\/\/temax.pl\/index.php\/about-us\/?lang=en","name":"About Us - Temax","isPartOf":{"@id":"https:\/\/temax.pl\/#website"},"datePublished":"2021-01-27T23:43:28+00:00","dateModified":"2021-01-28T09:47:29+00:00","breadcrumb":{"@id":"https:\/\/temax.pl\/index.php\/about-us\/?lang=en#breadcrumb"},"inLanguage":"pl-PL","potentialAction":[{"@type":"ReadAction","target":["https:\/\/temax.pl\/index.php\/about-us\/?lang=en"]}]},{"@type":"BreadcrumbList","@id":"https:\/\/temax.pl\/index.php\/about-us\/?lang=en#breadcrumb","itemListElement":[{"@type":"ListItem","position":1,"name":"Strona g\u0142\u00f3wna","item":"https:\/\/temax.pl\/"},{"@type":"ListItem","position":2,"name":"About Us"}]}]}},"_links":{"self":[{"href":"https:\/\/temax.pl\/index.php\/wp-json\/wp\/v2\/pages\/5656427"}],"collection":[{"href":"https:\/\/temax.pl\/index.php\/wp-json\/wp\/v2\/pages"}],"about":[{"href":"https:\/\/temax.pl\/index.php\/wp-json\/wp\/v2\/types\/page"}],"author":[{"embeddable":true,"href":"https:\/\/temax.pl\/index.php\/wp-json\/wp\/v2\/users\/1"}],"replies":[{"embeddable":true,"href":"https:\/\/temax.pl\/index.php\/wp-json\/wp\/v2\/comments?post=5656427"}],"version-history":[{"count":3,"href":"https:\/\/temax.pl\/index.php\/wp-json\/wp\/v2\/pages\/5656427\/revisions"}],"predecessor-version":[{"id":5656477,"href":"https:\/\/temax.pl\/index.php\/wp-json\/wp\/v2\/pages\/5656427\/revisions\/5656477"}],"wp:attachment":[{"href":"https:\/\/temax.pl\/index.php\/wp-json\/wp\/v2\/media?parent=5656427"}],"curies":[{"name":"wp","href":"https:\/\/api.w.org\/{rel}","templated":true}]}}