{"id":5656421,"date":"2021-01-28T00:39:22","date_gmt":"2021-01-27T23:39:22","guid":{"rendered":"https:\/\/temax.pl\/index.php\/promotional-accessories\/"},"modified":"2021-01-28T09:52:07","modified_gmt":"2021-01-28T08:52:07","slug":"promotional-accessories","status":"publish","type":"page","link":"https:\/\/temax.pl\/index.php\/promotional-accessories\/?lang=en","title":{"rendered":"Promotional accessories"},"content":{"rendered":"[vc_row full_width=&#8221;stretch_row&#8221; use_through_lines=&#8221;1&#8243; css=&#8221;.vc_custom_1507633330521{background-color: #f5fafd !important;}&#8221;][vc_column][vc_empty_space height=&#8221;160px&#8221; el_class=&#8221;norebro-phone-space&#8221;][\/vc_column][\/vc_row][vc_row full_width=&#8221;stretch_row&#8221; use_through_lines=&#8221;1&#8243; css=&#8221;.vc_custom_1607691273976{background-color: #f5fafd !important;}&#8221; side_background_title=&#8221;\/akcesoria reklamowe&#8221; side_background_title_color=&#8221;#ebeff4&#8243; side_background_title_typo=&#8221;font_size~80||letter_spacing~-1||weight~600&#8243; el_class=&#8221;nor-top-layer&#8221;][vc_column el_class=&#8221;nrb-recent-projects&#8221;]<div class=\"norebro-heading-sc heading text-left\"\n\tid=\"norebro-custom-69e00d4d60084\" \n\t \n\t>\n\t\n\t\t\t<p class=\"subtitle\">\n\t\t\t\t\t<\/p>\n\t\n\t\n\t<h3 class=\"title subtitle-top\">\n\t\tPromotional accessories\t<\/h3>\n\n\t\n\t\t\n<\/div><div data-norebro-portfolio-grid=\"true\"\n\tid=\"norebro-custom-69e00d4d6502d\"\n\tclass=\"norebro-recent-projects-sc\"\n\t\t>\n\n\t\t\t\t\t<div class=\"portfolio-sorting text-left\" data-filter=\"portfolio\">\n\t\t\t<ul class=\"unstyled\">\n\t\t\t\t<li>\n\t\t\t\t\t<a class=\"active\" href=\"#all\" data-isotope-filter=\"*\">\n\t\t\t\t\t\t<span class=\"name\">All<\/span>\n\t\t\t\t\t\t<span class=\"num\"><\/span>\n\t\t\t\t\t<\/a>\n\t\t\t\t<\/li>\n\t\t\t\t\t\t\t\t\t<li>\n\t\t\t\t\t\t<a href=\"#akcesoria-reklamowe\" data-isotope-filter=\".norebro-filter-project-b13e24f1cc6c8be166f7da7b72b0fe74\">\n\t\t\t\t\t\t\t<span class=\"name\">Akcesoria reklamowe<\/span>\n\t\t\t\t\t\t\t<span class=\"num\"><\/span>\n\t\t\t\t\t\t<\/a>\n\t\t\t\t\t<\/li>\n\t\t\t\t\t\t\t<\/ul>\n\t\t<\/div>\n\t\t\t\n\t\n\t<div class=\"vc_row  with-sorting\" data-isotope-grid=\"true\" data-lazy-container=\"projects\">\n\n\t\t\n\t\t\t\t<div class=\"portfolio-item-wrap masonry-block grid-item vc_col-lg-4 norebro-project-item norebro-filter-project-b13e24f1cc6c8be166f7da7b72b0fe74\" data-lazy-item=\"\" data-lazy-scope=\"projects\"><div data-aos-once=\"true\" data-aos=\"fade-up\" data-aos-delay=\"0\">\n<div class=\"portfolio-item grid-1\" data-portfolio-popup=\"norebro-popup-69e00d4d6b9de\">\n\t<a href=\"https:\/\/temax.pl\/index.php\/project\/zestawy-do-wiatraczkow\/\">\n\t\t<div class=\"image-wrap\"\n\t\t>\n\t\t\t\t\t\t\t<img src=\"https:\/\/temax.pl\/wp-content\/uploads\/2020\/12\/zestaw-do-wiatraczkow-768x512.jpg\" alt=\"Zestawy do wiatraczk\u00f3w\">\n\t\t\t\t\t<\/div>\n\t\t<div class=\"description overlay\">\n\t\t\t<div class=\"content-center\">\n\t\t\t\t<div class=\"wrap text-center\">\n\n\t\t\t\t\t\t\t\t\t\t\t\t\t\t\t\t\t\t\t\t\t\t\t\t\t\t\t\t\t<span class=\"category\">Akcesoria reklamowe<\/span>\n\t\t\t\t\t\t\t\t\t\t\t\t\t\t\t\t\t\t\t\t\t\n\t\t\t\t\t<h4 class=\"title\">Zestawy do wiatraczk\u00f3w<\/h4>\n\t\t\t\t\t\t\t\t\t\t<div class=\"more brand-color\">\n\t\t\t\t\t\t<span class=\"ion-ios-plus-empty\"><\/span>\n\t\t\t\t\t<\/div>\n\t\t\t\t\t\t\t\t\t<\/div>\n\t\t\t<\/div>\n\t\t<\/div>\n\t<\/a>\n<\/div>\n\n<\/div>\t\t\t<div class=\"clear\"><\/div>\n\t\t<\/div>\n\t\t\t<div class=\"portfolio-item-wrap masonry-block grid-item vc_col-lg-4 norebro-project-item norebro-filter-project-b13e24f1cc6c8be166f7da7b72b0fe74\" data-lazy-item=\"\" data-lazy-scope=\"projects\"><div data-aos-once=\"true\" data-aos=\"fade-up\" data-aos-delay=\"100\">\n<div class=\"portfolio-item grid-1\" data-portfolio-popup=\"norebro-popup-69e00d4d6f31d\">\n\t<a href=\"https:\/\/temax.pl\/index.php\/project\/zestaw-do-balonow\/\">\n\t\t<div class=\"image-wrap\"\n\t\t>\n\t\t\t\t\t\t\t<img src=\"https:\/\/temax.pl\/wp-content\/uploads\/2020\/12\/zestaw-do-balonow-768x512.jpg\" alt=\"Patyczki do balon\u00f3w\">\n\t\t\t\t\t<\/div>\n\t\t<div class=\"description overlay\">\n\t\t\t<div class=\"content-center\">\n\t\t\t\t<div class=\"wrap text-center\">\n\n\t\t\t\t\t\t\t\t\t\t\t\t\t\t\t\t\t\t\t\t\t\t\t\t\t\t\t\t\t<span class=\"category\">Akcesoria reklamowe<\/span>\n\t\t\t\t\t\t\t\t\t\t\t\t\t\t\t\t\t\t\t\t\t\n\t\t\t\t\t<h4 class=\"title\">Patyczki do balon\u00f3w<\/h4>\n\t\t\t\t\t\t\t\t\t\t<div class=\"more brand-color\">\n\t\t\t\t\t\t<span class=\"ion-ios-plus-empty\"><\/span>\n\t\t\t\t\t<\/div>\n\t\t\t\t\t\t\t\t\t<\/div>\n\t\t\t<\/div>\n\t\t<\/div>\n\t<\/a>\n<\/div>\n\n<\/div>\t\t\t<div class=\"clear\"><\/div>\n\t\t<\/div>\n\t\t\t<div class=\"portfolio-item-wrap masonry-block grid-item vc_col-lg-4 norebro-project-item norebro-filter-project-b13e24f1cc6c8be166f7da7b72b0fe74\" data-lazy-item=\"\" data-lazy-scope=\"projects\"><div data-aos-once=\"true\" data-aos=\"fade-up\" data-aos-delay=\"250\">\n<div class=\"portfolio-item grid-1\" data-portfolio-popup=\"norebro-popup-69e00d4d71506\">\n\t<a href=\"https:\/\/temax.pl\/index.php\/project\/tacka-do-bilonu\/\">\n\t\t<div class=\"image-wrap\"\n\t\t>\n\t\t\t\t\t\t\t<img src=\"https:\/\/temax.pl\/wp-content\/uploads\/2020\/12\/tacka-do-bilonu-768x512.jpg\" alt=\"Tacka do bilonu\">\n\t\t\t\t\t<\/div>\n\t\t<div class=\"description overlay\">\n\t\t\t<div class=\"content-center\">\n\t\t\t\t<div class=\"wrap text-center\">\n\n\t\t\t\t\t\t\t\t\t\t\t\t\t\t\t\t\t\t\t\t\t\t\t\t\t\t\t\t\t<span class=\"category\">Akcesoria reklamowe<\/span>\n\t\t\t\t\t\t\t\t\t\t\t\t\t\t\t\t\t\t\t\t\t\n\t\t\t\t\t<h4 class=\"title\">Tacka do bilonu<\/h4>\n\t\t\t\t\t\t\t\t\t\t<div class=\"more brand-color\">\n\t\t\t\t\t\t<span class=\"ion-ios-plus-empty\"><\/span>\n\t\t\t\t\t<\/div>\n\t\t\t\t\t\t\t\t\t<\/div>\n\t\t\t<\/div>\n\t\t<\/div>\n\t<\/a>\n<\/div>\n\n<\/div>\t\t\t<div class=\"clear\"><\/div>\n\t\t<\/div>\n\t\t\t<div class=\"portfolio-item-wrap masonry-block grid-item vc_col-lg-4 norebro-project-item norebro-filter-project-b13e24f1cc6c8be166f7da7b72b0fe74\" data-lazy-item=\"\" data-lazy-scope=\"projects\"><div data-aos-once=\"true\" data-aos=\"fade-up\" data-aos-delay=\"0\">\n<div class=\"portfolio-item grid-1\" data-portfolio-popup=\"norebro-popup-69e00d4d7353c\">\n\t<a href=\"https:\/\/temax.pl\/index.php\/project\/maszt-do-flag-samochodowych\/\">\n\t\t<div class=\"image-wrap\"\n\t\t>\n\t\t\t\t\t\t\t<img src=\"https:\/\/temax.pl\/wp-content\/uploads\/2020\/12\/maszt-do-flag-samochodowych-768x512.jpg\" alt=\"Maszt do flag samochodowych\">\n\t\t\t\t\t<\/div>\n\t\t<div class=\"description overlay\">\n\t\t\t<div class=\"content-center\">\n\t\t\t\t<div class=\"wrap text-center\">\n\n\t\t\t\t\t\t\t\t\t\t\t\t\t\t\t\t\t\t\t\t\t\t\t\t\t\t\t\t\t<span class=\"category\">Akcesoria reklamowe<\/span>\n\t\t\t\t\t\t\t\t\t\t\t\t\t\t\t\t\t\t\t\t\t\n\t\t\t\t\t<h4 class=\"title\">Maszt do flag samochodowych<\/h4>\n\t\t\t\t\t\t\t\t\t\t<div class=\"more brand-color\">\n\t\t\t\t\t\t<span class=\"ion-ios-plus-empty\"><\/span>\n\t\t\t\t\t<\/div>\n\t\t\t\t\t\t\t\t\t<\/div>\n\t\t\t<\/div>\n\t\t<\/div>\n\t<\/a>\n<\/div>\n\n<\/div>\t\t\t<div class=\"clear\"><\/div>\n\t\t<\/div>\n\t\t\t<div class=\"portfolio-item-wrap masonry-block grid-item vc_col-lg-4 norebro-project-item norebro-filter-project-b13e24f1cc6c8be166f7da7b72b0fe74\" data-lazy-item=\"\" data-lazy-scope=\"projects\"><div data-aos-once=\"true\" data-aos=\"fade-up\" data-aos-delay=\"100\">\n<div class=\"portfolio-item grid-1\" data-portfolio-popup=\"norebro-popup-69e00d4d754f1\">\n\t<a href=\"https:\/\/temax.pl\/index.php\/project\/listewka-plakatowa\/\">\n\t\t<div class=\"image-wrap\"\n\t\t>\n\t\t\t\t\t\t\t<img src=\"https:\/\/temax.pl\/wp-content\/uploads\/2020\/12\/listweka-plakatowa-768x512.jpg\" alt=\"Listewka plakatowa\">\n\t\t\t\t\t<\/div>\n\t\t<div class=\"description overlay\">\n\t\t\t<div class=\"content-center\">\n\t\t\t\t<div class=\"wrap text-center\">\n\n\t\t\t\t\t\t\t\t\t\t\t\t\t\t\t\t\t\t\t\t\t\t\t\t\t\t\t\t\t<span class=\"category\">Akcesoria reklamowe<\/span>\n\t\t\t\t\t\t\t\t\t\t\t\t\t\t\t\t\t\t\t\t\t\n\t\t\t\t\t<h4 class=\"title\">Listewka plakatowa<\/h4>\n\t\t\t\t\t\t\t\t\t\t<div class=\"more brand-color\">\n\t\t\t\t\t\t<span class=\"ion-ios-plus-empty\"><\/span>\n\t\t\t\t\t<\/div>\n\t\t\t\t\t\t\t\t\t<\/div>\n\t\t\t<\/div>\n\t\t<\/div>\n\t<\/a>\n<\/div>\n\n<\/div>\t\t\t<div class=\"clear\"><\/div>\n\t\t<\/div>\n\t\t\t<div class=\"portfolio-item-wrap masonry-block grid-item vc_col-lg-4 norebro-project-item norebro-filter-project-b13e24f1cc6c8be166f7da7b72b0fe74\" data-lazy-item=\"\" data-lazy-scope=\"projects\"><div data-aos-once=\"true\" data-aos=\"fade-up\" data-aos-delay=\"250\">\n<div class=\"portfolio-item grid-1\" data-portfolio-popup=\"norebro-popup-69e00d4d77af1\">\n\t<a href=\"https:\/\/temax.pl\/index.php\/project\/haczyk-plakatowy\/\">\n\t\t<div class=\"image-wrap\"\n\t\t>\n\t\t\t\t\t\t\t<img src=\"https:\/\/temax.pl\/wp-content\/uploads\/2020\/12\/haczyk-plakatowy-768x512.jpg\" alt=\"Uchwyt na plakat\">\n\t\t\t\t\t<\/div>\n\t\t<div class=\"description overlay\">\n\t\t\t<div class=\"content-center\">\n\t\t\t\t<div class=\"wrap text-center\">\n\n\t\t\t\t\t\t\t\t\t\t\t\t\t\t\t\t\t\t\t\t\t\t\t\t\t\t\t\t\t<span class=\"category\">Akcesoria reklamowe<\/span>\n\t\t\t\t\t\t\t\t\t\t\t\t\t\t\t\t\t\t\t\t\t\n\t\t\t\t\t<h4 class=\"title\">Uchwyt na plakat<\/h4>\n\t\t\t\t\t\t\t\t\t\t<div class=\"more brand-color\">\n\t\t\t\t\t\t<span class=\"ion-ios-plus-empty\"><\/span>\n\t\t\t\t\t<\/div>\n\t\t\t\t\t\t\t\t\t<\/div>\n\t\t\t<\/div>\n\t\t<\/div>\n\t<\/a>\n<\/div>\n\n<\/div>\t\t\t<div class=\"clear\"><\/div>\n\t\t<\/div>\n\t\t\t<div class=\"portfolio-item-wrap masonry-block grid-item vc_col-lg-4 norebro-project-item norebro-filter-project-b13e24f1cc6c8be166f7da7b72b0fe74\" data-lazy-item=\"\" data-lazy-scope=\"projects\"><div data-aos-once=\"true\" data-aos=\"fade-up\" data-aos-delay=\"0\">\n<div class=\"portfolio-item grid-1\" data-portfolio-popup=\"norebro-popup-69e00d4d7a391\">\n\t<a href=\"https:\/\/temax.pl\/index.php\/project\/patyczki-do-choragiewek-reklamowych\/\">\n\t\t<div class=\"image-wrap\"\n\t\t>\n\t\t\t\t\t\t\t<img src=\"https:\/\/temax.pl\/wp-content\/uploads\/2020\/12\/rurki-do-choragiewek-768x512.jpg\" alt=\"patyczki do chor\u0105giewek reklamowych\">\n\t\t\t\t\t<\/div>\n\t\t<div class=\"description overlay\">\n\t\t\t<div class=\"content-center\">\n\t\t\t\t<div class=\"wrap text-center\">\n\n\t\t\t\t\t\t\t\t\t\t\t\t\t\t\t\t\t\t\t\t\t\t\t\t\t\t\t\t\t<span class=\"category\">Akcesoria reklamowe<\/span>\n\t\t\t\t\t\t\t\t\t\t\t\t\t\t\t\t\t\t\t\t\t\n\t\t\t\t\t<h4 class=\"title\">patyczki do chor\u0105giewek reklamowych<\/h4>\n\t\t\t\t\t\t\t\t\t\t<div class=\"more brand-color\">\n\t\t\t\t\t\t<span class=\"ion-ios-plus-empty\"><\/span>\n\t\t\t\t\t<\/div>\n\t\t\t\t\t\t\t\t\t<\/div>\n\t\t\t<\/div>\n\t\t<\/div>\n\t<\/a>\n<\/div>\n\n<\/div>\t\t\t<div class=\"clear\"><\/div>\n\t\t<\/div>\n\t\t<\/div>\n\n\t\n<\/div>\n[\/vc_column][\/vc_row][vc_row full_width=&#8221;stretch_row&#8221; use_through_lines=&#8221;1&#8243;][vc_column][vc_empty_space height=&#8221;250px&#8221; el_class=&#8221;norebro-phone-space&#8221;][\/vc_column][\/vc_row]\n","protected":false},"excerpt":{"rendered":"<p>[vc_row full_width=&#8221;stretch_row&#8221; use_through_lines=&#8221;1&#8243; css=&#8221;.vc_custom_1507633330521{background-color: #f5fafd !important;}&#8221;][vc_column][vc_empty_space height=&#8221;160px&#8221; el_class=&#8221;norebro-phone-space&#8221;][\/vc_column][\/vc_row][vc_row full_width=&#8221;stretch_row&#8221; use_through_lines=&#8221;1&#8243; css=&#8221;.vc_custom_1607691273976{background-color: #f5fafd !important;}&#8221; side_background_title=&#8221;\/akcesoria&#8230;<\/p>\n","protected":false},"author":1,"featured_media":0,"parent":0,"menu_order":0,"comment_status":"closed","ping_status":"closed","template":"","meta":[],"yoast_head":"<!-- This site is optimized with the Yoast SEO plugin v19.3 - https:\/\/yoast.com\/wordpress\/plugins\/seo\/ -->\n<title>Promotional accessories - Temax<\/title>\n<meta name=\"robots\" content=\"index, follow, max-snippet:-1, max-image-preview:large, max-video-preview:-1\" \/>\n<link rel=\"canonical\" href=\"https:\/\/temax.pl\/index.php\/promotional-accessories\/\" \/>\n<meta property=\"og:locale\" content=\"pl_PL\" \/>\n<meta property=\"og:type\" content=\"article\" \/>\n<meta property=\"og:title\" content=\"Promotional accessories - Temax\" \/>\n<meta property=\"og:description\" content=\"[vc_row full_width=&#8221;stretch_row&#8221; use_through_lines=&#8221;1&#8243; css=&#8221;.vc_custom_1507633330521{background-color: #f5fafd !important;}&#8221;][vc_column][vc_empty_space height=&#8221;160px&#8221; el_class=&#8221;norebro-phone-space&#8221;][\/vc_column][\/vc_row][vc_row full_width=&#8221;stretch_row&#8221; use_through_lines=&#8221;1&#8243; css=&#8221;.vc_custom_1607691273976{background-color: #f5fafd !important;}&#8221; side_background_title=&#8221;\/akcesoria...\" \/>\n<meta property=\"og:url\" content=\"https:\/\/temax.pl\/index.php\/promotional-accessories\/?lang=en\" \/>\n<meta property=\"og:site_name\" content=\"Temax\" \/>\n<meta property=\"article:modified_time\" content=\"2021-01-28T08:52:07+00:00\" \/>\n<meta name=\"twitter:card\" content=\"summary_large_image\" \/>\n<meta name=\"twitter:label1\" content=\"Szacowany czas czytania\" \/>\n\t<meta name=\"twitter:data1\" content=\"1 minuta\" \/>\n<script type=\"application\/ld+json\" class=\"yoast-schema-graph\">{\"@context\":\"https:\/\/schema.org\",\"@graph\":[{\"@type\":\"WebSite\",\"@id\":\"https:\/\/temax.pl\/#website\",\"url\":\"https:\/\/temax.pl\/\",\"name\":\"Temax\",\"description\":\"Produkujemy mi\u0119dzy innymi rury o \u015brednicach od 1 do 80 mm, listwy cenowe, listwy plakatowe, profile, cz\u0119\u015bci samochodowe, artyku\u0142y reklamowe oraz artyku\u0142y gospodarstwa domowego.\",\"potentialAction\":[{\"@type\":\"SearchAction\",\"target\":{\"@type\":\"EntryPoint\",\"urlTemplate\":\"https:\/\/temax.pl\/?s={search_term_string}\"},\"query-input\":\"required name=search_term_string\"}],\"inLanguage\":\"pl-PL\"},{\"@type\":\"WebPage\",\"@id\":\"https:\/\/temax.pl\/index.php\/promotional-accessories\/?lang=en\",\"url\":\"https:\/\/temax.pl\/index.php\/promotional-accessories\/?lang=en\",\"name\":\"Promotional accessories - Temax\",\"isPartOf\":{\"@id\":\"https:\/\/temax.pl\/#website\"},\"datePublished\":\"2021-01-27T23:39:22+00:00\",\"dateModified\":\"2021-01-28T08:52:07+00:00\",\"breadcrumb\":{\"@id\":\"https:\/\/temax.pl\/index.php\/promotional-accessories\/?lang=en#breadcrumb\"},\"inLanguage\":\"pl-PL\",\"potentialAction\":[{\"@type\":\"ReadAction\",\"target\":[\"https:\/\/temax.pl\/index.php\/promotional-accessories\/?lang=en\"]}]},{\"@type\":\"BreadcrumbList\",\"@id\":\"https:\/\/temax.pl\/index.php\/promotional-accessories\/?lang=en#breadcrumb\",\"itemListElement\":[{\"@type\":\"ListItem\",\"position\":1,\"name\":\"Strona g\u0142\u00f3wna\",\"item\":\"https:\/\/temax.pl\/\"},{\"@type\":\"ListItem\",\"position\":2,\"name\":\"Promotional accessories\"}]}]}<\/script>\n<!-- \/ Yoast SEO plugin. -->","yoast_head_json":{"title":"Promotional accessories - Temax","robots":{"index":"index","follow":"follow","max-snippet":"max-snippet:-1","max-image-preview":"max-image-preview:large","max-video-preview":"max-video-preview:-1"},"canonical":"https:\/\/temax.pl\/index.php\/promotional-accessories\/","og_locale":"pl_PL","og_type":"article","og_title":"Promotional accessories - Temax","og_description":"[vc_row full_width=&#8221;stretch_row&#8221; use_through_lines=&#8221;1&#8243; css=&#8221;.vc_custom_1507633330521{background-color: #f5fafd !important;}&#8221;][vc_column][vc_empty_space height=&#8221;160px&#8221; el_class=&#8221;norebro-phone-space&#8221;][\/vc_column][\/vc_row][vc_row full_width=&#8221;stretch_row&#8221; use_through_lines=&#8221;1&#8243; css=&#8221;.vc_custom_1607691273976{background-color: #f5fafd !important;}&#8221; side_background_title=&#8221;\/akcesoria...","og_url":"https:\/\/temax.pl\/index.php\/promotional-accessories\/?lang=en","og_site_name":"Temax","article_modified_time":"2021-01-28T08:52:07+00:00","twitter_card":"summary_large_image","twitter_misc":{"Szacowany czas czytania":"1 minuta"},"schema":{"@context":"https:\/\/schema.org","@graph":[{"@type":"WebSite","@id":"https:\/\/temax.pl\/#website","url":"https:\/\/temax.pl\/","name":"Temax","description":"Produkujemy mi\u0119dzy innymi rury o \u015brednicach od 1 do 80 mm, listwy cenowe, listwy plakatowe, profile, cz\u0119\u015bci samochodowe, artyku\u0142y reklamowe oraz artyku\u0142y gospodarstwa domowego.","potentialAction":[{"@type":"SearchAction","target":{"@type":"EntryPoint","urlTemplate":"https:\/\/temax.pl\/?s={search_term_string}"},"query-input":"required name=search_term_string"}],"inLanguage":"pl-PL"},{"@type":"WebPage","@id":"https:\/\/temax.pl\/index.php\/promotional-accessories\/?lang=en","url":"https:\/\/temax.pl\/index.php\/promotional-accessories\/?lang=en","name":"Promotional accessories - Temax","isPartOf":{"@id":"https:\/\/temax.pl\/#website"},"datePublished":"2021-01-27T23:39:22+00:00","dateModified":"2021-01-28T08:52:07+00:00","breadcrumb":{"@id":"https:\/\/temax.pl\/index.php\/promotional-accessories\/?lang=en#breadcrumb"},"inLanguage":"pl-PL","potentialAction":[{"@type":"ReadAction","target":["https:\/\/temax.pl\/index.php\/promotional-accessories\/?lang=en"]}]},{"@type":"BreadcrumbList","@id":"https:\/\/temax.pl\/index.php\/promotional-accessories\/?lang=en#breadcrumb","itemListElement":[{"@type":"ListItem","position":1,"name":"Strona g\u0142\u00f3wna","item":"https:\/\/temax.pl\/"},{"@type":"ListItem","position":2,"name":"Promotional accessories"}]}]}},"_links":{"self":[{"href":"https:\/\/temax.pl\/index.php\/wp-json\/wp\/v2\/pages\/5656421"}],"collection":[{"href":"https:\/\/temax.pl\/index.php\/wp-json\/wp\/v2\/pages"}],"about":[{"href":"https:\/\/temax.pl\/index.php\/wp-json\/wp\/v2\/types\/page"}],"author":[{"embeddable":true,"href":"https:\/\/temax.pl\/index.php\/wp-json\/wp\/v2\/users\/1"}],"replies":[{"embeddable":true,"href":"https:\/\/temax.pl\/index.php\/wp-json\/wp\/v2\/comments?post=5656421"}],"version-history":[{"count":5,"href":"https:\/\/temax.pl\/index.php\/wp-json\/wp\/v2\/pages\/5656421\/revisions"}],"predecessor-version":[{"id":5656457,"href":"https:\/\/temax.pl\/index.php\/wp-json\/wp\/v2\/pages\/5656421\/revisions\/5656457"}],"wp:attachment":[{"href":"https:\/\/temax.pl\/index.php\/wp-json\/wp\/v2\/media?parent=5656421"}],"curies":[{"name":"wp","href":"https:\/\/api.w.org\/{rel}","templated":true}]}}