{"id":5656419,"date":"2021-01-28T00:39:01","date_gmt":"2021-01-27T23:39:01","guid":{"rendered":"https:\/\/temax.pl\/index.php\/window-blinds-accessories\/"},"modified":"2021-01-28T10:49:03","modified_gmt":"2021-01-28T09:49:03","slug":"window-blinds-accessories","status":"publish","type":"page","link":"https:\/\/temax.pl\/index.php\/window-blinds-accessories\/?lang=en","title":{"rendered":"Window blinds accessories"},"content":{"rendered":"[vc_row full_width=&#8221;stretch_row&#8221; use_through_lines=&#8221;1&#8243; css=&#8221;.vc_custom_1507633330521{background-color: #f5fafd !important;}&#8221;][vc_column][vc_empty_space height=&#8221;160px&#8221; el_class=&#8221;norebro-phone-space&#8221;][\/vc_column][\/vc_row][vc_row full_width=&#8221;stretch_row&#8221; use_through_lines=&#8221;1&#8243; css=&#8221;.vc_custom_1608648076442{background-color: #f5fafd !important;}&#8221; side_background_title=&#8221;\/akcesoria do rolet i \u017caluzji&#8221; side_background_title_color=&#8221;#ebeff4&#8243; side_background_title_typo=&#8221;font_size~80||letter_spacing~-1||weight~600&#8243; el_class=&#8221;nor-top-layer&#8221;][vc_column el_class=&#8221;nrb-recent-projects&#8221;]<div class=\"norebro-heading-sc heading text-left\"\n\tid=\"norebro-custom-69e00d7b8bc9a\" \n\t \n\t>\n\t\n\t\t\t<p class=\"subtitle\">\n\t\t\t\t\t<\/p>\n\t\n\t\n\t<h3 class=\"title subtitle-top\">\n\t\tWindow blinds accessories\t<\/h3>\n\n\t\n\t\t\n<\/div><div data-norebro-portfolio-grid=\"true\"\n\tid=\"norebro-custom-69e00d7b9235a\"\n\tclass=\"norebro-recent-projects-sc\"\n\t\t>\n\n\t\t\t\t\t<div class=\"portfolio-sorting text-left\" data-filter=\"portfolio\">\n\t\t\t<ul class=\"unstyled\">\n\t\t\t\t<li>\n\t\t\t\t\t<a class=\"active\" href=\"#all\" data-isotope-filter=\"*\">\n\t\t\t\t\t\t<span class=\"name\">All<\/span>\n\t\t\t\t\t\t<span class=\"num\"><\/span>\n\t\t\t\t\t<\/a>\n\t\t\t\t<\/li>\n\t\t\t\t\t\t\t\t\t<li>\n\t\t\t\t\t\t<a href=\"#akcesoria-do-rolet-i-zaluzji\" data-isotope-filter=\".norebro-filter-project-467c5360ca7db882ebf0c50309edb32d\">\n\t\t\t\t\t\t\t<span class=\"name\">Akcesoria do rolet i \u017caluzji<\/span>\n\t\t\t\t\t\t\t<span class=\"num\"><\/span>\n\t\t\t\t\t\t<\/a>\n\t\t\t\t\t<\/li>\n\t\t\t\t\t\t\t<\/ul>\n\t\t<\/div>\n\t\t\t\n\t\n\t<div class=\"vc_row  with-sorting\" data-isotope-grid=\"true\" data-lazy-container=\"projects\">\n\n\t\t\n\t\t\t\t<div class=\"portfolio-item-wrap masonry-block grid-item vc_col-lg-4 norebro-project-item norebro-filter-project-467c5360ca7db882ebf0c50309edb32d norebro-filter-project-6f158412c63415778d714a3d82bdfcac\" data-lazy-item=\"\" data-lazy-scope=\"projects\"><div data-aos-once=\"true\" data-aos=\"fade-up\" data-aos-delay=\"0\">\n<div class=\"portfolio-item grid-1\" data-portfolio-popup=\"norebro-popup-69e00d7b98fe7\">\n\t<a href=\"https:\/\/temax.pl\/index.php\/project\/obciaznik-ps-plaskownik-20x5\/\">\n\t\t<div class=\"image-wrap\"\n\t\t>\n\t\t\t\t\t\t\t<img src=\"https:\/\/temax.pl\/wp-content\/uploads\/2020\/12\/obciaznik-PS-plaskownik-20-x-5-768x512.jpg\" alt=\"Obci\u0105\u017cnik PS p\u0142askownik 20&#215;5\">\n\t\t\t\t\t<\/div>\n\t\t<div class=\"description overlay\">\n\t\t\t<div class=\"content-center\">\n\t\t\t\t<div class=\"wrap text-center\">\n\n\t\t\t\t\t\t\t\t\t\t\t\t\t\t\t\t\t\t\t\t\t\t\t\t\t\t\t\t\t<span class=\"category\">Akcesoria do rolet i \u017caluzji<\/span>\n\t\t\t\t\t\t\t\t\t\t\t\t\t<span class=\"category\">Profile i rury<\/span>\n\t\t\t\t\t\t\t\t\t\t\t\t\t\t\t\t\t\t\t\t\t\n\t\t\t\t\t<h4 class=\"title\">Obci\u0105\u017cnik PS p\u0142askownik 20&#215;5<\/h4>\n\t\t\t\t\t\t\t\t\t\t<div class=\"more brand-color\">\n\t\t\t\t\t\t<span class=\"ion-ios-plus-empty\"><\/span>\n\t\t\t\t\t<\/div>\n\t\t\t\t\t\t\t\t\t<\/div>\n\t\t\t<\/div>\n\t\t<\/div>\n\t<\/a>\n<\/div>\n\n<\/div>\t\t\t<div class=\"clear\"><\/div>\n\t\t<\/div>\n\t\t\t<div class=\"portfolio-item-wrap masonry-block grid-item vc_col-lg-4 norebro-project-item norebro-filter-project-467c5360ca7db882ebf0c50309edb32d norebro-filter-project-6f158412c63415778d714a3d82bdfcac\" data-lazy-item=\"\" data-lazy-scope=\"projects\"><div data-aos-once=\"true\" data-aos=\"fade-up\" data-aos-delay=\"100\">\n<div class=\"portfolio-item grid-1\" data-portfolio-popup=\"norebro-popup-69e00d7b9cd3f\">\n\t<a href=\"https:\/\/temax.pl\/index.php\/project\/obciaznik-pcw-owal-maly\/\">\n\t\t<div class=\"image-wrap\"\n\t\t>\n\t\t\t\t\t\t\t<img src=\"https:\/\/temax.pl\/wp-content\/uploads\/2020\/12\/obciaznik-PCW-owal-maly-768x512.jpg\" alt=\"obci\u0105\u017cnik PCW owal ma\u0142y\">\n\t\t\t\t\t<\/div>\n\t\t<div class=\"description overlay\">\n\t\t\t<div class=\"content-center\">\n\t\t\t\t<div class=\"wrap text-center\">\n\n\t\t\t\t\t\t\t\t\t\t\t\t\t\t\t\t\t\t\t\t\t\t\t\t\t\t\t\t\t<span class=\"category\">Akcesoria do rolet i \u017caluzji<\/span>\n\t\t\t\t\t\t\t\t\t\t\t\t\t<span class=\"category\">Profile i rury<\/span>\n\t\t\t\t\t\t\t\t\t\t\t\t\t\t\t\t\t\t\t\t\t\n\t\t\t\t\t<h4 class=\"title\">obci\u0105\u017cnik PCW owal ma\u0142y<\/h4>\n\t\t\t\t\t\t\t\t\t\t<div class=\"more brand-color\">\n\t\t\t\t\t\t<span class=\"ion-ios-plus-empty\"><\/span>\n\t\t\t\t\t<\/div>\n\t\t\t\t\t\t\t\t\t<\/div>\n\t\t\t<\/div>\n\t\t<\/div>\n\t<\/a>\n<\/div>\n\n<\/div>\t\t\t<div class=\"clear\"><\/div>\n\t\t<\/div>\n\t\t\t<div class=\"portfolio-item-wrap masonry-block grid-item vc_col-lg-4 norebro-project-item norebro-filter-project-467c5360ca7db882ebf0c50309edb32d norebro-filter-project-6f158412c63415778d714a3d82bdfcac\" data-lazy-item=\"\" data-lazy-scope=\"projects\"><div data-aos-once=\"true\" data-aos=\"fade-up\" data-aos-delay=\"250\">\n<div class=\"portfolio-item grid-1\" data-portfolio-popup=\"norebro-popup-69e00d7b9f16c\">\n\t<a href=\"https:\/\/temax.pl\/index.php\/project\/obciaznik-pcw-owal-duzy\/\">\n\t\t<div class=\"image-wrap\"\n\t\t>\n\t\t\t\t\t\t\t<img src=\"https:\/\/temax.pl\/wp-content\/uploads\/2020\/12\/obciaznik-PCW-owal-duzy--768x512.jpg\" alt=\"obci\u0105\u017cnik PCW owal du\u017cy\">\n\t\t\t\t\t<\/div>\n\t\t<div class=\"description overlay\">\n\t\t\t<div class=\"content-center\">\n\t\t\t\t<div class=\"wrap text-center\">\n\n\t\t\t\t\t\t\t\t\t\t\t\t\t\t\t\t\t\t\t\t\t\t\t\t\t\t\t\t\t<span class=\"category\">Akcesoria do rolet i \u017caluzji<\/span>\n\t\t\t\t\t\t\t\t\t\t\t\t\t<span class=\"category\">Profile i rury<\/span>\n\t\t\t\t\t\t\t\t\t\t\t\t\t\t\t\t\t\t\t\t\t\n\t\t\t\t\t<h4 class=\"title\">obci\u0105\u017cnik PCW owal du\u017cy<\/h4>\n\t\t\t\t\t\t\t\t\t\t<div class=\"more brand-color\">\n\t\t\t\t\t\t<span class=\"ion-ios-plus-empty\"><\/span>\n\t\t\t\t\t<\/div>\n\t\t\t\t\t\t\t\t\t<\/div>\n\t\t\t<\/div>\n\t\t<\/div>\n\t<\/a>\n<\/div>\n\n<\/div>\t\t\t<div class=\"clear\"><\/div>\n\t\t<\/div>\n\t\t\t<div class=\"portfolio-item-wrap masonry-block grid-item vc_col-lg-4 norebro-project-item norebro-filter-project-467c5360ca7db882ebf0c50309edb32d norebro-filter-project-6f158412c63415778d714a3d82bdfcac\" data-lazy-item=\"\" data-lazy-scope=\"projects\"><div data-aos-once=\"true\" data-aos=\"fade-up\" data-aos-delay=\"0\">\n<div class=\"portfolio-item grid-1\" data-portfolio-popup=\"norebro-popup-69e00d7ba14ac\">\n\t<a href=\"https:\/\/temax.pl\/index.php\/project\/obciaznik-ps-owal-maly\/\">\n\t\t<div class=\"image-wrap\"\n\t\t>\n\t\t\t\t\t\t\t<img src=\"https:\/\/temax.pl\/wp-content\/uploads\/2020\/12\/obciaznik-PS-owal-maly-768x512.jpg\" alt=\"Obci\u0105\u017cnik PS owal ma\u0142y\">\n\t\t\t\t\t<\/div>\n\t\t<div class=\"description overlay\">\n\t\t\t<div class=\"content-center\">\n\t\t\t\t<div class=\"wrap text-center\">\n\n\t\t\t\t\t\t\t\t\t\t\t\t\t\t\t\t\t\t\t\t\t\t\t\t\t\t\t\t\t<span class=\"category\">Akcesoria do rolet i \u017caluzji<\/span>\n\t\t\t\t\t\t\t\t\t\t\t\t\t<span class=\"category\">Profile i rury<\/span>\n\t\t\t\t\t\t\t\t\t\t\t\t\t\t\t\t\t\t\t\t\t\n\t\t\t\t\t<h4 class=\"title\">Obci\u0105\u017cnik PS owal ma\u0142y<\/h4>\n\t\t\t\t\t\t\t\t\t\t<div class=\"more brand-color\">\n\t\t\t\t\t\t<span class=\"ion-ios-plus-empty\"><\/span>\n\t\t\t\t\t<\/div>\n\t\t\t\t\t\t\t\t\t<\/div>\n\t\t\t<\/div>\n\t\t<\/div>\n\t<\/a>\n<\/div>\n\n<\/div>\t\t\t<div class=\"clear\"><\/div>\n\t\t<\/div>\n\t\t\t<div class=\"portfolio-item-wrap masonry-block grid-item vc_col-lg-4 norebro-project-item norebro-filter-project-467c5360ca7db882ebf0c50309edb32d norebro-filter-project-731581ab66c734abd7c4f736c357987a norebro-filter-project-dcdfcb3cb808eb80a8499076c678050e norebro-filter-project-6f158412c63415778d714a3d82bdfcac\" data-lazy-item=\"\" data-lazy-scope=\"projects\"><div data-aos-once=\"true\" data-aos=\"fade-up\" data-aos-delay=\"100\">\n<div class=\"portfolio-item grid-1\" data-portfolio-popup=\"norebro-popup-69e00d7ba394a\">\n\t<a href=\"https:\/\/temax.pl\/index.php\/project\/fiszbin-rurka-ps-fi-45-x-1-mm\/\">\n\t\t<div class=\"image-wrap\"\n\t\t>\n\t\t\t\t\t\t\t<img src=\"https:\/\/temax.pl\/wp-content\/uploads\/2020\/12\/fiszbina-rurka-PS-fi-45-x-1-mm-768x512.jpg\" alt=\"fiszbin rurka\u00a0 PS\u00a0 fi 4,5 x 1 mm\">\n\t\t\t\t\t<\/div>\n\t\t<div class=\"description overlay\">\n\t\t\t<div class=\"content-center\">\n\t\t\t\t<div class=\"wrap text-center\">\n\n\t\t\t\t\t\t\t\t\t\t\t\t\t\t\t\t\t\t\t\t\t\t\t\t\t\t\t\t\t<span class=\"category\">Akcesoria do rolet i \u017caluzji<\/span>\n\t\t\t\t\t\t\t\t\t\t\t\t\t<span class=\"category\">Cienkie rurki<\/span>\n\t\t\t\t\t\t\t\t\t\t\t\t\t<span class=\"category\">Fiszbiny<\/span>\n\t\t\t\t\t\t\t\t\t\t\t\t\t<span class=\"category\">Profile i rury<\/span>\n\t\t\t\t\t\t\t\t\t\t\t\t\t\t\t\t\t\t\t\t\t\n\t\t\t\t\t<h4 class=\"title\">fiszbin rurka\u00a0 PS\u00a0 fi 4,5 x 1 mm<\/h4>\n\t\t\t\t\t\t\t\t\t\t<div class=\"more brand-color\">\n\t\t\t\t\t\t<span class=\"ion-ios-plus-empty\"><\/span>\n\t\t\t\t\t<\/div>\n\t\t\t\t\t\t\t\t\t<\/div>\n\t\t\t<\/div>\n\t\t<\/div>\n\t<\/a>\n<\/div>\n\n<\/div>\t\t\t<div class=\"clear\"><\/div>\n\t\t<\/div>\n\t\t\t<div class=\"portfolio-item-wrap masonry-block grid-item vc_col-lg-4 norebro-project-item norebro-filter-project-467c5360ca7db882ebf0c50309edb32d norebro-filter-project-731581ab66c734abd7c4f736c357987a norebro-filter-project-dcdfcb3cb808eb80a8499076c678050e norebro-filter-project-6f158412c63415778d714a3d82bdfcac\" data-lazy-item=\"\" data-lazy-scope=\"projects\"><div data-aos-once=\"true\" data-aos=\"fade-up\" data-aos-delay=\"250\">\n<div class=\"portfolio-item grid-1\" data-portfolio-popup=\"norebro-popup-69e00d7ba5c42\">\n\t<a href=\"https:\/\/temax.pl\/index.php\/project\/fiszbin-rurka-ps-fi-45-x-125-mm\/\">\n\t\t<div class=\"image-wrap\"\n\t\t>\n\t\t\t\t\t\t\t<img src=\"https:\/\/temax.pl\/wp-content\/uploads\/2020\/12\/fiszbina-rurka-PS-fi-45-mm-768x512.jpg\" alt=\"fiszbin rurka\u00a0 PS\u00a0 fi 4,5 x 1,25 mm\">\n\t\t\t\t\t<\/div>\n\t\t<div class=\"description overlay\">\n\t\t\t<div class=\"content-center\">\n\t\t\t\t<div class=\"wrap text-center\">\n\n\t\t\t\t\t\t\t\t\t\t\t\t\t\t\t\t\t\t\t\t\t\t\t\t\t\t\t\t\t<span class=\"category\">Akcesoria do rolet i \u017caluzji<\/span>\n\t\t\t\t\t\t\t\t\t\t\t\t\t<span class=\"category\">Cienkie rurki<\/span>\n\t\t\t\t\t\t\t\t\t\t\t\t\t<span class=\"category\">Fiszbiny<\/span>\n\t\t\t\t\t\t\t\t\t\t\t\t\t<span class=\"category\">Profile i rury<\/span>\n\t\t\t\t\t\t\t\t\t\t\t\t\t\t\t\t\t\t\t\t\t\n\t\t\t\t\t<h4 class=\"title\">fiszbin rurka\u00a0 PS\u00a0 fi 4,5 x 1,25 mm<\/h4>\n\t\t\t\t\t\t\t\t\t\t<div class=\"more brand-color\">\n\t\t\t\t\t\t<span class=\"ion-ios-plus-empty\"><\/span>\n\t\t\t\t\t<\/div>\n\t\t\t\t\t\t\t\t\t<\/div>\n\t\t\t<\/div>\n\t\t<\/div>\n\t<\/a>\n<\/div>\n\n<\/div>\t\t\t<div class=\"clear\"><\/div>\n\t\t<\/div>\n\t\t\t<div class=\"portfolio-item-wrap masonry-block grid-item vc_col-lg-4 norebro-project-item norebro-filter-project-467c5360ca7db882ebf0c50309edb32d norebro-filter-project-dcdfcb3cb808eb80a8499076c678050e norebro-filter-project-6f158412c63415778d714a3d82bdfcac\" data-lazy-item=\"\" data-lazy-scope=\"projects\"><div data-aos-once=\"true\" data-aos=\"fade-up\" data-aos-delay=\"0\">\n<div class=\"portfolio-item grid-1\" data-portfolio-popup=\"norebro-popup-69e00d7ba7eb2\">\n\t<a href=\"https:\/\/temax.pl\/index.php\/project\/fiszbin-rurka-ps-fi-6-x-18-mm\/\">\n\t\t<div class=\"image-wrap\"\n\t\t>\n\t\t\t\t\t\t\t<img src=\"https:\/\/temax.pl\/wp-content\/uploads\/2020\/12\/fiszbina-rurka-PS-fi-6-mm-768x512.jpg\" alt=\"fiszbin rurka\u00a0 PS\u00a0 fi 6 x 1,8 mm\">\n\t\t\t\t\t<\/div>\n\t\t<div class=\"description overlay\">\n\t\t\t<div class=\"content-center\">\n\t\t\t\t<div class=\"wrap text-center\">\n\n\t\t\t\t\t\t\t\t\t\t\t\t\t\t\t\t\t\t\t\t\t\t\t\t\t\t\t\t\t<span class=\"category\">Akcesoria do rolet i \u017caluzji<\/span>\n\t\t\t\t\t\t\t\t\t\t\t\t\t<span class=\"category\">Fiszbiny<\/span>\n\t\t\t\t\t\t\t\t\t\t\t\t\t<span class=\"category\">Profile i rury<\/span>\n\t\t\t\t\t\t\t\t\t\t\t\t\t\t\t\t\t\t\t\t\t\n\t\t\t\t\t<h4 class=\"title\">fiszbin rurka\u00a0 PS\u00a0 fi 6 x 1,8 mm<\/h4>\n\t\t\t\t\t\t\t\t\t\t<div class=\"more brand-color\">\n\t\t\t\t\t\t<span class=\"ion-ios-plus-empty\"><\/span>\n\t\t\t\t\t<\/div>\n\t\t\t\t\t\t\t\t\t<\/div>\n\t\t\t<\/div>\n\t\t<\/div>\n\t<\/a>\n<\/div>\n\n<\/div>\t\t\t<div class=\"clear\"><\/div>\n\t\t<\/div>\n\t\t\t<div class=\"portfolio-item-wrap masonry-block grid-item vc_col-lg-4 norebro-project-item norebro-filter-project-467c5360ca7db882ebf0c50309edb32d norebro-filter-project-731581ab66c734abd7c4f736c357987a norebro-filter-project-dcdfcb3cb808eb80a8499076c678050e norebro-filter-project-6f158412c63415778d714a3d82bdfcac\" data-lazy-item=\"\" data-lazy-scope=\"projects\"><div data-aos-once=\"true\" data-aos=\"fade-up\" data-aos-delay=\"100\">\n<div class=\"portfolio-item grid-1\" data-portfolio-popup=\"norebro-popup-69e00d7baa139\">\n\t<a href=\"https:\/\/temax.pl\/index.php\/project\/fiszbina-pcw-owal\/\">\n\t\t<div class=\"image-wrap\"\n\t\t>\n\t\t\t\t\t\t\t<img src=\"https:\/\/temax.pl\/wp-content\/uploads\/2020\/12\/fiszbina-PCW-owal--768x512.jpg\" alt=\"fiszbin PCW owal fi 12 x 5 mm\">\n\t\t\t\t\t<\/div>\n\t\t<div class=\"description overlay\">\n\t\t\t<div class=\"content-center\">\n\t\t\t\t<div class=\"wrap text-center\">\n\n\t\t\t\t\t\t\t\t\t\t\t\t\t\t\t\t\t\t\t\t\t\t\t\t\t\t\t\t\t<span class=\"category\">Akcesoria do rolet i \u017caluzji<\/span>\n\t\t\t\t\t\t\t\t\t\t\t\t\t<span class=\"category\">Cienkie rurki<\/span>\n\t\t\t\t\t\t\t\t\t\t\t\t\t<span class=\"category\">Fiszbiny<\/span>\n\t\t\t\t\t\t\t\t\t\t\t\t\t<span class=\"category\">Profile i rury<\/span>\n\t\t\t\t\t\t\t\t\t\t\t\t\t\t\t\t\t\t\t\t\t\n\t\t\t\t\t<h4 class=\"title\">fiszbin PCW owal fi 12 x 5 mm<\/h4>\n\t\t\t\t\t\t\t\t\t\t<div class=\"more brand-color\">\n\t\t\t\t\t\t<span class=\"ion-ios-plus-empty\"><\/span>\n\t\t\t\t\t<\/div>\n\t\t\t\t\t\t\t\t\t<\/div>\n\t\t\t<\/div>\n\t\t<\/div>\n\t<\/a>\n<\/div>\n\n<\/div>\t\t\t<div class=\"clear\"><\/div>\n\t\t<\/div>\n\t\t<\/div>\n\n\t\n<\/div>\n[\/vc_column][\/vc_row][vc_row full_width=&#8221;stretch_row&#8221; use_through_lines=&#8221;1&#8243;][vc_column][vc_empty_space height=&#8221;250px&#8221; el_class=&#8221;norebro-phone-space&#8221;][\/vc_column][\/vc_row]\n","protected":false},"excerpt":{"rendered":"<p>[vc_row full_width=&#8221;stretch_row&#8221; use_through_lines=&#8221;1&#8243; css=&#8221;.vc_custom_1507633330521{background-color: #f5fafd !important;}&#8221;][vc_column][vc_empty_space height=&#8221;160px&#8221; el_class=&#8221;norebro-phone-space&#8221;][\/vc_column][\/vc_row][vc_row full_width=&#8221;stretch_row&#8221; use_through_lines=&#8221;1&#8243; css=&#8221;.vc_custom_1608648076442{background-color: #f5fafd !important;}&#8221; side_background_title=&#8221;\/akcesoria&#8230;<\/p>\n","protected":false},"author":1,"featured_media":0,"parent":0,"menu_order":0,"comment_status":"closed","ping_status":"closed","template":"","meta":[],"yoast_head":"<!-- This site is optimized with the Yoast SEO plugin v19.3 - https:\/\/yoast.com\/wordpress\/plugins\/seo\/ -->\n<title>Window blinds accessories - Temax<\/title>\n<meta name=\"robots\" content=\"index, follow, max-snippet:-1, max-image-preview:large, max-video-preview:-1\" \/>\n<link rel=\"canonical\" href=\"https:\/\/temax.pl\/index.php\/window-blinds-accessories\/\" \/>\n<meta property=\"og:locale\" content=\"pl_PL\" \/>\n<meta property=\"og:type\" content=\"article\" \/>\n<meta property=\"og:title\" content=\"Window blinds accessories - Temax\" \/>\n<meta property=\"og:description\" content=\"[vc_row full_width=&#8221;stretch_row&#8221; use_through_lines=&#8221;1&#8243; css=&#8221;.vc_custom_1507633330521{background-color: #f5fafd !important;}&#8221;][vc_column][vc_empty_space height=&#8221;160px&#8221; el_class=&#8221;norebro-phone-space&#8221;][\/vc_column][\/vc_row][vc_row full_width=&#8221;stretch_row&#8221; use_through_lines=&#8221;1&#8243; css=&#8221;.vc_custom_1608648076442{background-color: #f5fafd !important;}&#8221; side_background_title=&#8221;\/akcesoria...\" \/>\n<meta property=\"og:url\" content=\"https:\/\/temax.pl\/index.php\/window-blinds-accessories\/?lang=en\" \/>\n<meta property=\"og:site_name\" content=\"Temax\" \/>\n<meta property=\"article:modified_time\" content=\"2021-01-28T09:49:03+00:00\" \/>\n<meta name=\"twitter:card\" content=\"summary_large_image\" \/>\n<meta name=\"twitter:label1\" content=\"Szacowany czas czytania\" \/>\n\t<meta name=\"twitter:data1\" content=\"1 minuta\" \/>\n<script type=\"application\/ld+json\" class=\"yoast-schema-graph\">{\"@context\":\"https:\/\/schema.org\",\"@graph\":[{\"@type\":\"WebSite\",\"@id\":\"https:\/\/temax.pl\/#website\",\"url\":\"https:\/\/temax.pl\/\",\"name\":\"Temax\",\"description\":\"Produkujemy mi\u0119dzy innymi rury o \u015brednicach od 1 do 80 mm, listwy cenowe, listwy plakatowe, profile, cz\u0119\u015bci samochodowe, artyku\u0142y reklamowe oraz artyku\u0142y gospodarstwa domowego.\",\"potentialAction\":[{\"@type\":\"SearchAction\",\"target\":{\"@type\":\"EntryPoint\",\"urlTemplate\":\"https:\/\/temax.pl\/?s={search_term_string}\"},\"query-input\":\"required name=search_term_string\"}],\"inLanguage\":\"pl-PL\"},{\"@type\":\"WebPage\",\"@id\":\"https:\/\/temax.pl\/index.php\/window-blinds-accessories\/?lang=en\",\"url\":\"https:\/\/temax.pl\/index.php\/window-blinds-accessories\/?lang=en\",\"name\":\"Window blinds accessories - Temax\",\"isPartOf\":{\"@id\":\"https:\/\/temax.pl\/#website\"},\"datePublished\":\"2021-01-27T23:39:01+00:00\",\"dateModified\":\"2021-01-28T09:49:03+00:00\",\"breadcrumb\":{\"@id\":\"https:\/\/temax.pl\/index.php\/window-blinds-accessories\/?lang=en#breadcrumb\"},\"inLanguage\":\"pl-PL\",\"potentialAction\":[{\"@type\":\"ReadAction\",\"target\":[\"https:\/\/temax.pl\/index.php\/window-blinds-accessories\/?lang=en\"]}]},{\"@type\":\"BreadcrumbList\",\"@id\":\"https:\/\/temax.pl\/index.php\/window-blinds-accessories\/?lang=en#breadcrumb\",\"itemListElement\":[{\"@type\":\"ListItem\",\"position\":1,\"name\":\"Strona g\u0142\u00f3wna\",\"item\":\"https:\/\/temax.pl\/\"},{\"@type\":\"ListItem\",\"position\":2,\"name\":\"Window blinds accessories\"}]}]}<\/script>\n<!-- \/ Yoast SEO plugin. -->","yoast_head_json":{"title":"Window blinds accessories - Temax","robots":{"index":"index","follow":"follow","max-snippet":"max-snippet:-1","max-image-preview":"max-image-preview:large","max-video-preview":"max-video-preview:-1"},"canonical":"https:\/\/temax.pl\/index.php\/window-blinds-accessories\/","og_locale":"pl_PL","og_type":"article","og_title":"Window blinds accessories - Temax","og_description":"[vc_row full_width=&#8221;stretch_row&#8221; use_through_lines=&#8221;1&#8243; css=&#8221;.vc_custom_1507633330521{background-color: #f5fafd !important;}&#8221;][vc_column][vc_empty_space height=&#8221;160px&#8221; el_class=&#8221;norebro-phone-space&#8221;][\/vc_column][\/vc_row][vc_row full_width=&#8221;stretch_row&#8221; use_through_lines=&#8221;1&#8243; css=&#8221;.vc_custom_1608648076442{background-color: #f5fafd !important;}&#8221; side_background_title=&#8221;\/akcesoria...","og_url":"https:\/\/temax.pl\/index.php\/window-blinds-accessories\/?lang=en","og_site_name":"Temax","article_modified_time":"2021-01-28T09:49:03+00:00","twitter_card":"summary_large_image","twitter_misc":{"Szacowany czas czytania":"1 minuta"},"schema":{"@context":"https:\/\/schema.org","@graph":[{"@type":"WebSite","@id":"https:\/\/temax.pl\/#website","url":"https:\/\/temax.pl\/","name":"Temax","description":"Produkujemy mi\u0119dzy innymi rury o \u015brednicach od 1 do 80 mm, listwy cenowe, listwy plakatowe, profile, cz\u0119\u015bci samochodowe, artyku\u0142y reklamowe oraz artyku\u0142y gospodarstwa domowego.","potentialAction":[{"@type":"SearchAction","target":{"@type":"EntryPoint","urlTemplate":"https:\/\/temax.pl\/?s={search_term_string}"},"query-input":"required name=search_term_string"}],"inLanguage":"pl-PL"},{"@type":"WebPage","@id":"https:\/\/temax.pl\/index.php\/window-blinds-accessories\/?lang=en","url":"https:\/\/temax.pl\/index.php\/window-blinds-accessories\/?lang=en","name":"Window blinds accessories - Temax","isPartOf":{"@id":"https:\/\/temax.pl\/#website"},"datePublished":"2021-01-27T23:39:01+00:00","dateModified":"2021-01-28T09:49:03+00:00","breadcrumb":{"@id":"https:\/\/temax.pl\/index.php\/window-blinds-accessories\/?lang=en#breadcrumb"},"inLanguage":"pl-PL","potentialAction":[{"@type":"ReadAction","target":["https:\/\/temax.pl\/index.php\/window-blinds-accessories\/?lang=en"]}]},{"@type":"BreadcrumbList","@id":"https:\/\/temax.pl\/index.php\/window-blinds-accessories\/?lang=en#breadcrumb","itemListElement":[{"@type":"ListItem","position":1,"name":"Strona g\u0142\u00f3wna","item":"https:\/\/temax.pl\/"},{"@type":"ListItem","position":2,"name":"Window blinds accessories"}]}]}},"_links":{"self":[{"href":"https:\/\/temax.pl\/index.php\/wp-json\/wp\/v2\/pages\/5656419"}],"collection":[{"href":"https:\/\/temax.pl\/index.php\/wp-json\/wp\/v2\/pages"}],"about":[{"href":"https:\/\/temax.pl\/index.php\/wp-json\/wp\/v2\/types\/page"}],"author":[{"embeddable":true,"href":"https:\/\/temax.pl\/index.php\/wp-json\/wp\/v2\/users\/1"}],"replies":[{"embeddable":true,"href":"https:\/\/temax.pl\/index.php\/wp-json\/wp\/v2\/comments?post=5656419"}],"version-history":[{"count":3,"href":"https:\/\/temax.pl\/index.php\/wp-json\/wp\/v2\/pages\/5656419\/revisions"}],"predecessor-version":[{"id":5656478,"href":"https:\/\/temax.pl\/index.php\/wp-json\/wp\/v2\/pages\/5656419\/revisions\/5656478"}],"wp:attachment":[{"href":"https:\/\/temax.pl\/index.php\/wp-json\/wp\/v2\/media?parent=5656419"}],"curies":[{"name":"wp","href":"https:\/\/api.w.org\/{rel}","templated":true}]}}