{"id":5656227,"date":"2020-12-22T15:42:37","date_gmt":"2020-12-22T14:42:37","guid":{"rendered":"https:\/\/temax.pl\/?page_id=5656227"},"modified":"2025-05-19T14:08:22","modified_gmt":"2025-05-19T12:08:22","slug":"akcesoria-do-rolet-i-zaluzji","status":"publish","type":"page","link":"https:\/\/temax.pl\/index.php\/akcesoria-do-rolet-i-zaluzji\/","title":{"rendered":"Akcesoria do rolet i \u017caluzji"},"content":{"rendered":"[vc_row full_width=&#8221;stretch_row&#8221; use_through_lines=&#8221;1&#8243; css=&#8221;.vc_custom_1507633330521{background-color: #f5fafd !important;}&#8221;][vc_column][vc_empty_space height=&#8221;160px&#8221; el_class=&#8221;norebro-phone-space&#8221;][\/vc_column][\/vc_row][vc_row full_width=&#8221;stretch_row&#8221; use_through_lines=&#8221;1&#8243; css=&#8221;.vc_custom_1608648076442{background-color: #f5fafd !important;}&#8221; side_background_title=&#8221;\/akcesoria do rolet i \u017caluzji&#8221; side_background_title_color=&#8221;#ebeff4&#8243; side_background_title_typo=&#8221;font_size~80||letter_spacing~-1||weight~600&#8243; el_class=&#8221;nor-top-layer&#8221;][vc_column el_class=&#8221;nrb-recent-projects&#8221;]<div class=\"norebro-heading-sc heading text-left\"\n\tid=\"norebro-custom-69ea38abe6855\" \n\t \n\t>\n\t\n\t\t\t<p class=\"subtitle\">\n\t\t\t\t\t<\/p>\n\t\n\t\n\t<h3 class=\"title subtitle-top\">\n\t\tAkcesoria do rolet i \u017caluzji\t<\/h3>\n\n\t\n\t\t\n<\/div><div data-norebro-portfolio-grid=\"true\"\n\tid=\"norebro-custom-69ea38abed108\"\n\tclass=\"norebro-recent-projects-sc\"\n\t\t>\n\n\t\t\t\t\t<div class=\"portfolio-sorting text-left\" data-filter=\"portfolio\">\n\t\t\t<ul class=\"unstyled\">\n\t\t\t\t<li>\n\t\t\t\t\t<a class=\"active\" href=\"#all\" data-isotope-filter=\"*\">\n\t\t\t\t\t\t<span class=\"name\">All<\/span>\n\t\t\t\t\t\t<span class=\"num\"><\/span>\n\t\t\t\t\t<\/a>\n\t\t\t\t<\/li>\n\t\t\t\t\t\t\t\t\t<li>\n\t\t\t\t\t\t<a href=\"#akcesoria-do-rolet-i-zaluzji\" data-isotope-filter=\".norebro-filter-project-467c5360ca7db882ebf0c50309edb32d\">\n\t\t\t\t\t\t\t<span class=\"name\">Akcesoria do rolet i \u017caluzji<\/span>\n\t\t\t\t\t\t\t<span class=\"num\"><\/span>\n\t\t\t\t\t\t<\/a>\n\t\t\t\t\t<\/li>\n\t\t\t\t\t\t\t<\/ul>\n\t\t<\/div>\n\t\t\t\n\t\n\t<div class=\"vc_row  with-sorting\" data-isotope-grid=\"true\" data-lazy-container=\"projects\">\n\n\t\t\n\t\t\t\t<div class=\"portfolio-item-wrap masonry-block grid-item vc_col-lg-4 norebro-project-item norebro-filter-project-467c5360ca7db882ebf0c50309edb32d norebro-filter-project-6f158412c63415778d714a3d82bdfcac\" data-lazy-item=\"\" data-lazy-scope=\"projects\"><div data-aos-once=\"true\" data-aos=\"fade-up\" data-aos-delay=\"0\">\n<div class=\"portfolio-item grid-1\">\n\t<a href=\"https:\/\/temax.pl\/index.php\/project\/obciaznik-ps-plaskownik-20x5\/\">\n\t\t<div class=\"image-wrap\"\n\t\t>\n\t\t\t\t\t\t\t<img src=\"https:\/\/temax.pl\/wp-content\/uploads\/2020\/12\/obciaznik-PS-plaskownik-20-x-5-768x512.jpg\" alt=\"Obci\u0105\u017cnik PS p\u0142askownik 20&#215;5\">\n\t\t\t\t\t<\/div>\n\t\t<div class=\"description overlay\">\n\t\t\t<div class=\"content-center\">\n\t\t\t\t<div class=\"wrap text-center\">\n\n\t\t\t\t\t\t\t\t\t\t\t\t\t\t\t\t\t\t\t\t\t\t\t\t\t\t\t\t\t<span class=\"category\">Akcesoria do rolet i \u017caluzji<\/span>\n\t\t\t\t\t\t\t\t\t\t\t\t\t<span class=\"category\">Profile i rury<\/span>\n\t\t\t\t\t\t\t\t\t\t\t\t\t\t\t\t\t\t\t\t\t\n\t\t\t\t\t<h4 class=\"title\">Obci\u0105\u017cnik PS p\u0142askownik 20&#215;5<\/h4>\n\t\t\t\t\t\t\t\t\t\t<div class=\"more brand-color\">\n\t\t\t\t\t\t<span class=\"ion-ios-plus-empty\"><\/span>\n\t\t\t\t\t<\/div>\n\t\t\t\t\t\t\t\t\t<\/div>\n\t\t\t<\/div>\n\t\t<\/div>\n\t<\/a>\n<\/div>\n\n<\/div>\t\t\t<div class=\"clear\"><\/div>\n\t\t<\/div>\n\t\t\t<div class=\"portfolio-item-wrap masonry-block grid-item vc_col-lg-4 norebro-project-item norebro-filter-project-467c5360ca7db882ebf0c50309edb32d norebro-filter-project-6f158412c63415778d714a3d82bdfcac\" data-lazy-item=\"\" data-lazy-scope=\"projects\"><div data-aos-once=\"true\" data-aos=\"fade-up\" data-aos-delay=\"100\">\n<div class=\"portfolio-item grid-1\">\n\t<a href=\"https:\/\/temax.pl\/index.php\/project\/obciaznik-pcw-owal-maly\/\">\n\t\t<div class=\"image-wrap\"\n\t\t>\n\t\t\t\t\t\t\t<img src=\"https:\/\/temax.pl\/wp-content\/uploads\/2020\/12\/obciaznik-PCW-owal-maly-768x512.jpg\" alt=\"obci\u0105\u017cnik PCW owal ma\u0142y\">\n\t\t\t\t\t<\/div>\n\t\t<div class=\"description overlay\">\n\t\t\t<div class=\"content-center\">\n\t\t\t\t<div class=\"wrap text-center\">\n\n\t\t\t\t\t\t\t\t\t\t\t\t\t\t\t\t\t\t\t\t\t\t\t\t\t\t\t\t\t<span class=\"category\">Akcesoria do rolet i \u017caluzji<\/span>\n\t\t\t\t\t\t\t\t\t\t\t\t\t<span class=\"category\">Profile i rury<\/span>\n\t\t\t\t\t\t\t\t\t\t\t\t\t\t\t\t\t\t\t\t\t\n\t\t\t\t\t<h4 class=\"title\">obci\u0105\u017cnik PCW owal ma\u0142y<\/h4>\n\t\t\t\t\t\t\t\t\t\t<div class=\"more brand-color\">\n\t\t\t\t\t\t<span class=\"ion-ios-plus-empty\"><\/span>\n\t\t\t\t\t<\/div>\n\t\t\t\t\t\t\t\t\t<\/div>\n\t\t\t<\/div>\n\t\t<\/div>\n\t<\/a>\n<\/div>\n\n<\/div>\t\t\t<div class=\"clear\"><\/div>\n\t\t<\/div>\n\t\t\t<div class=\"portfolio-item-wrap masonry-block grid-item vc_col-lg-4 norebro-project-item norebro-filter-project-467c5360ca7db882ebf0c50309edb32d norebro-filter-project-6f158412c63415778d714a3d82bdfcac\" data-lazy-item=\"\" data-lazy-scope=\"projects\"><div data-aos-once=\"true\" data-aos=\"fade-up\" data-aos-delay=\"250\">\n<div class=\"portfolio-item grid-1\">\n\t<a href=\"https:\/\/temax.pl\/index.php\/project\/obciaznik-pcw-owal-duzy\/\">\n\t\t<div class=\"image-wrap\"\n\t\t>\n\t\t\t\t\t\t\t<img src=\"https:\/\/temax.pl\/wp-content\/uploads\/2020\/12\/obciaznik-PCW-owal-duzy--768x512.jpg\" alt=\"obci\u0105\u017cnik PCW owal du\u017cy\">\n\t\t\t\t\t<\/div>\n\t\t<div class=\"description overlay\">\n\t\t\t<div class=\"content-center\">\n\t\t\t\t<div class=\"wrap text-center\">\n\n\t\t\t\t\t\t\t\t\t\t\t\t\t\t\t\t\t\t\t\t\t\t\t\t\t\t\t\t\t<span class=\"category\">Akcesoria do rolet i \u017caluzji<\/span>\n\t\t\t\t\t\t\t\t\t\t\t\t\t<span class=\"category\">Profile i rury<\/span>\n\t\t\t\t\t\t\t\t\t\t\t\t\t\t\t\t\t\t\t\t\t\n\t\t\t\t\t<h4 class=\"title\">obci\u0105\u017cnik PCW owal du\u017cy<\/h4>\n\t\t\t\t\t\t\t\t\t\t<div class=\"more brand-color\">\n\t\t\t\t\t\t<span class=\"ion-ios-plus-empty\"><\/span>\n\t\t\t\t\t<\/div>\n\t\t\t\t\t\t\t\t\t<\/div>\n\t\t\t<\/div>\n\t\t<\/div>\n\t<\/a>\n<\/div>\n\n<\/div>\t\t\t<div class=\"clear\"><\/div>\n\t\t<\/div>\n\t\t\t<div class=\"portfolio-item-wrap masonry-block grid-item vc_col-lg-4 norebro-project-item norebro-filter-project-467c5360ca7db882ebf0c50309edb32d norebro-filter-project-6f158412c63415778d714a3d82bdfcac\" data-lazy-item=\"\" data-lazy-scope=\"projects\"><div data-aos-once=\"true\" data-aos=\"fade-up\" data-aos-delay=\"0\">\n<div class=\"portfolio-item grid-1\">\n\t<a href=\"https:\/\/temax.pl\/index.php\/project\/obciaznik-ps-owal-maly\/\">\n\t\t<div class=\"image-wrap\"\n\t\t>\n\t\t\t\t\t\t\t<img src=\"https:\/\/temax.pl\/wp-content\/uploads\/2020\/12\/obciaznik-PS-owal-maly-768x512.jpg\" alt=\"Obci\u0105\u017cnik PS owal ma\u0142y\">\n\t\t\t\t\t<\/div>\n\t\t<div class=\"description overlay\">\n\t\t\t<div class=\"content-center\">\n\t\t\t\t<div class=\"wrap text-center\">\n\n\t\t\t\t\t\t\t\t\t\t\t\t\t\t\t\t\t\t\t\t\t\t\t\t\t\t\t\t\t<span class=\"category\">Akcesoria do rolet i \u017caluzji<\/span>\n\t\t\t\t\t\t\t\t\t\t\t\t\t<span class=\"category\">Profile i rury<\/span>\n\t\t\t\t\t\t\t\t\t\t\t\t\t\t\t\t\t\t\t\t\t\n\t\t\t\t\t<h4 class=\"title\">Obci\u0105\u017cnik PS owal ma\u0142y<\/h4>\n\t\t\t\t\t\t\t\t\t\t<div class=\"more brand-color\">\n\t\t\t\t\t\t<span class=\"ion-ios-plus-empty\"><\/span>\n\t\t\t\t\t<\/div>\n\t\t\t\t\t\t\t\t\t<\/div>\n\t\t\t<\/div>\n\t\t<\/div>\n\t<\/a>\n<\/div>\n\n<\/div>\t\t\t<div class=\"clear\"><\/div>\n\t\t<\/div>\n\t\t\t<div class=\"portfolio-item-wrap masonry-block grid-item vc_col-lg-4 norebro-project-item norebro-filter-project-467c5360ca7db882ebf0c50309edb32d norebro-filter-project-731581ab66c734abd7c4f736c357987a norebro-filter-project-dcdfcb3cb808eb80a8499076c678050e norebro-filter-project-6f158412c63415778d714a3d82bdfcac\" data-lazy-item=\"\" data-lazy-scope=\"projects\"><div data-aos-once=\"true\" data-aos=\"fade-up\" data-aos-delay=\"100\">\n<div class=\"portfolio-item grid-1\">\n\t<a href=\"https:\/\/temax.pl\/index.php\/project\/fiszbin-rurka-ps-fi-45-x-1-mm\/\">\n\t\t<div class=\"image-wrap\"\n\t\t>\n\t\t\t\t\t\t\t<img src=\"https:\/\/temax.pl\/wp-content\/uploads\/2020\/12\/fiszbina-rurka-PS-fi-45-x-1-mm-768x512.jpg\" alt=\"fiszbin rurka\u00a0 PS\u00a0 fi 4,5 x 1 mm\">\n\t\t\t\t\t<\/div>\n\t\t<div class=\"description overlay\">\n\t\t\t<div class=\"content-center\">\n\t\t\t\t<div class=\"wrap text-center\">\n\n\t\t\t\t\t\t\t\t\t\t\t\t\t\t\t\t\t\t\t\t\t\t\t\t\t\t\t\t\t<span class=\"category\">Akcesoria do rolet i \u017caluzji<\/span>\n\t\t\t\t\t\t\t\t\t\t\t\t\t<span class=\"category\">Cienkie rurki<\/span>\n\t\t\t\t\t\t\t\t\t\t\t\t\t<span class=\"category\">Fiszbiny<\/span>\n\t\t\t\t\t\t\t\t\t\t\t\t\t<span class=\"category\">Profile i rury<\/span>\n\t\t\t\t\t\t\t\t\t\t\t\t\t\t\t\t\t\t\t\t\t\n\t\t\t\t\t<h4 class=\"title\">fiszbin rurka\u00a0 PS\u00a0 fi 4,5 x 1 mm<\/h4>\n\t\t\t\t\t\t\t\t\t\t<div class=\"more brand-color\">\n\t\t\t\t\t\t<span class=\"ion-ios-plus-empty\"><\/span>\n\t\t\t\t\t<\/div>\n\t\t\t\t\t\t\t\t\t<\/div>\n\t\t\t<\/div>\n\t\t<\/div>\n\t<\/a>\n<\/div>\n\n<\/div>\t\t\t<div class=\"clear\"><\/div>\n\t\t<\/div>\n\t\t\t<div class=\"portfolio-item-wrap masonry-block grid-item vc_col-lg-4 norebro-project-item norebro-filter-project-467c5360ca7db882ebf0c50309edb32d norebro-filter-project-731581ab66c734abd7c4f736c357987a norebro-filter-project-dcdfcb3cb808eb80a8499076c678050e norebro-filter-project-6f158412c63415778d714a3d82bdfcac\" data-lazy-item=\"\" data-lazy-scope=\"projects\"><div data-aos-once=\"true\" data-aos=\"fade-up\" data-aos-delay=\"250\">\n<div class=\"portfolio-item grid-1\">\n\t<a href=\"https:\/\/temax.pl\/index.php\/project\/fiszbin-rurka-ps-fi-45-x-125-mm\/\">\n\t\t<div class=\"image-wrap\"\n\t\t>\n\t\t\t\t\t\t\t<img src=\"https:\/\/temax.pl\/wp-content\/uploads\/2020\/12\/fiszbina-rurka-PS-fi-45-mm-768x512.jpg\" alt=\"fiszbin rurka\u00a0 PS\u00a0 fi 4,5 x 1,25 mm\">\n\t\t\t\t\t<\/div>\n\t\t<div class=\"description overlay\">\n\t\t\t<div class=\"content-center\">\n\t\t\t\t<div class=\"wrap text-center\">\n\n\t\t\t\t\t\t\t\t\t\t\t\t\t\t\t\t\t\t\t\t\t\t\t\t\t\t\t\t\t<span class=\"category\">Akcesoria do rolet i \u017caluzji<\/span>\n\t\t\t\t\t\t\t\t\t\t\t\t\t<span class=\"category\">Cienkie rurki<\/span>\n\t\t\t\t\t\t\t\t\t\t\t\t\t<span class=\"category\">Fiszbiny<\/span>\n\t\t\t\t\t\t\t\t\t\t\t\t\t<span class=\"category\">Profile i rury<\/span>\n\t\t\t\t\t\t\t\t\t\t\t\t\t\t\t\t\t\t\t\t\t\n\t\t\t\t\t<h4 class=\"title\">fiszbin rurka\u00a0 PS\u00a0 fi 4,5 x 1,25 mm<\/h4>\n\t\t\t\t\t\t\t\t\t\t<div class=\"more brand-color\">\n\t\t\t\t\t\t<span class=\"ion-ios-plus-empty\"><\/span>\n\t\t\t\t\t<\/div>\n\t\t\t\t\t\t\t\t\t<\/div>\n\t\t\t<\/div>\n\t\t<\/div>\n\t<\/a>\n<\/div>\n\n<\/div>\t\t\t<div class=\"clear\"><\/div>\n\t\t<\/div>\n\t\t\t<div class=\"portfolio-item-wrap masonry-block grid-item vc_col-lg-4 norebro-project-item norebro-filter-project-467c5360ca7db882ebf0c50309edb32d norebro-filter-project-dcdfcb3cb808eb80a8499076c678050e norebro-filter-project-6f158412c63415778d714a3d82bdfcac\" data-lazy-item=\"\" data-lazy-scope=\"projects\"><div data-aos-once=\"true\" data-aos=\"fade-up\" data-aos-delay=\"0\">\n<div class=\"portfolio-item grid-1\">\n\t<a href=\"https:\/\/temax.pl\/index.php\/project\/fiszbin-rurka-ps-fi-6-x-18-mm\/\">\n\t\t<div class=\"image-wrap\"\n\t\t>\n\t\t\t\t\t\t\t<img src=\"https:\/\/temax.pl\/wp-content\/uploads\/2020\/12\/fiszbina-rurka-PS-fi-6-mm-768x512.jpg\" alt=\"fiszbin rurka\u00a0 PS\u00a0 fi 6 x 1,8 mm\">\n\t\t\t\t\t<\/div>\n\t\t<div class=\"description overlay\">\n\t\t\t<div class=\"content-center\">\n\t\t\t\t<div class=\"wrap text-center\">\n\n\t\t\t\t\t\t\t\t\t\t\t\t\t\t\t\t\t\t\t\t\t\t\t\t\t\t\t\t\t<span class=\"category\">Akcesoria do rolet i \u017caluzji<\/span>\n\t\t\t\t\t\t\t\t\t\t\t\t\t<span class=\"category\">Fiszbiny<\/span>\n\t\t\t\t\t\t\t\t\t\t\t\t\t<span class=\"category\">Profile i rury<\/span>\n\t\t\t\t\t\t\t\t\t\t\t\t\t\t\t\t\t\t\t\t\t\n\t\t\t\t\t<h4 class=\"title\">fiszbin rurka\u00a0 PS\u00a0 fi 6 x 1,8 mm<\/h4>\n\t\t\t\t\t\t\t\t\t\t<div class=\"more brand-color\">\n\t\t\t\t\t\t<span class=\"ion-ios-plus-empty\"><\/span>\n\t\t\t\t\t<\/div>\n\t\t\t\t\t\t\t\t\t<\/div>\n\t\t\t<\/div>\n\t\t<\/div>\n\t<\/a>\n<\/div>\n\n<\/div>\t\t\t<div class=\"clear\"><\/div>\n\t\t<\/div>\n\t\t\t<div class=\"portfolio-item-wrap masonry-block grid-item vc_col-lg-4 norebro-project-item norebro-filter-project-467c5360ca7db882ebf0c50309edb32d norebro-filter-project-731581ab66c734abd7c4f736c357987a norebro-filter-project-dcdfcb3cb808eb80a8499076c678050e norebro-filter-project-6f158412c63415778d714a3d82bdfcac\" data-lazy-item=\"\" data-lazy-scope=\"projects\"><div data-aos-once=\"true\" data-aos=\"fade-up\" data-aos-delay=\"100\">\n<div class=\"portfolio-item grid-1\">\n\t<a href=\"https:\/\/temax.pl\/index.php\/project\/fiszbina-pcw-owal\/\">\n\t\t<div class=\"image-wrap\"\n\t\t>\n\t\t\t\t\t\t\t<img src=\"https:\/\/temax.pl\/wp-content\/uploads\/2020\/12\/fiszbina-PCW-owal--768x512.jpg\" alt=\"fiszbin PCW owal fi 12 x 5 mm\">\n\t\t\t\t\t<\/div>\n\t\t<div class=\"description overlay\">\n\t\t\t<div class=\"content-center\">\n\t\t\t\t<div class=\"wrap text-center\">\n\n\t\t\t\t\t\t\t\t\t\t\t\t\t\t\t\t\t\t\t\t\t\t\t\t\t\t\t\t\t<span class=\"category\">Akcesoria do rolet i \u017caluzji<\/span>\n\t\t\t\t\t\t\t\t\t\t\t\t\t<span class=\"category\">Cienkie rurki<\/span>\n\t\t\t\t\t\t\t\t\t\t\t\t\t<span class=\"category\">Fiszbiny<\/span>\n\t\t\t\t\t\t\t\t\t\t\t\t\t<span class=\"category\">Profile i rury<\/span>\n\t\t\t\t\t\t\t\t\t\t\t\t\t\t\t\t\t\t\t\t\t\n\t\t\t\t\t<h4 class=\"title\">fiszbin PCW owal fi 12 x 5 mm<\/h4>\n\t\t\t\t\t\t\t\t\t\t<div class=\"more brand-color\">\n\t\t\t\t\t\t<span class=\"ion-ios-plus-empty\"><\/span>\n\t\t\t\t\t<\/div>\n\t\t\t\t\t\t\t\t\t<\/div>\n\t\t\t<\/div>\n\t\t<\/div>\n\t<\/a>\n<\/div>\n\n<\/div>\t\t\t<div class=\"clear\"><\/div>\n\t\t<\/div>\n\t\t<\/div>\n\n\t\n<\/div>\n[\/vc_column][\/vc_row][vc_row full_width=&#8221;stretch_row&#8221; use_through_lines=&#8221;1&#8243;][vc_column][vc_empty_space height=&#8221;250px&#8221; el_class=&#8221;norebro-phone-space&#8221;][\/vc_column][\/vc_row][vc_row][vc_column][vc_column_text]\n<h1>Obci\u0105\u017cniki do rolet rzymskich prosto od producenta<\/h1>\n<p>Obci\u0105\u017cniki do rolet rzymskich pozwalaj\u0105 im elegancko i schludnie zwisa\u0107, dzi\u0119ki czemu ich wygl\u0105d staje si\u0119 ozdob\u0105 nie tylko dla okna, ale r\u00f3wnie\u017c domu! Aby roleta rzymska w pe\u0142ni spe\u0142nia\u0142a swoj\u0105 funkcj\u0119, konieczne jest za\u0142o\u017cenie obci\u0105\u017cnik\u00f3w do rolet rzymskich w celu usztywniania &#8211; tkanina b\u0119dzie w odpowiedni spos\u00f3b wsp\u00f3\u0142gra\u0107 z przestrzeni\u0105 okienn\u0105. W roletach wykonanych z delikatnego i bardziej zwiewnego materia\u0142u zalecane s\u0105 nieco delikatniejsze obci\u0105\u017cniki.<\/p>\n<p>Potrzebujesz odpowiedniego rozmiaru obci\u0105\u017cnika dla swoich rolet rzymskich? Z\u0142\u00f3\u017c indywidualne zam\u00f3wienie na obci\u0105\u017cniki do rolet mierz\u0105c szeroko\u015b\u0107 rolety &#8211; podany wymiar b\u0119dzie wyznacznikiem rozmiaru obci\u0105\u017cnika. Dopasujemy go zgodnie z \u017cyczeniem klienta. Zapraszamy!<\/p>\n<h2>Patyczki do rolet rzymskich<\/h2>\n<p><span style=\"font-weight: 400;\">Patyczki do rolety rzymskiej odpowiedzialne s\u0105 za odpowiedni i estetyczny wygl\u0105d samych rolet. Fiszbiny usztywniaj\u0105 rolet\u0119 rzymsk\u0105, przez do zak\u0142adki powsta\u0142e ze z\u0142o\u017conych materia\u0142\u00f3w uk\u0142adaj\u0105 si\u0119 w proste i r\u00f3wne fa\u0142dy. Co wi\u0119cej pr\u0119ty transparentne nie rzucaj\u0105 si\u0119 w oczy, przez co nie zaburzaj\u0105 estetyki samych rolet. Patyczki do rolet rzymskich (fiszbiny) sprzedawane s\u0105 w odcinkach doci\u0119tych zgodnie z \u017cyczeniem klienta.<\/span><\/p>\n<p><span style=\"font-weight: 400;\">W naszym sklepie &#8211; opieraj\u0105c si\u0119 na wymiarach &#8211; znajdziesz odpowiednie patyczki do rolet rzymskich, kt\u00f3re sprawi\u0105, \u017ce twoje okna b\u0119d\u0105 prezentowa\u0107 si\u0119 niezwykle dobrze, a ciebie z pewno\u015bci\u0105 b\u0119dzie cieszy\u0107 efekt, kt\u00f3ry uzyskasz!<\/span><\/p>\n<h2>Fiszbiny do rolet od Temax<\/h2>\n<p><span style=\"font-weight: 400;\">Jak wiadomo, fiszbiny do rolet rzymskich sprawiaj\u0105, \u017ce tkanina prezentuje si\u0119 niezwykle dobrze, a tak\u017ce os\u0142ania okno w spos\u00f3b prawid\u0142owy. Fiszbiny do rolet dost\u0119pne w Temax pozwalaj\u0105 na dopasowanie produktu do oczekiwa\u0144 klienta i <\/span><span style=\"font-weight: 400;\">wymiar\u00f3w samej rolety. <\/span><\/p>\n<h2>Szprosy do rolet wysokiej jako\u015bci<\/h2>\n<p><span style=\"font-weight: 400;\">Rolety rzymskie nadaj\u0105 wn\u0119trzom przytulnego, a zarazem eleganckiego wygl\u0105du. Chroni\u0105 r\u00f3wnie\u017c przed ostrym s\u0142o\u0144cem, szczeg\u00f3lnie podczas letnich i ciep\u0142ych dni. Aby jednak rolety dzia\u0142a\u0142y prawid\u0142owo, nale\u017cy dopasowa\u0107 do nich nie tylko odpowiednie karnisze, ale r\u00f3wnie\u017c szprosy do rolet. Produkowane w Temax szprosy do rolet rzymskich wykonane s\u0105 z wysokiej jako\u015bci materia\u0142\u00f3w, dzi\u0119ki czemu mog\u0105 one s\u0142u\u017cy\u0107 przez niezwykle d\u0142ugi czas. W\u015br\u00f3d naszych produkt\u00f3w ka\u017cdy znajdzie co\u015b dla siebie, a my ch\u0119tnie pomo\u017cemy! Sprawd\u017a nasze szprosy do rolet rzymskich i ciesz si\u0119 wysok\u0105 jako\u015bci\u0105 i niepowtarzalnym designem.<\/span><\/p>\n<h3>Fiszbiny do rolet rzymskich &#8211; jak je dopasowa\u0107?<\/h3>\n<p>Elementy jakimi s\u0105 fiszbiny do rolet rzymskich wymagaj\u0105 jednak ustalenia odpowiednich wymiar\u00f3w &#8211; tylko wtedy b\u0119d\u0105 prezentowa\u0107 si\u0119 bez najmniejszego zarzutu! Fiszbiny do rolet, kt\u00f3re s\u0105 odpowiednio dopasowane spe\u0142niaj\u0105 swoje zadanie i nadaj\u0105 charakteru aran\u017cacji. Zapraszamy do kontaktu w celu z\u0142o\u017cenia zam\u00f3wienia &#8211; pomo\u017cemy ustali\u0107 ilo\u015b\u0107, rozmiary i rodzaj fiszbin do rolet.<\/p>\n<p>Sprawd\u017a r\u00f3wnie\u017c: <a href=\"https:\/\/temax.pl\/index.php\/akcesoria-reklamowe\/\">kolorowe rurki<\/a>, <a href=\"https:\/\/temax.pl\/index.php\/profile-i-rury\/\">cienkie rurki i profile z PCV\u00a0<\/a>[\/vc_column_text][\/vc_column][\/vc_row]\n","protected":false},"excerpt":{"rendered":"<p>[vc_row full_width=&#8221;stretch_row&#8221; use_through_lines=&#8221;1&#8243; css=&#8221;.vc_custom_1507633330521{background-color: #f5fafd !important;}&#8221;][vc_column][vc_empty_space height=&#8221;160px&#8221; el_class=&#8221;norebro-phone-space&#8221;][\/vc_column][\/vc_row][vc_row full_width=&#8221;stretch_row&#8221; use_through_lines=&#8221;1&#8243; css=&#8221;.vc_custom_1608648076442{background-color: #f5fafd !important;}&#8221; side_background_title=&#8221;\/akcesoria&#8230;<\/p>\n","protected":false},"author":1,"featured_media":0,"parent":0,"menu_order":0,"comment_status":"closed","ping_status":"closed","template":"","meta":[],"yoast_head":"<!-- This site is optimized with the Yoast SEO plugin v19.3 - https:\/\/yoast.com\/wordpress\/plugins\/seo\/ -->\n<title>Fiszbiny do rolet rzymskich, szprosy, patyczki, obci\u0105\u017cniki | temax.pl<\/title>\n<meta name=\"description\" content=\"Zastanawiasz si\u0119 jak poprawi\u0107 wygl\u0105d rolet? Poznaj obci\u0105\u017cniki, kt\u00f3re zadbaj\u0105 o ich estetyczn\u0105 prezentacj\u0119! Nie czekaj, sprawd\u017a!\" \/>\n<meta name=\"robots\" content=\"index, follow, max-snippet:-1, max-image-preview:large, max-video-preview:-1\" \/>\n<link rel=\"canonical\" href=\"https:\/\/temax.pl\/index.php\/akcesoria-do-rolet-i-zaluzji\/\" \/>\n<meta property=\"og:locale\" content=\"pl_PL\" \/>\n<meta property=\"og:type\" content=\"article\" \/>\n<meta property=\"og:title\" content=\"Fiszbiny do rolet rzymskich, szprosy, patyczki, obci\u0105\u017cniki | temax.pl\" \/>\n<meta property=\"og:description\" content=\"Zastanawiasz si\u0119 jak poprawi\u0107 wygl\u0105d rolet? Poznaj obci\u0105\u017cniki, kt\u00f3re zadbaj\u0105 o ich estetyczn\u0105 prezentacj\u0119! Nie czekaj, sprawd\u017a!\" \/>\n<meta property=\"og:url\" content=\"https:\/\/temax.pl\/index.php\/akcesoria-do-rolet-i-zaluzji\/\" \/>\n<meta property=\"og:site_name\" content=\"Temax\" \/>\n<meta property=\"article:modified_time\" content=\"2025-05-19T12:08:22+00:00\" \/>\n<meta name=\"twitter:card\" content=\"summary_large_image\" \/>\n<meta name=\"twitter:label1\" content=\"Szacowany czas czytania\" \/>\n\t<meta name=\"twitter:data1\" content=\"3 minuty\" \/>\n<script type=\"application\/ld+json\" class=\"yoast-schema-graph\">{\"@context\":\"https:\/\/schema.org\",\"@graph\":[{\"@type\":\"WebSite\",\"@id\":\"https:\/\/temax.pl\/#website\",\"url\":\"https:\/\/temax.pl\/\",\"name\":\"Temax\",\"description\":\"Produkujemy mi\u0119dzy innymi rury o \u015brednicach od 1 do 80 mm, listwy cenowe, listwy plakatowe, profile, cz\u0119\u015bci samochodowe, artyku\u0142y reklamowe oraz artyku\u0142y gospodarstwa domowego.\",\"potentialAction\":[{\"@type\":\"SearchAction\",\"target\":{\"@type\":\"EntryPoint\",\"urlTemplate\":\"https:\/\/temax.pl\/?s={search_term_string}\"},\"query-input\":\"required name=search_term_string\"}],\"inLanguage\":\"pl-PL\"},{\"@type\":\"WebPage\",\"@id\":\"https:\/\/temax.pl\/index.php\/akcesoria-do-rolet-i-zaluzji\/\",\"url\":\"https:\/\/temax.pl\/index.php\/akcesoria-do-rolet-i-zaluzji\/\",\"name\":\"Fiszbiny do rolet rzymskich, szprosy, patyczki, obci\u0105\u017cniki | temax.pl\",\"isPartOf\":{\"@id\":\"https:\/\/temax.pl\/#website\"},\"datePublished\":\"2020-12-22T14:42:37+00:00\",\"dateModified\":\"2025-05-19T12:08:22+00:00\",\"description\":\"Zastanawiasz si\u0119 jak poprawi\u0107 wygl\u0105d rolet? Poznaj obci\u0105\u017cniki, kt\u00f3re zadbaj\u0105 o ich estetyczn\u0105 prezentacj\u0119! Nie czekaj, sprawd\u017a!\",\"breadcrumb\":{\"@id\":\"https:\/\/temax.pl\/index.php\/akcesoria-do-rolet-i-zaluzji\/#breadcrumb\"},\"inLanguage\":\"pl-PL\",\"potentialAction\":[{\"@type\":\"ReadAction\",\"target\":[\"https:\/\/temax.pl\/index.php\/akcesoria-do-rolet-i-zaluzji\/\"]}]},{\"@type\":\"BreadcrumbList\",\"@id\":\"https:\/\/temax.pl\/index.php\/akcesoria-do-rolet-i-zaluzji\/#breadcrumb\",\"itemListElement\":[{\"@type\":\"ListItem\",\"position\":1,\"name\":\"Strona g\u0142\u00f3wna\",\"item\":\"https:\/\/temax.pl\/\"},{\"@type\":\"ListItem\",\"position\":2,\"name\":\"Akcesoria do rolet i \u017caluzji\"}]}]}<\/script>\n<!-- \/ Yoast SEO plugin. -->","yoast_head_json":{"title":"Fiszbiny do rolet rzymskich, szprosy, patyczki, obci\u0105\u017cniki | temax.pl","description":"Zastanawiasz si\u0119 jak poprawi\u0107 wygl\u0105d rolet? Poznaj obci\u0105\u017cniki, kt\u00f3re zadbaj\u0105 o ich estetyczn\u0105 prezentacj\u0119! Nie czekaj, sprawd\u017a!","robots":{"index":"index","follow":"follow","max-snippet":"max-snippet:-1","max-image-preview":"max-image-preview:large","max-video-preview":"max-video-preview:-1"},"canonical":"https:\/\/temax.pl\/index.php\/akcesoria-do-rolet-i-zaluzji\/","og_locale":"pl_PL","og_type":"article","og_title":"Fiszbiny do rolet rzymskich, szprosy, patyczki, obci\u0105\u017cniki | temax.pl","og_description":"Zastanawiasz si\u0119 jak poprawi\u0107 wygl\u0105d rolet? Poznaj obci\u0105\u017cniki, kt\u00f3re zadbaj\u0105 o ich estetyczn\u0105 prezentacj\u0119! Nie czekaj, sprawd\u017a!","og_url":"https:\/\/temax.pl\/index.php\/akcesoria-do-rolet-i-zaluzji\/","og_site_name":"Temax","article_modified_time":"2025-05-19T12:08:22+00:00","twitter_card":"summary_large_image","twitter_misc":{"Szacowany czas czytania":"3 minuty"},"schema":{"@context":"https:\/\/schema.org","@graph":[{"@type":"WebSite","@id":"https:\/\/temax.pl\/#website","url":"https:\/\/temax.pl\/","name":"Temax","description":"Produkujemy mi\u0119dzy innymi rury o \u015brednicach od 1 do 80 mm, listwy cenowe, listwy plakatowe, profile, cz\u0119\u015bci samochodowe, artyku\u0142y reklamowe oraz artyku\u0142y gospodarstwa domowego.","potentialAction":[{"@type":"SearchAction","target":{"@type":"EntryPoint","urlTemplate":"https:\/\/temax.pl\/?s={search_term_string}"},"query-input":"required name=search_term_string"}],"inLanguage":"pl-PL"},{"@type":"WebPage","@id":"https:\/\/temax.pl\/index.php\/akcesoria-do-rolet-i-zaluzji\/","url":"https:\/\/temax.pl\/index.php\/akcesoria-do-rolet-i-zaluzji\/","name":"Fiszbiny do rolet rzymskich, szprosy, patyczki, obci\u0105\u017cniki | temax.pl","isPartOf":{"@id":"https:\/\/temax.pl\/#website"},"datePublished":"2020-12-22T14:42:37+00:00","dateModified":"2025-05-19T12:08:22+00:00","description":"Zastanawiasz si\u0119 jak poprawi\u0107 wygl\u0105d rolet? Poznaj obci\u0105\u017cniki, kt\u00f3re zadbaj\u0105 o ich estetyczn\u0105 prezentacj\u0119! Nie czekaj, sprawd\u017a!","breadcrumb":{"@id":"https:\/\/temax.pl\/index.php\/akcesoria-do-rolet-i-zaluzji\/#breadcrumb"},"inLanguage":"pl-PL","potentialAction":[{"@type":"ReadAction","target":["https:\/\/temax.pl\/index.php\/akcesoria-do-rolet-i-zaluzji\/"]}]},{"@type":"BreadcrumbList","@id":"https:\/\/temax.pl\/index.php\/akcesoria-do-rolet-i-zaluzji\/#breadcrumb","itemListElement":[{"@type":"ListItem","position":1,"name":"Strona g\u0142\u00f3wna","item":"https:\/\/temax.pl\/"},{"@type":"ListItem","position":2,"name":"Akcesoria do rolet i \u017caluzji"}]}]}},"_links":{"self":[{"href":"https:\/\/temax.pl\/index.php\/wp-json\/wp\/v2\/pages\/5656227"}],"collection":[{"href":"https:\/\/temax.pl\/index.php\/wp-json\/wp\/v2\/pages"}],"about":[{"href":"https:\/\/temax.pl\/index.php\/wp-json\/wp\/v2\/types\/page"}],"author":[{"embeddable":true,"href":"https:\/\/temax.pl\/index.php\/wp-json\/wp\/v2\/users\/1"}],"replies":[{"embeddable":true,"href":"https:\/\/temax.pl\/index.php\/wp-json\/wp\/v2\/comments?post=5656227"}],"version-history":[{"count":15,"href":"https:\/\/temax.pl\/index.php\/wp-json\/wp\/v2\/pages\/5656227\/revisions"}],"predecessor-version":[{"id":5656733,"href":"https:\/\/temax.pl\/index.php\/wp-json\/wp\/v2\/pages\/5656227\/revisions\/5656733"}],"wp:attachment":[{"href":"https:\/\/temax.pl\/index.php\/wp-json\/wp\/v2\/media?parent=5656227"}],"curies":[{"name":"wp","href":"https:\/\/api.w.org\/{rel}","templated":true}]}}