{"id":5656199,"date":"2020-12-11T13:58:59","date_gmt":"2020-12-11T12:58:59","guid":{"rendered":"https:\/\/temax.pl\/?page_id=5656199"},"modified":"2025-05-19T14:12:59","modified_gmt":"2025-05-19T12:12:59","slug":"pozostale-produkty","status":"publish","type":"page","link":"https:\/\/temax.pl\/index.php\/pozostale-produkty\/","title":{"rendered":"Pozosta\u0142e produkty"},"content":{"rendered":"[vc_row full_width=&#8221;stretch_row&#8221; use_through_lines=&#8221;1&#8243; css=&#8221;.vc_custom_1507633330521{background-color: #f5fafd !important;}&#8221;][vc_column][vc_empty_space height=&#8221;160px&#8221; el_class=&#8221;norebro-phone-space&#8221;][\/vc_column][\/vc_row][vc_row full_width=&#8221;stretch_row&#8221; use_through_lines=&#8221;1&#8243; css=&#8221;.vc_custom_1607691536708{background-color: #f5fafd !important;}&#8221; side_background_title=&#8221;\/pozosta\u0142e produkty&#8221; side_background_title_color=&#8221;#ebeff4&#8243; side_background_title_typo=&#8221;font_size~80||letter_spacing~-1||weight~600&#8243; el_class=&#8221;nor-top-layer&#8221;][vc_column el_class=&#8221;nrb-recent-projects&#8221;]<div class=\"norebro-heading-sc heading text-left\"\n\tid=\"norebro-custom-69dffc074a5e7\" \n\t \n\t>\n\t\n\t\t\t<p class=\"subtitle\">\n\t\t\t\t\t<\/p>\n\t\n\t\n\t<h3 class=\"title subtitle-top\">\n\t\tPozosta\u0142e produkty\t<\/h3>\n\n\t\n\t\t\n<\/div>[vc_column_text]Pozosta\u0142e produkty marki Temax, takie jak <a href=\"https:\/\/temax.pl\/index.php\/project\/pedzel-magnetyczny\/\">p\u0119dzle magnetyczne<\/a> czy <a href=\"https:\/\/temax.pl\/index.php\/project\/haczyk-poster-line\/\">haczyki poster line<\/a> ju\u017c dost\u0119pne. Zach\u0119camy do kontaktu w celu z\u0142o\u017cenia zam\u00f3wienia.[\/vc_column_text]<div data-norebro-portfolio-grid=\"true\"\n\tid=\"norebro-custom-69dffc074c529\"\n\tclass=\"norebro-recent-projects-sc\"\n\t\t>\n\n\t\t\t\t\t<div class=\"portfolio-sorting text-left\" data-filter=\"portfolio\">\n\t\t\t<ul class=\"unstyled\">\n\t\t\t\t<li>\n\t\t\t\t\t<a class=\"active\" href=\"#all\" data-isotope-filter=\"*\">\n\t\t\t\t\t\t<span class=\"name\">All<\/span>\n\t\t\t\t\t\t<span class=\"num\"><\/span>\n\t\t\t\t\t<\/a>\n\t\t\t\t<\/li>\n\t\t\t\t\t\t\t\t\t<li>\n\t\t\t\t\t\t<a href=\"#pozostale\" data-isotope-filter=\".norebro-filter-project-e1416db10a1b32c4116342c808460008\">\n\t\t\t\t\t\t\t<span class=\"name\">Pozosta\u0142e<\/span>\n\t\t\t\t\t\t\t<span class=\"num\"><\/span>\n\t\t\t\t\t\t<\/a>\n\t\t\t\t\t<\/li>\n\t\t\t\t\t\t\t<\/ul>\n\t\t<\/div>\n\t\t\t\n\t\n\t<div class=\"vc_row  with-sorting\" data-isotope-grid=\"true\" data-lazy-container=\"projects\">\n\n\t\t\n\t\t\t\t<div class=\"portfolio-item-wrap masonry-block grid-item vc_col-lg-4 norebro-project-item norebro-filter-project-e1416db10a1b32c4116342c808460008\" data-lazy-item=\"\" data-lazy-scope=\"projects\"><div data-aos-once=\"true\" data-aos=\"fade-up\" data-aos-delay=\"0\">\n<div class=\"portfolio-item grid-1\">\n\t<a href=\"https:\/\/temax.pl\/index.php\/project\/pedzel-magnetyczny\/\">\n\t\t<div class=\"image-wrap\"\n\t\t>\n\t\t\t\t\t\t\t<img src=\"https:\/\/temax.pl\/wp-content\/uploads\/2020\/12\/pedzel-magnetyczny-768x512.jpg\" alt=\"P\u0119dzel magnetyczny\">\n\t\t\t\t\t<\/div>\n\t\t<div class=\"description overlay\">\n\t\t\t<div class=\"content-center\">\n\t\t\t\t<div class=\"wrap text-center\">\n\n\t\t\t\t\t\t\t\t\t\t\t\t\t\t\t\t\t\t\t\t\t\t\t\t\t\t\t\t\t<span class=\"category\">Pozosta\u0142e<\/span>\n\t\t\t\t\t\t\t\t\t\t\t\t\t\t\t\t\t\t\t\t\t\n\t\t\t\t\t<h4 class=\"title\">P\u0119dzel magnetyczny<\/h4>\n\t\t\t\t\t\t\t\t\t\t<div class=\"more brand-color\">\n\t\t\t\t\t\t<span class=\"ion-ios-plus-empty\"><\/span>\n\t\t\t\t\t<\/div>\n\t\t\t\t\t\t\t\t\t<\/div>\n\t\t\t<\/div>\n\t\t<\/div>\n\t<\/a>\n<\/div>\n\n<\/div>\t\t\t<div class=\"clear\"><\/div>\n\t\t<\/div>\n\t\t\t<div class=\"portfolio-item-wrap masonry-block grid-item vc_col-lg-4 norebro-project-item norebro-filter-project-e1416db10a1b32c4116342c808460008\" data-lazy-item=\"\" data-lazy-scope=\"projects\"><div data-aos-once=\"true\" data-aos=\"fade-up\" data-aos-delay=\"100\">\n<div class=\"portfolio-item grid-1\">\n\t<a href=\"https:\/\/temax.pl\/index.php\/project\/haczyk-poster-line\/\">\n\t\t<div class=\"image-wrap\"\n\t\t>\n\t\t\t\t\t\t\t<img src=\"https:\/\/temax.pl\/wp-content\/uploads\/2020\/12\/haczyk-poster-line-768x512.jpg\" alt=\"Haczyk poster line\">\n\t\t\t\t\t<\/div>\n\t\t<div class=\"description overlay\">\n\t\t\t<div class=\"content-center\">\n\t\t\t\t<div class=\"wrap text-center\">\n\n\t\t\t\t\t\t\t\t\t\t\t\t\t\t\t\t\t\t\t\t\t\t\t\t\t\t\t\t\t<span class=\"category\">Pozosta\u0142e<\/span>\n\t\t\t\t\t\t\t\t\t\t\t\t\t\t\t\t\t\t\t\t\t\n\t\t\t\t\t<h4 class=\"title\">Haczyk poster line<\/h4>\n\t\t\t\t\t\t\t\t\t\t<div class=\"more brand-color\">\n\t\t\t\t\t\t<span class=\"ion-ios-plus-empty\"><\/span>\n\t\t\t\t\t<\/div>\n\t\t\t\t\t\t\t\t\t<\/div>\n\t\t\t<\/div>\n\t\t<\/div>\n\t<\/a>\n<\/div>\n\n<\/div>\t\t\t<div class=\"clear\"><\/div>\n\t\t<\/div>\n\t\t<\/div>\n\n\t\n<\/div>\n[\/vc_column][\/vc_row][vc_row full_width=&#8221;stretch_row&#8221; use_through_lines=&#8221;1&#8243;][vc_column][vc_empty_space height=&#8221;250px&#8221; el_class=&#8221;norebro-phone-space&#8221;][\/vc_column][\/vc_row]\n","protected":false},"excerpt":{"rendered":"<p>[vc_row full_width=&#8221;stretch_row&#8221; use_through_lines=&#8221;1&#8243; css=&#8221;.vc_custom_1507633330521{background-color: #f5fafd !important;}&#8221;][vc_column][vc_empty_space height=&#8221;160px&#8221; el_class=&#8221;norebro-phone-space&#8221;][\/vc_column][\/vc_row][vc_row full_width=&#8221;stretch_row&#8221; use_through_lines=&#8221;1&#8243; css=&#8221;.vc_custom_1607691536708{background-color: #f5fafd !important;}&#8221; side_background_title=&#8221;\/pozosta\u0142e&#8230;<\/p>\n","protected":false},"author":1,"featured_media":0,"parent":0,"menu_order":0,"comment_status":"closed","ping_status":"closed","template":"","meta":[],"yoast_head":"<!-- This site is optimized with the Yoast SEO plugin v19.3 - https:\/\/yoast.com\/wordpress\/plugins\/seo\/ -->\n<title>Pozosta\u0142e produkty marki Temax - p\u0119dzle magnetyczne, haczyki<\/title>\n<meta name=\"description\" content=\"Pozosta\u0142e produkty marki Temax takie jak p\u0119dzle magnetyczne czy haczyki dost\u0119pne od r\u0119ki. Skontaktuj si\u0119 z nami!\" \/>\n<meta name=\"robots\" content=\"index, follow, max-snippet:-1, max-image-preview:large, max-video-preview:-1\" \/>\n<link rel=\"canonical\" href=\"https:\/\/temax.pl\/index.php\/pozostale-produkty\/\" \/>\n<meta property=\"og:locale\" content=\"pl_PL\" \/>\n<meta property=\"og:type\" content=\"article\" \/>\n<meta property=\"og:title\" content=\"Pozosta\u0142e produkty marki Temax - p\u0119dzle magnetyczne, haczyki\" \/>\n<meta property=\"og:description\" content=\"Pozosta\u0142e produkty marki Temax takie jak p\u0119dzle magnetyczne czy haczyki dost\u0119pne od r\u0119ki. Skontaktuj si\u0119 z nami!\" \/>\n<meta property=\"og:url\" content=\"https:\/\/temax.pl\/index.php\/pozostale-produkty\/\" \/>\n<meta property=\"og:site_name\" content=\"Temax\" \/>\n<meta property=\"article:modified_time\" content=\"2025-05-19T12:12:59+00:00\" \/>\n<meta name=\"twitter:card\" content=\"summary_large_image\" \/>\n<meta name=\"twitter:label1\" content=\"Szacowany czas czytania\" \/>\n\t<meta name=\"twitter:data1\" content=\"1 minuta\" \/>\n<script type=\"application\/ld+json\" class=\"yoast-schema-graph\">{\"@context\":\"https:\/\/schema.org\",\"@graph\":[{\"@type\":\"WebSite\",\"@id\":\"https:\/\/temax.pl\/#website\",\"url\":\"https:\/\/temax.pl\/\",\"name\":\"Temax\",\"description\":\"Produkujemy mi\u0119dzy innymi rury o \u015brednicach od 1 do 80 mm, listwy cenowe, listwy plakatowe, profile, cz\u0119\u015bci samochodowe, artyku\u0142y reklamowe oraz artyku\u0142y gospodarstwa domowego.\",\"potentialAction\":[{\"@type\":\"SearchAction\",\"target\":{\"@type\":\"EntryPoint\",\"urlTemplate\":\"https:\/\/temax.pl\/?s={search_term_string}\"},\"query-input\":\"required name=search_term_string\"}],\"inLanguage\":\"pl-PL\"},{\"@type\":\"WebPage\",\"@id\":\"https:\/\/temax.pl\/index.php\/pozostale-produkty\/\",\"url\":\"https:\/\/temax.pl\/index.php\/pozostale-produkty\/\",\"name\":\"Pozosta\u0142e produkty marki Temax - p\u0119dzle magnetyczne, haczyki\",\"isPartOf\":{\"@id\":\"https:\/\/temax.pl\/#website\"},\"datePublished\":\"2020-12-11T12:58:59+00:00\",\"dateModified\":\"2025-05-19T12:12:59+00:00\",\"description\":\"Pozosta\u0142e produkty marki Temax takie jak p\u0119dzle magnetyczne czy haczyki dost\u0119pne od r\u0119ki. Skontaktuj si\u0119 z nami!\",\"breadcrumb\":{\"@id\":\"https:\/\/temax.pl\/index.php\/pozostale-produkty\/#breadcrumb\"},\"inLanguage\":\"pl-PL\",\"potentialAction\":[{\"@type\":\"ReadAction\",\"target\":[\"https:\/\/temax.pl\/index.php\/pozostale-produkty\/\"]}]},{\"@type\":\"BreadcrumbList\",\"@id\":\"https:\/\/temax.pl\/index.php\/pozostale-produkty\/#breadcrumb\",\"itemListElement\":[{\"@type\":\"ListItem\",\"position\":1,\"name\":\"Strona g\u0142\u00f3wna\",\"item\":\"https:\/\/temax.pl\/\"},{\"@type\":\"ListItem\",\"position\":2,\"name\":\"Pozosta\u0142e produkty\"}]}]}<\/script>\n<!-- \/ Yoast SEO plugin. -->","yoast_head_json":{"title":"Pozosta\u0142e produkty marki Temax - p\u0119dzle magnetyczne, haczyki","description":"Pozosta\u0142e produkty marki Temax takie jak p\u0119dzle magnetyczne czy haczyki dost\u0119pne od r\u0119ki. Skontaktuj si\u0119 z nami!","robots":{"index":"index","follow":"follow","max-snippet":"max-snippet:-1","max-image-preview":"max-image-preview:large","max-video-preview":"max-video-preview:-1"},"canonical":"https:\/\/temax.pl\/index.php\/pozostale-produkty\/","og_locale":"pl_PL","og_type":"article","og_title":"Pozosta\u0142e produkty marki Temax - p\u0119dzle magnetyczne, haczyki","og_description":"Pozosta\u0142e produkty marki Temax takie jak p\u0119dzle magnetyczne czy haczyki dost\u0119pne od r\u0119ki. Skontaktuj si\u0119 z nami!","og_url":"https:\/\/temax.pl\/index.php\/pozostale-produkty\/","og_site_name":"Temax","article_modified_time":"2025-05-19T12:12:59+00:00","twitter_card":"summary_large_image","twitter_misc":{"Szacowany czas czytania":"1 minuta"},"schema":{"@context":"https:\/\/schema.org","@graph":[{"@type":"WebSite","@id":"https:\/\/temax.pl\/#website","url":"https:\/\/temax.pl\/","name":"Temax","description":"Produkujemy mi\u0119dzy innymi rury o \u015brednicach od 1 do 80 mm, listwy cenowe, listwy plakatowe, profile, cz\u0119\u015bci samochodowe, artyku\u0142y reklamowe oraz artyku\u0142y gospodarstwa domowego.","potentialAction":[{"@type":"SearchAction","target":{"@type":"EntryPoint","urlTemplate":"https:\/\/temax.pl\/?s={search_term_string}"},"query-input":"required name=search_term_string"}],"inLanguage":"pl-PL"},{"@type":"WebPage","@id":"https:\/\/temax.pl\/index.php\/pozostale-produkty\/","url":"https:\/\/temax.pl\/index.php\/pozostale-produkty\/","name":"Pozosta\u0142e produkty marki Temax - p\u0119dzle magnetyczne, haczyki","isPartOf":{"@id":"https:\/\/temax.pl\/#website"},"datePublished":"2020-12-11T12:58:59+00:00","dateModified":"2025-05-19T12:12:59+00:00","description":"Pozosta\u0142e produkty marki Temax takie jak p\u0119dzle magnetyczne czy haczyki dost\u0119pne od r\u0119ki. Skontaktuj si\u0119 z nami!","breadcrumb":{"@id":"https:\/\/temax.pl\/index.php\/pozostale-produkty\/#breadcrumb"},"inLanguage":"pl-PL","potentialAction":[{"@type":"ReadAction","target":["https:\/\/temax.pl\/index.php\/pozostale-produkty\/"]}]},{"@type":"BreadcrumbList","@id":"https:\/\/temax.pl\/index.php\/pozostale-produkty\/#breadcrumb","itemListElement":[{"@type":"ListItem","position":1,"name":"Strona g\u0142\u00f3wna","item":"https:\/\/temax.pl\/"},{"@type":"ListItem","position":2,"name":"Pozosta\u0142e produkty"}]}]}},"_links":{"self":[{"href":"https:\/\/temax.pl\/index.php\/wp-json\/wp\/v2\/pages\/5656199"}],"collection":[{"href":"https:\/\/temax.pl\/index.php\/wp-json\/wp\/v2\/pages"}],"about":[{"href":"https:\/\/temax.pl\/index.php\/wp-json\/wp\/v2\/types\/page"}],"author":[{"embeddable":true,"href":"https:\/\/temax.pl\/index.php\/wp-json\/wp\/v2\/users\/1"}],"replies":[{"embeddable":true,"href":"https:\/\/temax.pl\/index.php\/wp-json\/wp\/v2\/comments?post=5656199"}],"version-history":[{"count":5,"href":"https:\/\/temax.pl\/index.php\/wp-json\/wp\/v2\/pages\/5656199\/revisions"}],"predecessor-version":[{"id":5656737,"href":"https:\/\/temax.pl\/index.php\/wp-json\/wp\/v2\/pages\/5656199\/revisions\/5656737"}],"wp:attachment":[{"href":"https:\/\/temax.pl\/index.php\/wp-json\/wp\/v2\/media?parent=5656199"}],"curies":[{"name":"wp","href":"https:\/\/api.w.org\/{rel}","templated":true}]}}