{"id":5656194,"date":"2020-12-11T13:54:05","date_gmt":"2020-12-11T12:54:05","guid":{"rendered":"https:\/\/temax.pl\/?page_id=5656194"},"modified":"2025-08-07T13:05:53","modified_gmt":"2025-08-07T11:05:53","slug":"akcesoria-reklamowe","status":"publish","type":"page","link":"https:\/\/temax.pl\/index.php\/akcesoria-reklamowe\/","title":{"rendered":"Akcesoria reklamowe"},"content":{"rendered":"[vc_row full_width=&#8221;stretch_row&#8221; use_through_lines=&#8221;1&#8243; css=&#8221;.vc_custom_1507633330521{background-color: #f5fafd !important;}&#8221;][vc_column][vc_empty_space height=&#8221;160px&#8221; el_class=&#8221;norebro-phone-space&#8221;][\/vc_column][\/vc_row][vc_row full_width=&#8221;stretch_row&#8221; use_through_lines=&#8221;1&#8243; css=&#8221;.vc_custom_1607691273976{background-color: #f5fafd !important;}&#8221; side_background_title=&#8221;\/akcesoria reklamowe&#8221; side_background_title_color=&#8221;#ebeff4&#8243; side_background_title_typo=&#8221;font_size~80||letter_spacing~-1||weight~600&#8243; el_class=&#8221;nor-top-layer&#8221;][vc_column el_class=&#8221;nrb-recent-projects&#8221;]<div class=\"norebro-heading-sc heading text-left\"\n\tid=\"norebro-custom-69dffaedcea57\" \n\t \n\t>\n\t\n\t\t\t<p class=\"subtitle\">\n\t\t\t\t\t<\/p>\n\t\n\t\n\t<h3 class=\"title subtitle-top\">\n\t\tAkcesoria reklamowe\t<\/h3>\n\n\t\n\t\t\n<\/div><div data-norebro-portfolio-grid=\"true\"\n\tid=\"norebro-custom-69dffaedd41c4\"\n\tclass=\"norebro-recent-projects-sc\"\n\t\t>\n\n\t\t\t\t\t<div class=\"portfolio-sorting text-left\" data-filter=\"portfolio\">\n\t\t\t<ul class=\"unstyled\">\n\t\t\t\t<li>\n\t\t\t\t\t<a class=\"active\" href=\"#all\" data-isotope-filter=\"*\">\n\t\t\t\t\t\t<span class=\"name\">All<\/span>\n\t\t\t\t\t\t<span class=\"num\"><\/span>\n\t\t\t\t\t<\/a>\n\t\t\t\t<\/li>\n\t\t\t\t\t\t\t\t\t<li>\n\t\t\t\t\t\t<a href=\"#akcesoria-reklamowe\" data-isotope-filter=\".norebro-filter-project-b13e24f1cc6c8be166f7da7b72b0fe74\">\n\t\t\t\t\t\t\t<span class=\"name\">Akcesoria reklamowe<\/span>\n\t\t\t\t\t\t\t<span class=\"num\"><\/span>\n\t\t\t\t\t\t<\/a>\n\t\t\t\t\t<\/li>\n\t\t\t\t\t\t\t<\/ul>\n\t\t<\/div>\n\t\t\t\n\t\n\t<div class=\"vc_row  with-sorting\" data-isotope-grid=\"true\" data-lazy-container=\"projects\">\n\n\t\t\n\t\t\t\t<div class=\"portfolio-item-wrap masonry-block grid-item vc_col-lg-4 norebro-project-item norebro-filter-project-b13e24f1cc6c8be166f7da7b72b0fe74\" data-lazy-item=\"\" data-lazy-scope=\"projects\"><div data-aos-once=\"true\" data-aos=\"fade-up\" data-aos-delay=\"0\">\n<div class=\"portfolio-item grid-1\">\n\t<a href=\"https:\/\/temax.pl\/index.php\/project\/zestawy-do-wiatraczkow\/\">\n\t\t<div class=\"image-wrap\"\n\t\t>\n\t\t\t\t\t\t\t<img src=\"https:\/\/temax.pl\/wp-content\/uploads\/2020\/12\/zestaw-do-wiatraczkow-768x512.jpg\" alt=\"Zestawy do wiatraczk\u00f3w\">\n\t\t\t\t\t<\/div>\n\t\t<div class=\"description overlay\">\n\t\t\t<div class=\"content-center\">\n\t\t\t\t<div class=\"wrap text-center\">\n\n\t\t\t\t\t\t\t\t\t\t\t\t\t\t\t\t\t\t\t\t\t\t\t\t\t\t\t\t\t<span class=\"category\">Akcesoria reklamowe<\/span>\n\t\t\t\t\t\t\t\t\t\t\t\t\t\t\t\t\t\t\t\t\t\n\t\t\t\t\t<h4 class=\"title\">Zestawy do wiatraczk\u00f3w<\/h4>\n\t\t\t\t\t\t\t\t\t\t<div class=\"more brand-color\">\n\t\t\t\t\t\t<span class=\"ion-ios-plus-empty\"><\/span>\n\t\t\t\t\t<\/div>\n\t\t\t\t\t\t\t\t\t<\/div>\n\t\t\t<\/div>\n\t\t<\/div>\n\t<\/a>\n<\/div>\n\n<\/div>\t\t\t<div class=\"clear\"><\/div>\n\t\t<\/div>\n\t\t\t<div class=\"portfolio-item-wrap masonry-block grid-item vc_col-lg-4 norebro-project-item norebro-filter-project-b13e24f1cc6c8be166f7da7b72b0fe74\" data-lazy-item=\"\" data-lazy-scope=\"projects\"><div data-aos-once=\"true\" data-aos=\"fade-up\" data-aos-delay=\"100\">\n<div class=\"portfolio-item grid-1\">\n\t<a href=\"https:\/\/temax.pl\/index.php\/project\/zestaw-do-balonow\/\">\n\t\t<div class=\"image-wrap\"\n\t\t>\n\t\t\t\t\t\t\t<img src=\"https:\/\/temax.pl\/wp-content\/uploads\/2020\/12\/zestaw-do-balonow-768x512.jpg\" alt=\"Patyczki do balon\u00f3w\">\n\t\t\t\t\t<\/div>\n\t\t<div class=\"description overlay\">\n\t\t\t<div class=\"content-center\">\n\t\t\t\t<div class=\"wrap text-center\">\n\n\t\t\t\t\t\t\t\t\t\t\t\t\t\t\t\t\t\t\t\t\t\t\t\t\t\t\t\t\t<span class=\"category\">Akcesoria reklamowe<\/span>\n\t\t\t\t\t\t\t\t\t\t\t\t\t\t\t\t\t\t\t\t\t\n\t\t\t\t\t<h4 class=\"title\">Patyczki do balon\u00f3w<\/h4>\n\t\t\t\t\t\t\t\t\t\t<div class=\"more brand-color\">\n\t\t\t\t\t\t<span class=\"ion-ios-plus-empty\"><\/span>\n\t\t\t\t\t<\/div>\n\t\t\t\t\t\t\t\t\t<\/div>\n\t\t\t<\/div>\n\t\t<\/div>\n\t<\/a>\n<\/div>\n\n<\/div>\t\t\t<div class=\"clear\"><\/div>\n\t\t<\/div>\n\t\t\t<div class=\"portfolio-item-wrap masonry-block grid-item vc_col-lg-4 norebro-project-item norebro-filter-project-b13e24f1cc6c8be166f7da7b72b0fe74\" data-lazy-item=\"\" data-lazy-scope=\"projects\"><div data-aos-once=\"true\" data-aos=\"fade-up\" data-aos-delay=\"250\">\n<div class=\"portfolio-item grid-1\">\n\t<a href=\"https:\/\/temax.pl\/index.php\/project\/tacka-do-bilonu\/\">\n\t\t<div class=\"image-wrap\"\n\t\t>\n\t\t\t\t\t\t\t<img src=\"https:\/\/temax.pl\/wp-content\/uploads\/2020\/12\/tacka-do-bilonu-768x512.jpg\" alt=\"Tacka do bilonu\">\n\t\t\t\t\t<\/div>\n\t\t<div class=\"description overlay\">\n\t\t\t<div class=\"content-center\">\n\t\t\t\t<div class=\"wrap text-center\">\n\n\t\t\t\t\t\t\t\t\t\t\t\t\t\t\t\t\t\t\t\t\t\t\t\t\t\t\t\t\t<span class=\"category\">Akcesoria reklamowe<\/span>\n\t\t\t\t\t\t\t\t\t\t\t\t\t\t\t\t\t\t\t\t\t\n\t\t\t\t\t<h4 class=\"title\">Tacka do bilonu<\/h4>\n\t\t\t\t\t\t\t\t\t\t<div class=\"more brand-color\">\n\t\t\t\t\t\t<span class=\"ion-ios-plus-empty\"><\/span>\n\t\t\t\t\t<\/div>\n\t\t\t\t\t\t\t\t\t<\/div>\n\t\t\t<\/div>\n\t\t<\/div>\n\t<\/a>\n<\/div>\n\n<\/div>\t\t\t<div class=\"clear\"><\/div>\n\t\t<\/div>\n\t\t\t<div class=\"portfolio-item-wrap masonry-block grid-item vc_col-lg-4 norebro-project-item norebro-filter-project-b13e24f1cc6c8be166f7da7b72b0fe74\" data-lazy-item=\"\" data-lazy-scope=\"projects\"><div data-aos-once=\"true\" data-aos=\"fade-up\" data-aos-delay=\"0\">\n<div class=\"portfolio-item grid-1\">\n\t<a href=\"https:\/\/temax.pl\/index.php\/project\/maszt-do-flag-samochodowych\/\">\n\t\t<div class=\"image-wrap\"\n\t\t>\n\t\t\t\t\t\t\t<img src=\"https:\/\/temax.pl\/wp-content\/uploads\/2020\/12\/maszt-do-flag-samochodowych-768x512.jpg\" alt=\"Maszt do flag samochodowych\">\n\t\t\t\t\t<\/div>\n\t\t<div class=\"description overlay\">\n\t\t\t<div class=\"content-center\">\n\t\t\t\t<div class=\"wrap text-center\">\n\n\t\t\t\t\t\t\t\t\t\t\t\t\t\t\t\t\t\t\t\t\t\t\t\t\t\t\t\t\t<span class=\"category\">Akcesoria reklamowe<\/span>\n\t\t\t\t\t\t\t\t\t\t\t\t\t\t\t\t\t\t\t\t\t\n\t\t\t\t\t<h4 class=\"title\">Maszt do flag samochodowych<\/h4>\n\t\t\t\t\t\t\t\t\t\t<div class=\"more brand-color\">\n\t\t\t\t\t\t<span class=\"ion-ios-plus-empty\"><\/span>\n\t\t\t\t\t<\/div>\n\t\t\t\t\t\t\t\t\t<\/div>\n\t\t\t<\/div>\n\t\t<\/div>\n\t<\/a>\n<\/div>\n\n<\/div>\t\t\t<div class=\"clear\"><\/div>\n\t\t<\/div>\n\t\t\t<div class=\"portfolio-item-wrap masonry-block grid-item vc_col-lg-4 norebro-project-item norebro-filter-project-b13e24f1cc6c8be166f7da7b72b0fe74\" data-lazy-item=\"\" data-lazy-scope=\"projects\"><div data-aos-once=\"true\" data-aos=\"fade-up\" data-aos-delay=\"100\">\n<div class=\"portfolio-item grid-1\">\n\t<a href=\"https:\/\/temax.pl\/index.php\/project\/listewka-plakatowa\/\">\n\t\t<div class=\"image-wrap\"\n\t\t>\n\t\t\t\t\t\t\t<img src=\"https:\/\/temax.pl\/wp-content\/uploads\/2020\/12\/listweka-plakatowa-768x512.jpg\" alt=\"Listewka plakatowa\">\n\t\t\t\t\t<\/div>\n\t\t<div class=\"description overlay\">\n\t\t\t<div class=\"content-center\">\n\t\t\t\t<div class=\"wrap text-center\">\n\n\t\t\t\t\t\t\t\t\t\t\t\t\t\t\t\t\t\t\t\t\t\t\t\t\t\t\t\t\t<span class=\"category\">Akcesoria reklamowe<\/span>\n\t\t\t\t\t\t\t\t\t\t\t\t\t\t\t\t\t\t\t\t\t\n\t\t\t\t\t<h4 class=\"title\">Listewka plakatowa<\/h4>\n\t\t\t\t\t\t\t\t\t\t<div class=\"more brand-color\">\n\t\t\t\t\t\t<span class=\"ion-ios-plus-empty\"><\/span>\n\t\t\t\t\t<\/div>\n\t\t\t\t\t\t\t\t\t<\/div>\n\t\t\t<\/div>\n\t\t<\/div>\n\t<\/a>\n<\/div>\n\n<\/div>\t\t\t<div class=\"clear\"><\/div>\n\t\t<\/div>\n\t\t\t<div class=\"portfolio-item-wrap masonry-block grid-item vc_col-lg-4 norebro-project-item norebro-filter-project-b13e24f1cc6c8be166f7da7b72b0fe74\" data-lazy-item=\"\" data-lazy-scope=\"projects\"><div data-aos-once=\"true\" data-aos=\"fade-up\" data-aos-delay=\"250\">\n<div class=\"portfolio-item grid-1\">\n\t<a href=\"https:\/\/temax.pl\/index.php\/project\/haczyk-plakatowy\/\">\n\t\t<div class=\"image-wrap\"\n\t\t>\n\t\t\t\t\t\t\t<img src=\"https:\/\/temax.pl\/wp-content\/uploads\/2020\/12\/haczyk-plakatowy-768x512.jpg\" alt=\"Uchwyt na plakat\">\n\t\t\t\t\t<\/div>\n\t\t<div class=\"description overlay\">\n\t\t\t<div class=\"content-center\">\n\t\t\t\t<div class=\"wrap text-center\">\n\n\t\t\t\t\t\t\t\t\t\t\t\t\t\t\t\t\t\t\t\t\t\t\t\t\t\t\t\t\t<span class=\"category\">Akcesoria reklamowe<\/span>\n\t\t\t\t\t\t\t\t\t\t\t\t\t\t\t\t\t\t\t\t\t\n\t\t\t\t\t<h4 class=\"title\">Uchwyt na plakat<\/h4>\n\t\t\t\t\t\t\t\t\t\t<div class=\"more brand-color\">\n\t\t\t\t\t\t<span class=\"ion-ios-plus-empty\"><\/span>\n\t\t\t\t\t<\/div>\n\t\t\t\t\t\t\t\t\t<\/div>\n\t\t\t<\/div>\n\t\t<\/div>\n\t<\/a>\n<\/div>\n\n<\/div>\t\t\t<div class=\"clear\"><\/div>\n\t\t<\/div>\n\t\t\t<div class=\"portfolio-item-wrap masonry-block grid-item vc_col-lg-4 norebro-project-item norebro-filter-project-b13e24f1cc6c8be166f7da7b72b0fe74\" data-lazy-item=\"\" data-lazy-scope=\"projects\"><div data-aos-once=\"true\" data-aos=\"fade-up\" data-aos-delay=\"0\">\n<div class=\"portfolio-item grid-1\">\n\t<a href=\"https:\/\/temax.pl\/index.php\/project\/patyczki-do-choragiewek-reklamowych\/\">\n\t\t<div class=\"image-wrap\"\n\t\t>\n\t\t\t\t\t\t\t<img src=\"https:\/\/temax.pl\/wp-content\/uploads\/2020\/12\/rurki-do-choragiewek-768x512.jpg\" alt=\"patyczki do chor\u0105giewek reklamowych\">\n\t\t\t\t\t<\/div>\n\t\t<div class=\"description overlay\">\n\t\t\t<div class=\"content-center\">\n\t\t\t\t<div class=\"wrap text-center\">\n\n\t\t\t\t\t\t\t\t\t\t\t\t\t\t\t\t\t\t\t\t\t\t\t\t\t\t\t\t\t<span class=\"category\">Akcesoria reklamowe<\/span>\n\t\t\t\t\t\t\t\t\t\t\t\t\t\t\t\t\t\t\t\t\t\n\t\t\t\t\t<h4 class=\"title\">patyczki do chor\u0105giewek reklamowych<\/h4>\n\t\t\t\t\t\t\t\t\t\t<div class=\"more brand-color\">\n\t\t\t\t\t\t<span class=\"ion-ios-plus-empty\"><\/span>\n\t\t\t\t\t<\/div>\n\t\t\t\t\t\t\t\t\t<\/div>\n\t\t\t<\/div>\n\t\t<\/div>\n\t<\/a>\n<\/div>\n\n<\/div>\t\t\t<div class=\"clear\"><\/div>\n\t\t<\/div>\n\t\t<\/div>\n\n\t\n<\/div>\n[\/vc_column][\/vc_row][vc_row full_width=&#8221;stretch_row&#8221; use_through_lines=&#8221;1&#8243;][vc_column][vc_empty_space height=&#8221;250px&#8221; el_class=&#8221;norebro-phone-space&#8221;][\/vc_column][\/vc_row][vc_row][vc_column][vc_column_text]\n<h1><b>Akcesoria reklamowe od producenta Temax<\/b><\/h1>\n<p><span style=\"font-weight: 400;\">Producent Temax oferuje szeroki wyb\u00f3r akcesori\u00f3w reklamowych dedykowanych w du\u017cej mierze materia\u0142om POS. Nasze produkty mo\u017cna dopasowa\u0107 pod k\u0105tem w\u0142asnych potrzeb, a rozbudowany asortyment sprawi, \u017ce ka\u017cdy znajdzie co\u015b dla siebie. Cienkie rurki, kolorowe &#8211; wyb\u00f3r jest ogromny!<\/span><\/p>\n<p><span style=\"font-weight: 400;\">Zwi\u0119ksz widoczno\u015b\u0107 i skuteczno\u015b\u0107 swoich kampanii reklamowych dzi\u0119ki naszym wyj\u0105tkowym materia\u0142om POS! Oto, co oferujemy:<\/span><\/p>\n<ul>\n<li style=\"font-weight: 400;\" aria-level=\"1\"><b>Patyczki do wiatraczk\u00f3w<\/b><span style=\"font-weight: 400;\">: Idealne do tworzenia atrakcyjnych, ruchomych element\u00f3w, kt\u00f3re przyci\u0105gaj\u0105 uwag\u0119 klient\u00f3w. Dodaj dynamiki swoim reklamom!<\/span><\/li>\n<li style=\"font-weight: 400;\" aria-level=\"1\"><b>Patyczki do balon\u00f3w<\/b><span style=\"font-weight: 400;\">: Niezb\u0119dne do dekoracji na eventach i promocjach. Z naszymi patyczkami Twoje balony b\u0119d\u0105 zawsze na swoim miejscu, gotowe do podziwiania. Perfekcyjne na imprezy i wydarzenia promocyjne.<\/span><\/li>\n<li style=\"font-weight: 400;\" aria-level=\"1\"><b>Tacka do bilonu (podstawka do wydawania reszty)<\/b><span style=\"font-weight: 400;\">: U\u0142atw sobie i swoim klientom \u017cycie dzi\u0119ki praktycznym tackom do bilonu. Profesjonalizm w ka\u017cdym detalu.<\/span><\/li>\n<li style=\"font-weight: 400;\" aria-level=\"1\"><b>Maszt do flag samochodowych<\/b><span style=\"font-weight: 400;\">: Spraw, by Twoje flagi by\u0142y widoczne wsz\u0119dzie, gdzie si\u0119 pojawisz. Idealne do dynamicznych kampanii na drogach, zapewniaj\u0105ce trwa\u0142o\u015b\u0107 i doskona\u0142\u0105 widoczno\u015b\u0107 podczas jazdy.<\/span><\/li>\n<li style=\"font-weight: 400;\" aria-level=\"1\"><b>Listewka plakatowa<\/b><span style=\"font-weight: 400;\">: Zaprezentuj swoje plakaty w spos\u00f3b estetyczny i profesjonalny. Nasze listewki plakatowe u\u0142atwiaj\u0105 wymian\u0119 plakat\u00f3w, gwarantuj\u0105c przy tym ich stabilno\u015b\u0107 i porz\u0105dne wyko\u0144czenie.<\/span><\/li>\n<li style=\"font-weight: 400;\" aria-level=\"1\"><b>Haczyk plakatowy<\/b><span style=\"font-weight: 400;\">: Wygodne i niezawodne rozwi\u0105zanie do wieszania plakat\u00f3w. Dzi\u0119ki naszym haczykom Twoje plakaty b\u0119d\u0105 zawsze pewnie zamocowane, a ich monta\u017c i demonta\u017c b\u0119dzie szybki i \u0142atwy.<\/span><\/li>\n<li style=\"font-weight: 400;\" aria-level=\"1\"><b>Patyczki do chor\u0105giewek reklamowych<\/b><span style=\"font-weight: 400;\">: Idealne do promocji na wszelkiego rodzaju eventach. Spraw, by Twoje chor\u0105giewki by\u0142y stabilne i efektowne.<\/span><\/li>\n<\/ul>\n<p><span style=\"font-weight: 400;\">Szukasz dodatkowych informacji? Wszystko, co potrzebne, znajdziesz tutaj: <\/span><a href=\"https:\/\/temax.pl\/index.php\/project\/zestawy-do-wiatraczkow\/\"><span style=\"font-weight: 400;\">Patyczki do wiatraczk\u00f3w<\/span><\/a><span style=\"font-weight: 400;\"> | <\/span><a href=\"https:\/\/temax.pl\/index.php\/project\/zestaw-do-balonow\/\"><span style=\"font-weight: 400;\">Patyczki do balon\u00f3w<\/span><\/a><span style=\"font-weight: 400;\"> | <\/span><a href=\"https:\/\/temax.pl\/index.php\/project\/tacka-do-bilonu\/\"><span style=\"font-weight: 400;\">Tacka do bilonu<\/span><\/a><span style=\"font-weight: 400;\"> | <\/span><a href=\"https:\/\/temax.pl\/index.php\/project\/maszt-do-flag-samochodowych\/\"><span style=\"font-weight: 400;\">Maszt do flag samochodowych<\/span><\/a><span style=\"font-weight: 400;\"> | <\/span><a href=\"https:\/\/temax.pl\/index.php\/project\/listewka-plakatowa\/\"><span style=\"font-weight: 400;\">Listewka plakatowa<\/span><\/a><span style=\"font-weight: 400;\"> | <\/span><a href=\"https:\/\/temax.pl\/index.php\/project\/haczyk-poster-line\/\"><span style=\"font-weight: 400;\">Haczyk plakatowy<\/span><\/a><span style=\"font-weight: 400;\"> | <\/span><a href=\"https:\/\/temax.pl\/index.php\/project\/haczyk-plakatowy\/\"><span style=\"font-weight: 400;\">Patyczki do chor\u0105giewek reklamowych<\/span><\/a><span style=\"font-weight: 400;\">\u00a0<\/span><\/p>\n<h2><b>Kolorowe rurki w Temax<\/b><\/h2>\n<p><span style=\"font-weight: 400;\">Kolorowe rurki doskonale sprawdz\u0105 si\u0119 w prezentacji materia\u0142\u00f3w reklamowych. Sk\u0142ad zestawu, w kt\u00f3rym znajdziemy kolorowe rurki, uchwyty na balony oraz systemy do wiatraczk\u00f3w to doskona\u0142y wyb\u00f3r, aby zaprezentowa\u0107 si\u0119 w ciekawy spos\u00f3b! Co wi\u0119cej, kolorowe rurki podkre\u015bl\u0105 walory danego produktu, jednocze\u015bnie nadaj\u0105c mu zupe\u0142nie innego charakteru. Kolory rurek mo\u017cna dopasowa\u0107 pod k\u0105tem w\u0142asnej identyfikacji wizualnej czy koloru przewodniego danego eventu. Zastanawiasz si\u0119 nad doborem odpowiednich rurek? Sprawd\u017a produkty z naszej listy &#8211; kolorowe rurki czekaj\u0105!<\/span><\/p>\n<h2><b>Rurki reklamowe dopasowane do Twoich potrzeb<\/b><\/h2>\n<p><span style=\"font-weight: 400;\">Nasza oferta pozwala na dopasowanie rurek pod wzgl\u0119dem d\u0142ugo\u015bci &#8211; mo\u017cesz dopasowa\u0107 je do swoich potrzeb. Kolorowe rurki, cie\u0144sze, grubsze, uchwyty do wiatraczk\u00f3w i wiele innych &#8211; wszystko to czeka na ciebie w Temax! Wy\u015blij nam wiadomo\u015b\u0107, my skontaktujemy si\u0119 z Tob\u0105! Wystarczy napisa\u0107, kt\u00f3ra rurka jest Ci niezb\u0119dna &#8211; nasz sklep udzieli wszelkich informacji na jej temat oraz pomo\u017ce w dopasowaniu odpowiednich produkt\u00f3w. Kolorowe rurki b\u0119d\u0105 doskona\u0142ym rozwi\u0105zaniem dla event\u00f3w dedykowanych najm\u0142odszym, z kolei cie\u0144sze rurki sprawdz\u0105 si\u0119 w subtelnych i delikatnych instalacjach. Zapraszamy do naszego asortymentu &#8211; ka\u017cdy wybierze co\u015b dla siebie.<\/span><\/p>\n<p>Sprawd\u017a r\u00f3wnie\u017c: <a href=\"https:\/\/temax.pl\/index.php\/akcesoria-do-rolet-i-zaluzji\/\">obci\u0105\u017cniki do rolet<\/a>[\/vc_column_text][\/vc_column][\/vc_row]\n","protected":false},"excerpt":{"rendered":"<p>[vc_row full_width=&#8221;stretch_row&#8221; use_through_lines=&#8221;1&#8243; css=&#8221;.vc_custom_1507633330521{background-color: #f5fafd !important;}&#8221;][vc_column][vc_empty_space height=&#8221;160px&#8221; el_class=&#8221;norebro-phone-space&#8221;][\/vc_column][\/vc_row][vc_row full_width=&#8221;stretch_row&#8221; use_through_lines=&#8221;1&#8243; css=&#8221;.vc_custom_1607691273976{background-color: #f5fafd !important;}&#8221; side_background_title=&#8221;\/akcesoria&#8230;<\/p>\n","protected":false},"author":1,"featured_media":0,"parent":0,"menu_order":0,"comment_status":"closed","ping_status":"closed","template":"","meta":[],"yoast_head":"<!-- This site is optimized with the Yoast SEO plugin v19.3 - https:\/\/yoast.com\/wordpress\/plugins\/seo\/ -->\n<title>Akcesoria reklamowe - kolorowe rurki, patyczki<\/title>\n<meta name=\"description\" content=\"Akcesoria reklamowe takie jak kolorowe rurki, haczyki plakatowe, patyczki do balon\u00f3w, tacki do bilon\u00f3w, cienkie rurki i wiele innych!\" \/>\n<meta name=\"robots\" content=\"index, follow, max-snippet:-1, max-image-preview:large, max-video-preview:-1\" \/>\n<link rel=\"canonical\" href=\"https:\/\/temax.pl\/index.php\/akcesoria-reklamowe\/\" \/>\n<meta property=\"og:locale\" content=\"pl_PL\" \/>\n<meta property=\"og:type\" content=\"article\" \/>\n<meta property=\"og:title\" content=\"Akcesoria reklamowe - kolorowe rurki, patyczki\" \/>\n<meta property=\"og:description\" content=\"Akcesoria reklamowe takie jak kolorowe rurki, haczyki plakatowe, patyczki do balon\u00f3w, tacki do bilon\u00f3w, cienkie rurki i wiele innych!\" \/>\n<meta property=\"og:url\" content=\"https:\/\/temax.pl\/index.php\/akcesoria-reklamowe\/\" \/>\n<meta property=\"og:site_name\" content=\"Temax\" \/>\n<meta property=\"article:modified_time\" content=\"2025-08-07T11:05:53+00:00\" \/>\n<meta name=\"twitter:card\" content=\"summary_large_image\" \/>\n<meta name=\"twitter:label1\" content=\"Szacowany czas czytania\" \/>\n\t<meta name=\"twitter:data1\" content=\"3 minuty\" \/>\n<script type=\"application\/ld+json\" class=\"yoast-schema-graph\">{\"@context\":\"https:\/\/schema.org\",\"@graph\":[{\"@type\":\"WebSite\",\"@id\":\"https:\/\/temax.pl\/#website\",\"url\":\"https:\/\/temax.pl\/\",\"name\":\"Temax\",\"description\":\"Produkujemy mi\u0119dzy innymi rury o \u015brednicach od 1 do 80 mm, listwy cenowe, listwy plakatowe, profile, cz\u0119\u015bci samochodowe, artyku\u0142y reklamowe oraz artyku\u0142y gospodarstwa domowego.\",\"potentialAction\":[{\"@type\":\"SearchAction\",\"target\":{\"@type\":\"EntryPoint\",\"urlTemplate\":\"https:\/\/temax.pl\/?s={search_term_string}\"},\"query-input\":\"required name=search_term_string\"}],\"inLanguage\":\"pl-PL\"},{\"@type\":\"WebPage\",\"@id\":\"https:\/\/temax.pl\/index.php\/akcesoria-reklamowe\/\",\"url\":\"https:\/\/temax.pl\/index.php\/akcesoria-reklamowe\/\",\"name\":\"Akcesoria reklamowe - kolorowe rurki, patyczki\",\"isPartOf\":{\"@id\":\"https:\/\/temax.pl\/#website\"},\"datePublished\":\"2020-12-11T12:54:05+00:00\",\"dateModified\":\"2025-08-07T11:05:53+00:00\",\"description\":\"Akcesoria reklamowe takie jak kolorowe rurki, haczyki plakatowe, patyczki do balon\u00f3w, tacki do bilon\u00f3w, cienkie rurki i wiele innych!\",\"breadcrumb\":{\"@id\":\"https:\/\/temax.pl\/index.php\/akcesoria-reklamowe\/#breadcrumb\"},\"inLanguage\":\"pl-PL\",\"potentialAction\":[{\"@type\":\"ReadAction\",\"target\":[\"https:\/\/temax.pl\/index.php\/akcesoria-reklamowe\/\"]}]},{\"@type\":\"BreadcrumbList\",\"@id\":\"https:\/\/temax.pl\/index.php\/akcesoria-reklamowe\/#breadcrumb\",\"itemListElement\":[{\"@type\":\"ListItem\",\"position\":1,\"name\":\"Strona g\u0142\u00f3wna\",\"item\":\"https:\/\/temax.pl\/\"},{\"@type\":\"ListItem\",\"position\":2,\"name\":\"Akcesoria reklamowe\"}]}]}<\/script>\n<!-- \/ Yoast SEO plugin. -->","yoast_head_json":{"title":"Akcesoria reklamowe - kolorowe rurki, patyczki","description":"Akcesoria reklamowe takie jak kolorowe rurki, haczyki plakatowe, patyczki do balon\u00f3w, tacki do bilon\u00f3w, cienkie rurki i wiele innych!","robots":{"index":"index","follow":"follow","max-snippet":"max-snippet:-1","max-image-preview":"max-image-preview:large","max-video-preview":"max-video-preview:-1"},"canonical":"https:\/\/temax.pl\/index.php\/akcesoria-reklamowe\/","og_locale":"pl_PL","og_type":"article","og_title":"Akcesoria reklamowe - kolorowe rurki, patyczki","og_description":"Akcesoria reklamowe takie jak kolorowe rurki, haczyki plakatowe, patyczki do balon\u00f3w, tacki do bilon\u00f3w, cienkie rurki i wiele innych!","og_url":"https:\/\/temax.pl\/index.php\/akcesoria-reklamowe\/","og_site_name":"Temax","article_modified_time":"2025-08-07T11:05:53+00:00","twitter_card":"summary_large_image","twitter_misc":{"Szacowany czas czytania":"3 minuty"},"schema":{"@context":"https:\/\/schema.org","@graph":[{"@type":"WebSite","@id":"https:\/\/temax.pl\/#website","url":"https:\/\/temax.pl\/","name":"Temax","description":"Produkujemy mi\u0119dzy innymi rury o \u015brednicach od 1 do 80 mm, listwy cenowe, listwy plakatowe, profile, cz\u0119\u015bci samochodowe, artyku\u0142y reklamowe oraz artyku\u0142y gospodarstwa domowego.","potentialAction":[{"@type":"SearchAction","target":{"@type":"EntryPoint","urlTemplate":"https:\/\/temax.pl\/?s={search_term_string}"},"query-input":"required name=search_term_string"}],"inLanguage":"pl-PL"},{"@type":"WebPage","@id":"https:\/\/temax.pl\/index.php\/akcesoria-reklamowe\/","url":"https:\/\/temax.pl\/index.php\/akcesoria-reklamowe\/","name":"Akcesoria reklamowe - kolorowe rurki, patyczki","isPartOf":{"@id":"https:\/\/temax.pl\/#website"},"datePublished":"2020-12-11T12:54:05+00:00","dateModified":"2025-08-07T11:05:53+00:00","description":"Akcesoria reklamowe takie jak kolorowe rurki, haczyki plakatowe, patyczki do balon\u00f3w, tacki do bilon\u00f3w, cienkie rurki i wiele innych!","breadcrumb":{"@id":"https:\/\/temax.pl\/index.php\/akcesoria-reklamowe\/#breadcrumb"},"inLanguage":"pl-PL","potentialAction":[{"@type":"ReadAction","target":["https:\/\/temax.pl\/index.php\/akcesoria-reklamowe\/"]}]},{"@type":"BreadcrumbList","@id":"https:\/\/temax.pl\/index.php\/akcesoria-reklamowe\/#breadcrumb","itemListElement":[{"@type":"ListItem","position":1,"name":"Strona g\u0142\u00f3wna","item":"https:\/\/temax.pl\/"},{"@type":"ListItem","position":2,"name":"Akcesoria reklamowe"}]}]}},"_links":{"self":[{"href":"https:\/\/temax.pl\/index.php\/wp-json\/wp\/v2\/pages\/5656194"}],"collection":[{"href":"https:\/\/temax.pl\/index.php\/wp-json\/wp\/v2\/pages"}],"about":[{"href":"https:\/\/temax.pl\/index.php\/wp-json\/wp\/v2\/types\/page"}],"author":[{"embeddable":true,"href":"https:\/\/temax.pl\/index.php\/wp-json\/wp\/v2\/users\/1"}],"replies":[{"embeddable":true,"href":"https:\/\/temax.pl\/index.php\/wp-json\/wp\/v2\/comments?post=5656194"}],"version-history":[{"count":14,"href":"https:\/\/temax.pl\/index.php\/wp-json\/wp\/v2\/pages\/5656194\/revisions"}],"predecessor-version":[{"id":5656735,"href":"https:\/\/temax.pl\/index.php\/wp-json\/wp\/v2\/pages\/5656194\/revisions\/5656735"}],"wp:attachment":[{"href":"https:\/\/temax.pl\/index.php\/wp-json\/wp\/v2\/media?parent=5656194"}],"curies":[{"name":"wp","href":"https:\/\/api.w.org\/{rel}","templated":true}]}}