{"id":5656042,"date":"2017-10-19T08:39:51","date_gmt":"2017-10-19T06:39:51","guid":{"rendered":"https:\/\/norebro.clbthemes.com\/demo12\/?page_id=13169"},"modified":"2026-02-05T11:17:49","modified_gmt":"2026-02-05T10:17:49","slug":"o-firmie","status":"publish","type":"page","link":"https:\/\/temax.pl\/index.php\/o-firmie\/","title":{"rendered":"O firmie"},"content":{"rendered":"[vc_row full_width=&#8221;stretch_row&#8221; use_through_lines=&#8221;1&#8243; css=&#8221;.vc_custom_1617773815965{background-color: #ffffff !important;}&#8221; side_background_title_typo=&#8221;weight~inherit&#8221;][vc_column][vc_empty_space height=&#8221;160px&#8221; el_class=&#8221;norebro-phone-space&#8221;][\/vc_column][\/vc_row][vc_row full_width=&#8221;stretch_row&#8221; use_through_lines=&#8221;1&#8243; css=&#8221;.vc_custom_1617773815965{background-color: #ffffff !important;}&#8221; side_background_title_typo=&#8221;weight~inherit&#8221;][vc_column]<div class=\"norebro-heading-sc heading text-left\"\n\tid=\"norebro-custom-69e0080870aea\" \n\t \n\t>\n\t\n\t\t\t<p class=\"subtitle\">\n\t\t\t\t\t<\/p>\n\t\n\t\n\t<h3 class=\"title subtitle-top\">\n\t\tO firmie\t<\/h3>\n\n\t\n\t\t\n<\/div>[\/vc_column][\/vc_row][vc_row full_width=&#8221;stretch_row&#8221; content_placement=&#8221;middle&#8221; use_through_lines=&#8221;1&#8243; css=&#8221;.vc_custom_1617773972816{background-color: #ffffff !important;}&#8221; side_background_title_typo=&#8221;letter_spacing~-1||weight~inherit&#8221;][vc_column width=&#8221;5\/12&#8243; css=&#8221;.vc_custom_1507531684001{padding-top: 55px !important;padding-right: 60px !important;padding-bottom: 55px !important;padding-left: 60px !important;background-color: #eaf2f9 !important;}&#8221; el_class=&#8221;creative-info nor-top-layer&#8221;]<div class=\"norebro-heading-sc heading text-left\"\n\tid=\"norebro-custom-69e0080870d5c\" \n\t \n\t>\n\t\n\t\t\t<p class=\"subtitle\">\n\t\t\tTemax\t\t<\/p>\n\t\n\t\n\t<h3 class=\"title subtitle-top\">\n\t\tPoznaj Temax\t<\/h3>\n\n\t\n\t\t\n<\/div>[vc_empty_space height=&#8221;15px&#8221;][vc_column_text]Firma <strong>TEMAX<\/strong> dzia\u0142a na polskim rynku od 1991 r. i jest wyspecjalizowana w produkcji wyrob\u00f3w z tworzyw sztucznych metod\u0105 wtrysku i wyt\u0142aczania.<\/p>\n<p><strong>Produkujemy mi\u0119dzy innymi:<\/strong><\/p>\n<ul>\n<li style=\"list-style-type: none;\">\n<ul>\n<li><a href=\"https:\/\/temax.pl\/index.php\/profile-i-rury\/\">rury<\/a> o \u015brednicach od 1 do 40 mm<\/li>\n<li><a href=\"https:\/\/temax.pl\/index.php\/project\/zestaw-do-balonow\/\">patyczki do balon\u00f3w<\/a>, <a href=\"https:\/\/temax.pl\/index.php\/project\/patyczki-do-choragiewek-reklamowych\/\">chor\u0105giewek<\/a> i <a href=\"https:\/\/temax.pl\/index.php\/project\/zestawy-do-wiatraczkow\/\">wiatraczk\u00f3w<\/a><\/li>\n<li><a href=\"https:\/\/temax.pl\/index.php\/project\/listewka-plakatowa\/\">listwy plakatowe<\/a><\/li>\n<li>profile wed\u0142ug zam\u00f3wienia<\/li>\n<li><a href=\"https:\/\/temax.pl\/index.php\/akcesoria-reklamowe\/\">art. reklamowe<\/a> (tacki do bilonu, uchwyty do balon\u00f3w, zestawy do wiatraczk\u00f3w, maszty do chor\u0105giewek)<\/li>\n<li><a href=\"https:\/\/temax.pl\/index.php\/artykuly-gospodarstwa-domowego\/\">artyku\u0142y gospodarstwa domowego<\/a> ( miarki gospodarcze, maszynki do pierog\u00f3w)<\/li>\n<li><a href=\"https:\/\/temax.pl\/index.php\/project\/haczyk-poster-line\/\">haczyki do listew plakatowych<\/a><\/li>\n<\/ul>\n<\/li>\n<\/ul>\n<p>&nbsp;<\/p>\n<p>Zapewniamy kompleksow\u0105 obs\u0142ug\u0119 pocz\u0105wszy od projektu, a\u017c do wyrobu finalnego.<\/p>\n<p>Dzi\u0119kujemy za odwiedzenie naszej strony i zapraszamy do zapoznania si\u0119 z pe\u0142n\u0105 ofert\u0105 firmy TEMAX.[\/vc_column_text][vc_empty_space height=&#8221;35px&#8221;]<div class=\"norebro-button-sc btn-wrap text-left\" \n\tid=\"norebro-custom-69e0080870ee3\"\n\t \n\t>\n\n\t<a href=\"https:\/\/temax.pl\/index.php\/kontakt\/\" \n\t\tclass=\"btn  btn-outline\">\n\n\t\t\t\t\t<span class=\"icon ion-android-arrow-forward\"><\/span>\n\t\t\n\t\t<span class=\"text\">\n\t\t\tKontakt\t\t<\/span>\n\n\t\t\n\t\t\t<\/a>\n\n<\/div>[\/vc_column][vc_column width=&#8221;3\/12&#8243; el_class=&#8221;creative-decoration&#8221;][vc_single_image image=&#8221;5656237&#8243; img_size=&#8221;full&#8221;][\/vc_column][vc_column width=&#8221;4\/12&#8243;][vc_single_image image=&#8221;5656236&#8243; img_size=&#8221;full&#8221;][\/vc_column][\/vc_row][vc_row full_width=&#8221;stretch_row&#8221; use_through_lines=&#8221;1&#8243; css=&#8221;.vc_custom_1507300472924{background-color: #ffffff !important;}&#8221;][vc_column][vc_empty_space height=&#8221;90px&#8221; el_class=&#8221;norebro-phone-space&#8221;][\/vc_column][\/vc_row]\n","protected":false},"excerpt":{"rendered":"<p>[vc_row full_width=&#8221;stretch_row&#8221; use_through_lines=&#8221;1&#8243; css=&#8221;.vc_custom_1617773815965{background-color: #ffffff !important;}&#8221; side_background_title_typo=&#8221;weight~inherit&#8221;][vc_column][vc_empty_space height=&#8221;160px&#8221; el_class=&#8221;norebro-phone-space&#8221;][\/vc_column][\/vc_row][vc_row full_width=&#8221;stretch_row&#8221; use_through_lines=&#8221;1&#8243; css=&#8221;.vc_custom_1617773815965{background-color: #ffffff !important;}&#8221;&#8230;<\/p>\n","protected":false},"author":1,"featured_media":0,"parent":0,"menu_order":0,"comment_status":"closed","ping_status":"closed","template":"","meta":[],"yoast_head":"<!-- This site is optimized with the Yoast SEO plugin v19.3 - https:\/\/yoast.com\/wordpress\/plugins\/seo\/ -->\n<title>O firmie - Temax<\/title>\n<meta name=\"description\" content=\"Od ponad 30 lat tworzymy rozwi\u0105zania z tworzyw sztucznych dla przemys\u0142u i reklamy. Jako\u015b\u0107, terminowo\u015b\u0107, precyzja \u2013 poznaj nas i nasz\u0105 ofert\u0119!\" \/>\n<meta name=\"robots\" content=\"index, follow, max-snippet:-1, max-image-preview:large, max-video-preview:-1\" \/>\n<link rel=\"canonical\" href=\"https:\/\/temax.pl\/index.php\/o-firmie\/\" \/>\n<meta property=\"og:locale\" content=\"pl_PL\" \/>\n<meta property=\"og:type\" content=\"article\" \/>\n<meta property=\"og:title\" content=\"O firmie - Temax\" \/>\n<meta property=\"og:description\" content=\"Od ponad 30 lat tworzymy rozwi\u0105zania z tworzyw sztucznych dla przemys\u0142u i reklamy. Jako\u015b\u0107, terminowo\u015b\u0107, precyzja \u2013 poznaj nas i nasz\u0105 ofert\u0119!\" \/>\n<meta property=\"og:url\" content=\"https:\/\/temax.pl\/index.php\/o-firmie\/\" \/>\n<meta property=\"og:site_name\" content=\"Temax\" \/>\n<meta property=\"article:modified_time\" content=\"2026-02-05T10:17:49+00:00\" \/>\n<meta name=\"twitter:card\" content=\"summary_large_image\" \/>\n<meta name=\"twitter:label1\" content=\"Szacowany czas czytania\" \/>\n\t<meta name=\"twitter:data1\" content=\"2 minuty\" \/>\n<script type=\"application\/ld+json\" class=\"yoast-schema-graph\">{\"@context\":\"https:\/\/schema.org\",\"@graph\":[{\"@type\":\"WebSite\",\"@id\":\"https:\/\/temax.pl\/#website\",\"url\":\"https:\/\/temax.pl\/\",\"name\":\"Temax\",\"description\":\"Produkujemy mi\u0119dzy innymi rury o \u015brednicach od 1 do 80 mm, listwy cenowe, listwy plakatowe, profile, cz\u0119\u015bci samochodowe, artyku\u0142y reklamowe oraz artyku\u0142y gospodarstwa domowego.\",\"potentialAction\":[{\"@type\":\"SearchAction\",\"target\":{\"@type\":\"EntryPoint\",\"urlTemplate\":\"https:\/\/temax.pl\/?s={search_term_string}\"},\"query-input\":\"required name=search_term_string\"}],\"inLanguage\":\"pl-PL\"},{\"@type\":\"WebPage\",\"@id\":\"https:\/\/temax.pl\/index.php\/o-firmie\/\",\"url\":\"https:\/\/temax.pl\/index.php\/o-firmie\/\",\"name\":\"O firmie - Temax\",\"isPartOf\":{\"@id\":\"https:\/\/temax.pl\/#website\"},\"datePublished\":\"2017-10-19T06:39:51+00:00\",\"dateModified\":\"2026-02-05T10:17:49+00:00\",\"description\":\"Od ponad 30 lat tworzymy rozwi\u0105zania z tworzyw sztucznych dla przemys\u0142u i reklamy. Jako\u015b\u0107, terminowo\u015b\u0107, precyzja \u2013 poznaj nas i nasz\u0105 ofert\u0119!\",\"breadcrumb\":{\"@id\":\"https:\/\/temax.pl\/index.php\/o-firmie\/#breadcrumb\"},\"inLanguage\":\"pl-PL\",\"potentialAction\":[{\"@type\":\"ReadAction\",\"target\":[\"https:\/\/temax.pl\/index.php\/o-firmie\/\"]}]},{\"@type\":\"BreadcrumbList\",\"@id\":\"https:\/\/temax.pl\/index.php\/o-firmie\/#breadcrumb\",\"itemListElement\":[{\"@type\":\"ListItem\",\"position\":1,\"name\":\"Strona g\u0142\u00f3wna\",\"item\":\"https:\/\/temax.pl\/\"},{\"@type\":\"ListItem\",\"position\":2,\"name\":\"O firmie\"}]}]}<\/script>\n<!-- \/ Yoast SEO plugin. -->","yoast_head_json":{"title":"O firmie - Temax","description":"Od ponad 30 lat tworzymy rozwi\u0105zania z tworzyw sztucznych dla przemys\u0142u i reklamy. Jako\u015b\u0107, terminowo\u015b\u0107, precyzja \u2013 poznaj nas i nasz\u0105 ofert\u0119!","robots":{"index":"index","follow":"follow","max-snippet":"max-snippet:-1","max-image-preview":"max-image-preview:large","max-video-preview":"max-video-preview:-1"},"canonical":"https:\/\/temax.pl\/index.php\/o-firmie\/","og_locale":"pl_PL","og_type":"article","og_title":"O firmie - Temax","og_description":"Od ponad 30 lat tworzymy rozwi\u0105zania z tworzyw sztucznych dla przemys\u0142u i reklamy. Jako\u015b\u0107, terminowo\u015b\u0107, precyzja \u2013 poznaj nas i nasz\u0105 ofert\u0119!","og_url":"https:\/\/temax.pl\/index.php\/o-firmie\/","og_site_name":"Temax","article_modified_time":"2026-02-05T10:17:49+00:00","twitter_card":"summary_large_image","twitter_misc":{"Szacowany czas czytania":"2 minuty"},"schema":{"@context":"https:\/\/schema.org","@graph":[{"@type":"WebSite","@id":"https:\/\/temax.pl\/#website","url":"https:\/\/temax.pl\/","name":"Temax","description":"Produkujemy mi\u0119dzy innymi rury o \u015brednicach od 1 do 80 mm, listwy cenowe, listwy plakatowe, profile, cz\u0119\u015bci samochodowe, artyku\u0142y reklamowe oraz artyku\u0142y gospodarstwa domowego.","potentialAction":[{"@type":"SearchAction","target":{"@type":"EntryPoint","urlTemplate":"https:\/\/temax.pl\/?s={search_term_string}"},"query-input":"required name=search_term_string"}],"inLanguage":"pl-PL"},{"@type":"WebPage","@id":"https:\/\/temax.pl\/index.php\/o-firmie\/","url":"https:\/\/temax.pl\/index.php\/o-firmie\/","name":"O firmie - Temax","isPartOf":{"@id":"https:\/\/temax.pl\/#website"},"datePublished":"2017-10-19T06:39:51+00:00","dateModified":"2026-02-05T10:17:49+00:00","description":"Od ponad 30 lat tworzymy rozwi\u0105zania z tworzyw sztucznych dla przemys\u0142u i reklamy. Jako\u015b\u0107, terminowo\u015b\u0107, precyzja \u2013 poznaj nas i nasz\u0105 ofert\u0119!","breadcrumb":{"@id":"https:\/\/temax.pl\/index.php\/o-firmie\/#breadcrumb"},"inLanguage":"pl-PL","potentialAction":[{"@type":"ReadAction","target":["https:\/\/temax.pl\/index.php\/o-firmie\/"]}]},{"@type":"BreadcrumbList","@id":"https:\/\/temax.pl\/index.php\/o-firmie\/#breadcrumb","itemListElement":[{"@type":"ListItem","position":1,"name":"Strona g\u0142\u00f3wna","item":"https:\/\/temax.pl\/"},{"@type":"ListItem","position":2,"name":"O firmie"}]}]}},"_links":{"self":[{"href":"https:\/\/temax.pl\/index.php\/wp-json\/wp\/v2\/pages\/5656042"}],"collection":[{"href":"https:\/\/temax.pl\/index.php\/wp-json\/wp\/v2\/pages"}],"about":[{"href":"https:\/\/temax.pl\/index.php\/wp-json\/wp\/v2\/types\/page"}],"author":[{"embeddable":true,"href":"https:\/\/temax.pl\/index.php\/wp-json\/wp\/v2\/users\/1"}],"replies":[{"embeddable":true,"href":"https:\/\/temax.pl\/index.php\/wp-json\/wp\/v2\/comments?post=5656042"}],"version-history":[{"count":18,"href":"https:\/\/temax.pl\/index.php\/wp-json\/wp\/v2\/pages\/5656042\/revisions"}],"predecessor-version":[{"id":5656770,"href":"https:\/\/temax.pl\/index.php\/wp-json\/wp\/v2\/pages\/5656042\/revisions\/5656770"}],"wp:attachment":[{"href":"https:\/\/temax.pl\/index.php\/wp-json\/wp\/v2\/media?parent=5656042"}],"curies":[{"name":"wp","href":"https:\/\/api.w.org\/{rel}","templated":true}]}}