{"id":5656039,"date":"2017-10-19T08:19:29","date_gmt":"2017-10-19T06:19:29","guid":{"rendered":"https:\/\/norebro.clbthemes.com\/demo12\/?page_id=13148"},"modified":"2023-01-04T12:56:26","modified_gmt":"2023-01-04T11:56:26","slug":"kontakt","status":"publish","type":"page","link":"https:\/\/temax.pl\/index.php\/kontakt\/","title":{"rendered":"Kontakt"},"content":{"rendered":"[vc_row full_width=&#8221;stretch_row&#8221; use_through_lines=&#8221;1&#8243;][vc_column css=&#8221;.vc_custom_1502450761306{padding-top: 0px !important;}&#8221;][vc_empty_space height=&#8221;160px&#8221; el_class=&#8221;norebro-phone-space&#8221;][\/vc_column][\/vc_row][vc_row full_width=&#8221;stretch_row&#8221; use_through_lines=&#8221;1&#8243;][vc_column css=&#8221;.vc_custom_1502450761306{padding-top: 0px !important;}&#8221;]<div class=\"norebro-heading-sc heading text-left\"\n\tid=\"norebro-custom-69dffaebca08d\" \n\t \n\t>\n\t\n\t\t\t<p class=\"subtitle\">\n\t\t\t\t\t<\/p>\n\t\n\t\n\t<h3 class=\"title subtitle-top\">\n\t\tKontakt\t<\/h3>\n\n\t\n\t\t\n<\/div>[\/vc_column][\/vc_row][vc_row full_width=&#8221;stretch_row&#8221; use_through_lines=&#8221;1&#8243;][vc_column width=&#8221;1\/4&#8243;]<div class=\"norebro-heading-sc heading text-left\"\n\tid=\"norebro-custom-69dffaebca24f\" \n\t \n\t>\n\t\n\t\n\t\n\t<h3 class=\"title\">\n\t\tDane kontaktowe\t<\/h3>\n\n\t\n\t\t\n<\/div>[\/vc_column][vc_column width=&#8221;1\/4&#8243;]<div class=\"norebro-heading-sc heading text-left\"\n\tid=\"norebro-custom-69dffaebca372\" \n\t \n\t>\n\t\n\t\n\t\n\t<h3 class=\"title\">\n\t\tAdres siedziby i do korespondencji\t<\/h3>\n\n\t\n\t\t\t<p class=\"subtitle\">\n\t\t\t\t\t<\/p>\n\t\t\n<\/div><div class=\"norebro-text-sc \" \n\tid=\"norebro-custom-69dffaebca4a3\" \n\t \n\t>\n\n\t<p><strong>PPHU Temax Marek Tuszy\u0144ski<\/strong><br \/>\nul. Lewartowskiego 22\/13<br \/>\n00-169 Warszawa<br \/>\nNIP: 526 010 55 14<\/p>\n\t\n<\/div>[\/vc_column][vc_column width=&#8221;1\/4&#8243;]<div class=\"norebro-heading-sc heading text-left\"\n\tid=\"norebro-custom-69dffaebca601\" \n\t \n\t>\n\t\n\t\n\t\n\t<h3 class=\"title\">\n\t\tKontakt\t<\/h3>\n\n\t\n\t\t\t<p class=\"subtitle\">\n\t\t\t\t\t<\/p>\n\t\t\n<\/div><div class=\"norebro-text-sc \" \n\tid=\"norebro-custom-69dffaebca721\" \n\t \n\t>\n\n\t<p>tel. <a href=\"tel:22\u00a0635 57 72\"><strong>22\u00a0635 57 72<\/strong><\/a><br \/>\nkom. <a href=\"tel: +48 501 116 888\"><strong>+48 501 116 888<\/strong><\/a><br \/>\n<a href=\"mailto:temax@wp.pl\"><strong>temax@wp.pl<\/strong><\/a><\/p>\n\t\n<\/div>[\/vc_column][vc_column width=&#8221;1\/4&#8243;]<div class=\"norebro-heading-sc heading text-left\"\n\tid=\"norebro-custom-69dffaebca823\" \n\t \n\t>\n\t\n\t\n\t\n\t<h3 class=\"title\">\n\t\tBiuro i zak\u0142ad produkcyjny \u00a0\t<\/h3>\n\n\t\n\t\t\t<p class=\"subtitle\">\n\t\t\t\t\t<\/p>\n\t\t\n<\/div><div class=\"norebro-text-sc \" \n\tid=\"norebro-custom-69dffaebca94c\" \n\t \n\t>\n\n\t<p>Napoleona 2<br \/>\n05-230 Koby\u0142ka<\/p>\n\t\n<\/div>[\/vc_column][\/vc_row][vc_row full_width=&#8221;stretch_row&#8221; use_through_lines=&#8221;1&#8243;][vc_column width=&#8221;1\/4&#8243;]<div class=\"norebro-heading-sc heading text-left\"\n\tid=\"norebro-custom-69dffaebcaa4e\" \n\t \n\t>\n\t\n\t\n\t\n\t<h3 class=\"title\">\n\t\tFormularz kontaktowy\t<\/h3>\n\n\t\n\t\t\n<\/div>[\/vc_column][vc_column width=&#8221;3\/4&#8243;]<div class=\"norebro-contact-from-sc contact-form  text-left classic\"\n\tid=\"norebro-custom-69dffaebcab52\" \n\t \n\t>\n\n\t<div role=\"form\" class=\"wpcf7\" id=\"wpcf7-f5656165-o1\" lang=\"pl-PL\" dir=\"ltr\">\n<div class=\"screen-reader-response\"><p role=\"status\" aria-live=\"polite\" aria-atomic=\"true\"><\/p> <ul><\/ul><\/div>\n<form action=\"\/index.php\/wp-json\/wp\/v2\/pages\/5656039#wpcf7-f5656165-o1\" method=\"post\" class=\"wpcf7-form init\" novalidate=\"novalidate\" data-status=\"init\">\n<div style=\"display: none;\">\n<input type=\"hidden\" name=\"_wpcf7\" value=\"5656165\" \/>\n<input type=\"hidden\" name=\"_wpcf7_version\" value=\"5.6.1\" \/>\n<input type=\"hidden\" name=\"_wpcf7_locale\" value=\"pl_PL\" \/>\n<input type=\"hidden\" name=\"_wpcf7_unit_tag\" value=\"wpcf7-f5656165-o1\" \/>\n<input type=\"hidden\" name=\"_wpcf7_container_post\" value=\"0\" \/>\n<input type=\"hidden\" name=\"_wpcf7_posted_data_hash\" value=\"\" \/>\n<input type=\"hidden\" name=\"_wpcf7_recaptcha_response\" value=\"\" \/>\n<\/div>\n<p><label> Twoje imi\u0119<br \/>\n    <span class=\"wpcf7-form-control-wrap\" data-name=\"your-name\"><input type=\"text\" name=\"your-name\" value=\"\" size=\"40\" class=\"wpcf7-form-control wpcf7-text wpcf7-validates-as-required\" aria-required=\"true\" aria-invalid=\"false\" \/><\/span> <\/label><\/p>\n<p><label> Tw\u00f3j e-mail<br \/>\n    <span class=\"wpcf7-form-control-wrap\" data-name=\"your-email\"><input type=\"email\" name=\"your-email\" value=\"\" size=\"40\" class=\"wpcf7-form-control wpcf7-text wpcf7-email wpcf7-validates-as-required wpcf7-validates-as-email\" aria-required=\"true\" aria-invalid=\"false\" \/><\/span> <\/label><\/p>\n<p><label> Temat<br \/>\n    <span class=\"wpcf7-form-control-wrap\" data-name=\"your-subject\"><input type=\"text\" name=\"your-subject\" value=\"\" size=\"40\" class=\"wpcf7-form-control wpcf7-text wpcf7-validates-as-required\" aria-required=\"true\" aria-invalid=\"false\" \/><\/span> <\/label><\/p>\n<p><label> Tre\u015b\u0107 wiadomo\u015bci (optional)<br \/>\n    <span class=\"wpcf7-form-control-wrap\" data-name=\"your-message\"><textarea name=\"your-message\" cols=\"40\" rows=\"10\" class=\"wpcf7-form-control wpcf7-textarea\" aria-invalid=\"false\"><\/textarea><\/span> <\/label><\/p>\n<p><span class=\"wpcf7-form-control-wrap\" data-name=\"acceptance-782\"><span class=\"wpcf7-form-control wpcf7-acceptance\"><span class=\"wpcf7-list-item\"><label><input type=\"checkbox\" name=\"acceptance-782\" value=\"1\" aria-invalid=\"false\" \/><span class=\"wpcf7-list-item-label\">Zapozna\u0142em si\u0119 i akceptuj\u0119 polityk\u0119 prywatno\u015bci<\/span><\/label><\/span><\/span><\/span><\/p>\n<p><input type=\"submit\" value=\"Wy\u015blij\" class=\"wpcf7-form-control has-spinner wpcf7-submit\" \/><\/p>\n<p style=\"display: none !important;\"><label>&#916;<textarea name=\"_wpcf7_ak_hp_textarea\" cols=\"45\" rows=\"8\" maxlength=\"100\"><\/textarea><\/label><input type=\"hidden\" id=\"ak_js_1\" name=\"_wpcf7_ak_js\" value=\"61\"\/><script>document.getElementById( \"ak_js_1\" ).setAttribute( \"value\", ( new Date() ).getTime() );<\/script><\/p><div class=\"wpcf7-response-output\" aria-hidden=\"true\"><\/div><\/form><\/div>\n\t<div class=\"hidden\" data-contact-btn=\"true\">\n\t\t<button class=\"btn  btn-outline\">\n\t\t\t<span class=\"btn-load\"><\/span>\n\t\t\t<span class=\"text\"><\/span>\n\t\t<\/button>\n\t<\/div>\n<\/div>[\/vc_column][\/vc_row][vc_row full_width=&#8221;stretch_row&#8221; use_through_lines=&#8221;1&#8243;][vc_column css=&#8221;.vc_custom_1502450761306{padding-top: 0px !important;}&#8221;][vc_empty_space height=&#8221;80px&#8221; el_class=&#8221;norebro-phone-space&#8221;][\/vc_column][\/vc_row][vc_row full_width=&#8221;stretch_row_content_no_spaces&#8221; css=&#8221;.vc_custom_1607688693351{margin-bottom: -20px !important;}&#8221;][vc_column][vc_column_text]<iframe style=\"border: 0;\" tabindex=\"0\" src=\"https:\/\/www.google.com\/maps\/embed?pb=!1m18!1m12!1m3!1d2050.2013488111443!2d21.19543882751698!3d52.33207738706088!2m3!1f0!2f0!3f0!3m2!1i1024!2i768!4f13.1!3m3!1m2!1s0x471ed1a278840603%3A0xe487be8eaf27c2a8!2sTemax.%20Profile%20i%20rurki%20z%20tworzyw%20sztucznych!5e0!3m2!1spl!2spl!4v1613395318690!5m2!1spl!2spl\" width=\"1920\" height=\"650\" frameborder=\"0\" allowfullscreen=\"allowfullscreen\" aria-hidden=\"false\"><\/iframe>[\/vc_column_text][\/vc_column][\/vc_row]\n","protected":false},"excerpt":{"rendered":"<p>[vc_row full_width=&#8221;stretch_row&#8221; use_through_lines=&#8221;1&#8243;][vc_column css=&#8221;.vc_custom_1502450761306{padding-top: 0px !important;}&#8221;][vc_empty_space height=&#8221;160px&#8221; el_class=&#8221;norebro-phone-space&#8221;][\/vc_column][\/vc_row][vc_row full_width=&#8221;stretch_row&#8221; use_through_lines=&#8221;1&#8243;][vc_column css=&#8221;.vc_custom_1502450761306{padding-top: 0px !important;}&#8221;][\/vc_column][\/vc_row][vc_row full_width=&#8221;stretch_row&#8221;&#8230;<\/p>\n","protected":false},"author":1,"featured_media":0,"parent":0,"menu_order":0,"comment_status":"closed","ping_status":"closed","template":"","meta":[],"yoast_head":"<!-- This site is optimized with the Yoast SEO plugin v19.3 - https:\/\/yoast.com\/wordpress\/plugins\/seo\/ -->\n<title>Kontakt - Temax<\/title>\n<meta name=\"robots\" content=\"index, follow, max-snippet:-1, max-image-preview:large, max-video-preview:-1\" \/>\n<link rel=\"canonical\" href=\"https:\/\/temax.pl\/index.php\/kontakt\/\" \/>\n<meta property=\"og:locale\" content=\"pl_PL\" \/>\n<meta property=\"og:type\" content=\"article\" \/>\n<meta property=\"og:title\" content=\"Kontakt - Temax\" \/>\n<meta property=\"og:description\" content=\"[vc_row full_width=&#8221;stretch_row&#8221; use_through_lines=&#8221;1&#8243;][vc_column css=&#8221;.vc_custom_1502450761306{padding-top: 0px !important;}&#8221;][vc_empty_space height=&#8221;160px&#8221; el_class=&#8221;norebro-phone-space&#8221;][\/vc_column][\/vc_row][vc_row full_width=&#8221;stretch_row&#8221; use_through_lines=&#8221;1&#8243;][vc_column css=&#8221;.vc_custom_1502450761306{padding-top: 0px !important;}&#8221;][\/vc_column][\/vc_row][vc_row full_width=&#8221;stretch_row&#8221;...\" \/>\n<meta property=\"og:url\" content=\"https:\/\/temax.pl\/index.php\/kontakt\/\" \/>\n<meta property=\"og:site_name\" content=\"Temax\" \/>\n<meta property=\"article:modified_time\" content=\"2023-01-04T11:56:26+00:00\" \/>\n<meta name=\"twitter:card\" content=\"summary_large_image\" \/>\n<meta name=\"twitter:label1\" content=\"Szacowany czas czytania\" \/>\n\t<meta name=\"twitter:data1\" content=\"2 minuty\" \/>\n<script type=\"application\/ld+json\" class=\"yoast-schema-graph\">{\"@context\":\"https:\/\/schema.org\",\"@graph\":[{\"@type\":\"WebSite\",\"@id\":\"https:\/\/temax.pl\/#website\",\"url\":\"https:\/\/temax.pl\/\",\"name\":\"Temax\",\"description\":\"Produkujemy mi\u0119dzy innymi rury o \u015brednicach od 1 do 80 mm, listwy cenowe, listwy plakatowe, profile, cz\u0119\u015bci samochodowe, artyku\u0142y reklamowe oraz artyku\u0142y gospodarstwa domowego.\",\"potentialAction\":[{\"@type\":\"SearchAction\",\"target\":{\"@type\":\"EntryPoint\",\"urlTemplate\":\"https:\/\/temax.pl\/?s={search_term_string}\"},\"query-input\":\"required name=search_term_string\"}],\"inLanguage\":\"pl-PL\"},{\"@type\":\"WebPage\",\"@id\":\"https:\/\/temax.pl\/index.php\/kontakt\/\",\"url\":\"https:\/\/temax.pl\/index.php\/kontakt\/\",\"name\":\"Kontakt - Temax\",\"isPartOf\":{\"@id\":\"https:\/\/temax.pl\/#website\"},\"datePublished\":\"2017-10-19T06:19:29+00:00\",\"dateModified\":\"2023-01-04T11:56:26+00:00\",\"breadcrumb\":{\"@id\":\"https:\/\/temax.pl\/index.php\/kontakt\/#breadcrumb\"},\"inLanguage\":\"pl-PL\",\"potentialAction\":[{\"@type\":\"ReadAction\",\"target\":[\"https:\/\/temax.pl\/index.php\/kontakt\/\"]}]},{\"@type\":\"BreadcrumbList\",\"@id\":\"https:\/\/temax.pl\/index.php\/kontakt\/#breadcrumb\",\"itemListElement\":[{\"@type\":\"ListItem\",\"position\":1,\"name\":\"Strona g\u0142\u00f3wna\",\"item\":\"https:\/\/temax.pl\/\"},{\"@type\":\"ListItem\",\"position\":2,\"name\":\"Kontakt\"}]}]}<\/script>\n<!-- \/ Yoast SEO plugin. -->","yoast_head_json":{"title":"Kontakt - Temax","robots":{"index":"index","follow":"follow","max-snippet":"max-snippet:-1","max-image-preview":"max-image-preview:large","max-video-preview":"max-video-preview:-1"},"canonical":"https:\/\/temax.pl\/index.php\/kontakt\/","og_locale":"pl_PL","og_type":"article","og_title":"Kontakt - Temax","og_description":"[vc_row full_width=&#8221;stretch_row&#8221; use_through_lines=&#8221;1&#8243;][vc_column css=&#8221;.vc_custom_1502450761306{padding-top: 0px !important;}&#8221;][vc_empty_space height=&#8221;160px&#8221; el_class=&#8221;norebro-phone-space&#8221;][\/vc_column][\/vc_row][vc_row full_width=&#8221;stretch_row&#8221; use_through_lines=&#8221;1&#8243;][vc_column css=&#8221;.vc_custom_1502450761306{padding-top: 0px !important;}&#8221;][\/vc_column][\/vc_row][vc_row full_width=&#8221;stretch_row&#8221;...","og_url":"https:\/\/temax.pl\/index.php\/kontakt\/","og_site_name":"Temax","article_modified_time":"2023-01-04T11:56:26+00:00","twitter_card":"summary_large_image","twitter_misc":{"Szacowany czas czytania":"2 minuty"},"schema":{"@context":"https:\/\/schema.org","@graph":[{"@type":"WebSite","@id":"https:\/\/temax.pl\/#website","url":"https:\/\/temax.pl\/","name":"Temax","description":"Produkujemy mi\u0119dzy innymi rury o \u015brednicach od 1 do 80 mm, listwy cenowe, listwy plakatowe, profile, cz\u0119\u015bci samochodowe, artyku\u0142y reklamowe oraz artyku\u0142y gospodarstwa domowego.","potentialAction":[{"@type":"SearchAction","target":{"@type":"EntryPoint","urlTemplate":"https:\/\/temax.pl\/?s={search_term_string}"},"query-input":"required name=search_term_string"}],"inLanguage":"pl-PL"},{"@type":"WebPage","@id":"https:\/\/temax.pl\/index.php\/kontakt\/","url":"https:\/\/temax.pl\/index.php\/kontakt\/","name":"Kontakt - Temax","isPartOf":{"@id":"https:\/\/temax.pl\/#website"},"datePublished":"2017-10-19T06:19:29+00:00","dateModified":"2023-01-04T11:56:26+00:00","breadcrumb":{"@id":"https:\/\/temax.pl\/index.php\/kontakt\/#breadcrumb"},"inLanguage":"pl-PL","potentialAction":[{"@type":"ReadAction","target":["https:\/\/temax.pl\/index.php\/kontakt\/"]}]},{"@type":"BreadcrumbList","@id":"https:\/\/temax.pl\/index.php\/kontakt\/#breadcrumb","itemListElement":[{"@type":"ListItem","position":1,"name":"Strona g\u0142\u00f3wna","item":"https:\/\/temax.pl\/"},{"@type":"ListItem","position":2,"name":"Kontakt"}]}]}},"_links":{"self":[{"href":"https:\/\/temax.pl\/index.php\/wp-json\/wp\/v2\/pages\/5656039"}],"collection":[{"href":"https:\/\/temax.pl\/index.php\/wp-json\/wp\/v2\/pages"}],"about":[{"href":"https:\/\/temax.pl\/index.php\/wp-json\/wp\/v2\/types\/page"}],"author":[{"embeddable":true,"href":"https:\/\/temax.pl\/index.php\/wp-json\/wp\/v2\/users\/1"}],"replies":[{"embeddable":true,"href":"https:\/\/temax.pl\/index.php\/wp-json\/wp\/v2\/comments?post=5656039"}],"version-history":[{"count":13,"href":"https:\/\/temax.pl\/index.php\/wp-json\/wp\/v2\/pages\/5656039\/revisions"}],"predecessor-version":[{"id":5656616,"href":"https:\/\/temax.pl\/index.php\/wp-json\/wp\/v2\/pages\/5656039\/revisions\/5656616"}],"wp:attachment":[{"href":"https:\/\/temax.pl\/index.php\/wp-json\/wp\/v2\/media?parent=5656039"}],"curies":[{"name":"wp","href":"https:\/\/api.w.org\/{rel}","templated":true}]}}